{"id":1268,"date":"2012-12-19T17:43:27","date_gmt":"2012-12-19T17:43:27","guid":{"rendered":"http:\/\/ecomuseosonllado.com\/?page_id=1268"},"modified":"2023-02-23T19:07:50","modified_gmt":"2023-02-23T19:07:50","slug":"klanglandschaften","status":"publish","type":"page","link":"https:\/\/ecomuseosonllado.com\/de\/projekt\/klanglandschaften\/","title":{"rendered":"Klanglandschaften"},"content":{"rendered":"<div class=\"fsn-row full-width-row fsn-69e08ffa8f815 light\" style=\"background-repeat:repeat;background-position:left top;background-attachment:scroll;background-size:auto;\"><div class=\"container-fluid\"><div class=\"row\"><div class=\"col-sm-12\"><div class=\"fsn-column-inner fsn-69e08ffa8f920 light\"><div class=\"fsn-text fsn-69e08ffa8f9ea\">\n<div class=\"fusion-fullwidth fullwidth-box fusion-builder-row-1 fusion-flex-container hundred-percent-fullwidth non-hundred-percent-height-scrolling\" style=\"--awb-border-radius-top-left: 0px; --awb-border-radius-top-right: 0px; --awb-border-radius-bottom-right: 0px; --awb-border-radius-bottom-left: 0px; --awb-overflow: visible;\">\n<div class=\"fusion-builder-row fusion-row fusion-flex-align-items-flex-start\" style=\"width: 104% !important; max-width: 104% !important; margin-left: calc(-4% \/ 2 ); margin-right: calc(-4% \/ 2 );\">\n<div class=\"fusion-layout-column fusion_builder_column fusion-builder-column-0 fusion_builder_column_1_2 1_2 fusion-flex-column\" style=\"--awb-bg-size: cover; --awb-width-large: 50%; --awb-margin-top-large: 0px; --awb-spacing-right-large: 3.84%; --awb-margin-bottom-large: 0px; --awb-spacing-left-large: 3.84%; --awb-width-medium: 100%; --awb-spacing-right-medium: 1.92%; --awb-spacing-left-medium: 1.92%; --awb-width-small: 100%; --awb-spacing-right-small: 1.92%; --awb-spacing-left-small: 1.92%;\">\n<div class=\"fusion-column-wrapper fusion-flex-justify-content-flex-start fusion-content-layout-column\">\n<div class=\"fusion-text fusion-text-1\">\n<h3 style=\"text-align: justify;\">Bei der Dokumentation und Investigation rund um das ethnografische Komuseum des l\u00e4ndlichen Erbes von Campos wurden eine Reihe von Tonaufnahmen, die die landwirtschaftliche T\u00e4tigkeit im Laufe der Geschichte gepr\u00e4gt haben, erfasst und bearbeitet.<br \/>\nDaher k\u00f6nnen diese Kl\u00e4nge in Regionen, die soziale und wirtschaftliche Ver\u00e4nderungen aufzeigen, wie es hier der Fall ist, als Instrument der Umwelt- und Kulturanalyse dienen.<br \/>\nGenau, wie der kulturelle Reichtum und die traditionellen Werte ein Teil der Identit\u00e4t einer Landschaft wie campos ist, so sind es auch die mit der Natur verkn\u00fcpften Kl\u00e4nge und s\u00e4mtliche Aktivit\u00e4ten in den l\u00e4ndlichen Gebieten.<\/h3>\n<h3 style=\"text-align: justify;\">All dies hat einen Wert, der nicht ausreichend gew\u00fcrdigt wird, wenn wir an die Sch\u00f6nheit der Landschaft im l\u00e4ndlichen Raum denken, die sich gleichzeitig auch zunehmend verwandelt. In der Tat, wenn Sie an eine Landschaft denken, werden in der Regel Bilder oder Szenen heraufbeschworen, als ob sie aus einem statischen Bild gezeichnet w\u00fcrden. Systematisch ignorieren wir den Klangteil, der an die Landschaft gekoppelt ist, auch wenn er sie in den meisten F\u00e4llen.<br \/>\nDas ethnographische \u00d6komuseum des l\u00e4ndlichen Erbes Campos wird genau das Konzept des Klangs wiederherstellen, das Denken \u00fcber die Interaktion, die in dem Dorf in den letzten Jahrzehnten zwischen Natur, menschlichen Aktivit\u00e4ten, sozialen Ph\u00e4nomene und physikalischen Eigenschaften der l\u00e4ndlichen Umgebung stattgefunden hat. Das Ziel ist es, alle diese Variablen hinzuzuf\u00fcgen, um die Wahrnehmung der Besucher in Bezug darauf zu \u00e4ndern, was in nur einem einfachen Foto oder visuellen Bild zu sehen ist.<\/h3>\n<\/div>\n<\/div>\n<\/div>\n<div class=\"fusion-layout-column fusion_builder_column fusion-builder-column-1 fusion_builder_column_1_2 1_2 fusion-flex-column\" style=\"--awb-bg-size: cover; --awb-width-large: 50%; --awb-margin-top-large: 0px; --awb-spacing-right-large: 3.84%; --awb-margin-bottom-large: 0px; --awb-spacing-left-large: 3.84%; --awb-width-medium: 100%; --awb-spacing-right-medium: 1.92%; --awb-spacing-left-medium: 1.92%; --awb-width-small: 100%; --awb-spacing-right-small: 1.92%; --awb-spacing-left-small: 1.92%;\">\n<div class=\"fusion-column-wrapper fusion-flex-justify-content-flex-start fusion-content-layout-column\">\n<div class=\"fusion-image-element \" style=\"--awb-caption-title-size: var(--h2_typography-font-size); --awb-caption-title-transform: var(--h2_typography-text-transform); --awb-caption-title-line-height: var(--h2_typography-line-height); --awb-caption-title-letter-spacing: var(--h2_typography-letter-spacing);\"><span class=\" fusion-imageframe imageframe-none imageframe-1 hover-type-none\"><img decoding=\"async\" class=\"lazyload img-responsive\" src=\"data:image\/gif;base64,R0lGODlhAQABAAAAACH5BAEKAAEALAAAAAABAAEAAAICTAEAOw==\" data-orig-src=\"http:\/\/ecomuseosonllado.com\/wp-content\/uploads\/2012\/12\/paisajes-sonoros.jpg\" alt=\"\" \/><\/span><\/div>\n<\/div>\n<\/div>\n<div class=\"fusion-layout-column fusion_builder_column fusion-builder-column-2 fusion_builder_column_1_1 1_1 fusion-flex-column fusion-flex-align-self-flex-start fusion-column-no-min-height\" style=\"--awb-bg-size: cover; --awb-width-large: 100%; --awb-margin-top-large: 0px; --awb-spacing-right-large: 1.92%; --awb-margin-bottom-large: 0px; --awb-spacing-left-large: 1.92%; --awb-width-medium: 100%; --awb-spacing-right-medium: 1.92%; --awb-spacing-left-medium: 1.92%; --awb-width-small: 100%; --awb-spacing-right-small: 1.92%; --awb-spacing-left-small: 1.92%;\">\n<div class=\"fusion-column-wrapper fusion-flex-justify-content-flex-start fusion-content-layout-column\">\n<div class=\"fusion-separator fusion-full-width-sep\" style=\"align-self: center; width: 100%; margin: 8px auto 8px auto;\">\n<div class=\"fusion-separator-border sep-single sep-solid\" style=\"--awb-height: 20px; --awb-amount: 20px; border-color: var(--awb-color3); border-top-width: 0px;\"><\/div>\n<\/div>\n<div class=\"fusion-text fusion-text-2\">\n<h3 style=\"text-align: justify;\">Ziel des \u00d6komuseums ist es auch, diese Tonaufzeichnungen im Bildungsbereich als Mittel zum kognitiven Lernen f\u00fcr Kinder zu verwenden, konzentriert auf aktives Zuh\u00f6ren, die Stille, die Erzeugung der Kl\u00e4nge und ihrer Lage in Raum und Zeit, mit der notwendigen Dosis an Aufmerksamkeit, Konzentration, Ged\u00e4chtnis, Sprachentwicklung und Empathie, die daf\u00fcr erforderlich ist.<br \/>\nP\u00e4dagogische Workshops, die geplant sind, werden eine Komponente des Bewusstmachens und Lernen mittels Kl\u00e4ngen haben.<\/h3>\n<\/div>\n<div class=\"fusion-separator fusion-full-width-sep\" style=\"align-self: center; width: 100%; margin: 8px auto 8px auto;\"><\/div>\n<\/div>\n<\/div>\n<div class=\"fusion-layout-column fusion_builder_column fusion-builder-column-3 fusion_builder_column_1_1 1_1 fusion-flex-column fusion-flex-align-self-flex-start fusion-column-no-min-height\" style=\"--awb-bg-size: cover; --awb-width-large: 100%; --awb-margin-top-large: 0px; --awb-spacing-right-large: 1.92%; --awb-margin-bottom-large: 0px; --awb-spacing-left-large: 1.92%; --awb-width-medium: 100%; --awb-spacing-right-medium: 1.92%; --awb-spacing-left-medium: 1.92%; --awb-width-small: 100%; --awb-spacing-right-small: 1.92%; --awb-spacing-left-small: 1.92%;\">\n<div class=\"fusion-column-wrapper fusion-flex-justify-content-flex-start fusion-content-layout-column\">\n<div class=\"fusion-title title fusion-title-1 fusion-title-text fusion-title-size-one\">\n<div class=\"title-sep-container title-sep-container-left fusion-no-large-visibility fusion-no-medium-visibility fusion-no-small-visibility\">\n<div class=\"title-sep sep-single sep-solid\" style=\"border-color: var(--awb-color3);\"><\/div>\n<\/div>\n<h1 class=\"title-heading-left fusion-responsive-typography-calculated\" style=\"margin: 0; --fontsize: 70; line-height: var(--awb-typography1-line-height);\"><\/h1>\n<p>&nbsp;<\/p>\n<div class=\"title-sep-container title-sep-container-right\">\n<div class=\"title-sep sep-single sep-solid\" style=\"border-color: var(--awb-color3);\"><\/div>\n<\/div>\n<\/div>\n<\/div>\n<\/div>\n<div class=\"fusion-layout-column fusion_builder_column fusion-builder-column-4 fusion_builder_column_1_1 1_1 fusion-flex-column fusion-flex-align-self-flex-start fusion-column-no-min-height\" style=\"--awb-bg-size: cover; --awb-width-large: 100%; --awb-margin-top-large: 0px; --awb-spacing-right-large: 1.92%; --awb-margin-bottom-large: 0px; --awb-spacing-left-large: 1.92%; --awb-width-medium: 100%; --awb-spacing-right-medium: 1.92%; --awb-spacing-left-medium: 1.92%; --awb-width-small: 100%; --awb-spacing-right-small: 1.92%; --awb-spacing-left-small: 1.92%;\">\n<div class=\"fusion-column-wrapper fusion-flex-justify-content-flex-start fusion-content-layout-column\">\n<div class=\"fusion-soundcloud\"><\/div>\n<\/div>\n<\/div>\n<div class=\"fusion-layout-column fusion_builder_column fusion-builder-column-5 fusion_builder_column_1_1 1_1 fusion-flex-column fusion-flex-align-self-flex-start fusion-column-no-min-height\" style=\"--awb-bg-size: cover; --awb-width-large: 100%; --awb-margin-top-large: 0px; --awb-spacing-right-large: 1.92%; --awb-margin-bottom-large: 0px; --awb-spacing-left-large: 1.92%; --awb-width-medium: 100%; --awb-spacing-right-medium: 1.92%; --awb-spacing-left-medium: 1.92%; --awb-width-small: 100%; --awb-spacing-right-small: 1.92%; --awb-spacing-left-small: 1.92%;\">\n<div class=\"fusion-column-wrapper fusion-flex-justify-content-flex-start fusion-content-layout-column\">\n<div class=\"fusion-soundcloud\"><\/div>\n<\/div>\n<\/div>\n<div class=\"fusion-layout-column fusion_builder_column fusion-builder-column-6 fusion_builder_column_1_1 1_1 fusion-flex-column fusion-flex-align-self-flex-start fusion-column-no-min-height\" style=\"--awb-bg-size: cover; --awb-width-large: 100%; --awb-margin-top-large: 0px; --awb-spacing-right-large: 1.92%; --awb-margin-bottom-large: 0px; --awb-spacing-left-large: 1.92%; --awb-width-medium: 100%; --awb-spacing-right-medium: 1.92%; --awb-spacing-left-medium: 1.92%; --awb-width-small: 100%; --awb-spacing-right-small: 1.92%; --awb-spacing-left-small: 1.92%;\">\n<div class=\"fusion-column-wrapper fusion-flex-justify-content-flex-start fusion-content-layout-column\">\n<div class=\"fusion-soundcloud\"><\/div>\n<\/div>\n<\/div>\n<div class=\"fusion-layout-column fusion_builder_column fusion-builder-column-7 fusion_builder_column_1_1 1_1 fusion-flex-column fusion-flex-align-self-flex-start fusion-column-no-min-height\" style=\"--awb-bg-size: cover; --awb-width-large: 100%; --awb-margin-top-large: 0px; --awb-spacing-right-large: 1.92%; --awb-margin-bottom-large: 0px; --awb-spacing-left-large: 1.92%; --awb-width-medium: 100%; --awb-spacing-right-medium: 1.92%; --awb-spacing-left-medium: 1.92%; --awb-width-small: 100%; --awb-spacing-right-small: 1.92%; --awb-spacing-left-small: 1.92%;\">\n<div class=\"fusion-column-wrapper fusion-flex-justify-content-flex-start fusion-content-layout-column\">\n<div class=\"fusion-soundcloud\"><\/div>\n<\/div>\n<\/div>\n<div class=\"fusion-layout-column fusion_builder_column fusion-builder-column-8 fusion_builder_column_1_1 1_1 fusion-flex-column fusion-flex-align-self-flex-start fusion-column-no-min-height\" style=\"--awb-bg-size: cover; --awb-width-large: 100%; --awb-margin-top-large: 0px; --awb-spacing-right-large: 1.92%; --awb-margin-bottom-large: 0px; --awb-spacing-left-large: 1.92%; --awb-width-medium: 100%; --awb-spacing-right-medium: 1.92%; --awb-spacing-left-medium: 1.92%; --awb-width-small: 100%; --awb-spacing-right-small: 1.92%; --awb-spacing-left-small: 1.92%;\">\n<div class=\"fusion-column-wrapper fusion-flex-justify-content-flex-start fusion-content-layout-column\">\n<div class=\"fusion-soundcloud\"><\/div>\n<\/div>\n<\/div>\n<div class=\"fusion-layout-column fusion_builder_column fusion-builder-column-9 fusion_builder_column_1_1 1_1 fusion-flex-column fusion-flex-align-self-flex-start fusion-column-no-min-height\" style=\"--awb-bg-size: cover; --awb-width-large: 100%; --awb-margin-top-large: 0px; --awb-spacing-right-large: 1.92%; --awb-margin-bottom-large: 0px; --awb-spacing-left-large: 1.92%; --awb-width-medium: 100%; --awb-spacing-right-medium: 1.92%; --awb-spacing-left-medium: 1.92%; --awb-width-small: 100%; --awb-spacing-right-small: 1.92%; --awb-spacing-left-small: 1.92%;\">\n<div class=\"fusion-column-wrapper fusion-flex-justify-content-flex-start fusion-content-layout-column\">\n<div class=\"fusion-soundcloud\"><\/div>\n<\/div>\n<\/div>\n<div class=\"fusion-layout-column fusion_builder_column fusion-builder-column-10 fusion_builder_column_1_1 1_1 fusion-flex-column fusion-flex-align-self-flex-start fusion-column-no-min-height\" style=\"--awb-bg-size: cover; --awb-width-large: 100%; --awb-margin-top-large: 0px; --awb-spacing-right-large: 1.92%; --awb-margin-bottom-large: 0px; --awb-spacing-left-large: 1.92%; --awb-width-medium: 100%; --awb-spacing-right-medium: 1.92%; --awb-spacing-left-medium: 1.92%; --awb-width-small: 100%; --awb-spacing-right-small: 1.92%; --awb-spacing-left-small: 1.92%;\">\n<div class=\"fusion-column-wrapper fusion-flex-justify-content-flex-start fusion-content-layout-column\">\n<div class=\"fusion-soundcloud\"><\/div>\n<\/div>\n<\/div>\n<div class=\"fusion-layout-column fusion_builder_column fusion-builder-column-11 fusion_builder_column_1_1 1_1 fusion-flex-column fusion-flex-align-self-flex-start fusion-column-no-min-height\" style=\"--awb-bg-size: cover; --awb-width-large: 100%; --awb-margin-top-large: 0px; --awb-spacing-right-large: 1.92%; --awb-margin-bottom-large: 0px; --awb-spacing-left-large: 1.92%; --awb-width-medium: 100%; --awb-spacing-right-medium: 1.92%; --awb-spacing-left-medium: 1.92%; --awb-width-small: 100%; --awb-spacing-right-small: 1.92%; --awb-spacing-left-small: 1.92%;\">\n<div class=\"fusion-column-wrapper fusion-flex-justify-content-flex-start fusion-content-layout-column\">\n<div class=\"fusion-soundcloud\"><\/div>\n<\/div>\n<\/div>\n<div class=\"fusion-layout-column fusion_builder_column fusion-builder-column-12 fusion_builder_column_1_1 1_1 fusion-flex-column fusion-flex-align-self-flex-start fusion-column-no-min-height\" style=\"--awb-bg-size: cover; --awb-width-large: 100%; --awb-margin-top-large: 0px; --awb-spacing-right-large: 1.92%; --awb-margin-bottom-large: 0px; --awb-spacing-left-large: 1.92%; --awb-width-medium: 100%; --awb-spacing-right-medium: 1.92%; --awb-spacing-left-medium: 1.92%; --awb-width-small: 100%; --awb-spacing-right-small: 1.92%; --awb-spacing-left-small: 1.92%;\">\n<div class=\"fusion-column-wrapper fusion-flex-justify-content-flex-start fusion-content-layout-column\">\n<div class=\"fusion-soundcloud\"><\/div>\n<\/div>\n<\/div>\n<\/div>\n<\/div>\n<\/div><\/div><\/div><\/div><\/div><\/div>\n","protected":false},"excerpt":{"rendered":"","protected":false},"author":1,"featured_media":0,"parent":1265,"menu_order":0,"comment_status":"open","ping_status":"open","template":"","meta":{"footnotes":""},"class_list":["post-1268","page","type-page","status-publish","hentry"],"acf":[],"_links":{"self":[{"href":"https:\/\/ecomuseosonllado.com\/de\/wp-json\/wp\/v2\/pages\/1268"}],"collection":[{"href":"https:\/\/ecomuseosonllado.com\/de\/wp-json\/wp\/v2\/pages"}],"about":[{"href":"https:\/\/ecomuseosonllado.com\/de\/wp-json\/wp\/v2\/types\/page"}],"author":[{"embeddable":true,"href":"https:\/\/ecomuseosonllado.com\/de\/wp-json\/wp\/v2\/users\/1"}],"replies":[{"embeddable":true,"href":"https:\/\/ecomuseosonllado.com\/de\/wp-json\/wp\/v2\/comments?post=1268"}],"version-history":[{"count":4,"href":"https:\/\/ecomuseosonllado.com\/de\/wp-json\/wp\/v2\/pages\/1268\/revisions"}],"predecessor-version":[{"id":2684,"href":"https:\/\/ecomuseosonllado.com\/de\/wp-json\/wp\/v2\/pages\/1268\/revisions\/2684"}],"up":[{"embeddable":true,"href":"https:\/\/ecomuseosonllado.com\/de\/wp-json\/wp\/v2\/pages\/1265"}],"wp:attachment":[{"href":"https:\/\/ecomuseosonllado.com\/de\/wp-json\/wp\/v2\/media?parent=1268"}],"curies":[{"name":"wp","href":"https:\/\/api.w.org\/{rel}","templated":true}]}}