{"id":1265,"date":"2016-09-10T17:48:40","date_gmt":"2016-09-10T17:48:40","guid":{"rendered":"http:\/\/ecomuseosonllado.com\/?page_id=1265"},"modified":"2023-02-21T16:55:06","modified_gmt":"2023-02-21T16:55:06","slug":"projekt","status":"publish","type":"page","link":"https:\/\/ecomuseosonllado.com\/de\/projekt\/","title":{"rendered":"Projekt"},"content":{"rendered":"<p><div class=\"fusion-fullwidth fullwidth-box fusion-builder-row-1 fusion-flex-container nonhundred-percent-fullwidth non-hundred-percent-height-scrolling\" style=\"--awb-background-position:left top;--awb-border-radius-top-left:0px;--awb-border-radius-top-right:0px;--awb-border-radius-bottom-right:0px;--awb-border-radius-bottom-left:0px;--awb-padding-top:20px;--awb-padding-right:0px;--awb-padding-bottom:20px;--awb-padding-left:0px;--awb-border-sizes-top:0px;--awb-border-sizes-bottom:0px;\" ><div class=\"fusion-builder-row fusion-row fusion-flex-align-items-flex-start\" style=\"max-width:1144px;margin-left: calc(-4% \/ 2 );margin-right: calc(-4% \/ 2 );\"><div class=\"fusion-layout-column fusion_builder_column fusion-builder-column-0 fusion_builder_column_1_1 1_1 fusion-flex-column fusion-flex-align-self-flex-start fusion-column-no-min-height\" style=\"--awb-bg-size:cover;--awb-width-large:100%;--awb-margin-top-large:0px;--awb-spacing-right-large:1.92%;--awb-margin-bottom-large:0px;--awb-spacing-left-large:1.92%;--awb-width-medium:100%;--awb-spacing-right-medium:1.92%;--awb-spacing-left-medium:1.92%;--awb-width-small:100%;--awb-spacing-right-small:1.92%;--awb-spacing-left-small:1.92%;\"><div class=\"fusion-column-wrapper fusion-flex-justify-content-flex-start fusion-content-layout-column\"><div class=\"fusion-image-element \" style=\"--awb-caption-title-size:var(--h2_typography-font-size);--awb-caption-title-transform:var(--h2_typography-text-transform);--awb-caption-title-line-height:var(--h2_typography-line-height);--awb-caption-title-letter-spacing:var(--h2_typography-letter-spacing);\"><span class=\" fusion-imageframe imageframe-none imageframe-1 hover-type-none\"><img decoding=\"async\" alt=\"ecomuseo son llad\u00f3\" src=\"data:image\/gif;base64,R0lGODlhAQABAAAAACH5BAEKAAEALAAAAAABAAEAAAICTAEAOw==\" data-orig-src=\"http:\/\/ecomuseosonllado.com\/wp-content\/uploads\/2012\/12\/ecomuseo-general1.jpg\" class=\"lazyload img-responsive\"\/><\/span><\/div><div class=\"fusion-separator fusion-full-width-sep\" style=\"align-self: center;margin-left: auto;margin-right: auto;margin-top:8px;margin-bottom:8px;width:100%;\"><\/div><div class=\"fusion-text fusion-text-1\"><h3 style=\"text-align: justify;\">Das ethnografische \u00d6komuseum von Campos ist eine Initiative von und f\u00fcr den Agrotourismus Son Llad\u00f3. Dies ist eine innovative Initiative mit einem dreifachen Aspket : \u00f6kologisch, ethnographisch und kulturell, mit dem Hauptziel , das materielle und nicht materiellen Erbe der landwirtschaftlichen Traditionen der Gemeinde Campos zu w\u00fcrdigen, die eindeutig in Gefahr sind zu verschwinden.<\/h3>\n<\/div><div class=\"fusion-separator fusion-full-width-sep\" style=\"align-self: center;margin-left: auto;margin-right: auto;margin-top:8px;margin-bottom:8px;width:100%;\"><\/div><\/div><\/div><div class=\"fusion-layout-column fusion_builder_column fusion-builder-column-1 fusion_builder_column_1_3 1_3 fusion-flex-column\" style=\"--awb-bg-size:cover;--awb-width-large:33.333333333333%;--awb-margin-top-large:0px;--awb-spacing-right-large:5.76%;--awb-margin-bottom-large:0px;--awb-spacing-left-large:5.76%;--awb-width-medium:100%;--awb-spacing-right-medium:1.92%;--awb-spacing-left-medium:1.92%;--awb-width-small:100%;--awb-spacing-right-small:1.92%;--awb-spacing-left-small:1.92%;\"><div class=\"fusion-column-wrapper fusion-flex-justify-content-flex-start fusion-content-layout-column\"><div class=\"fusion-counters-circle counters-circle\" data-animationOffset=\"top-into-view\"><div class=\"counter-circle-wrapper\" style=\"--awb-font-size:56.818181818182px;--awb-size:250px;\" data-originalsize=\"250\"><div class=\"fusion-counter-circle counter-circle counter-circle-content\" data-percent=\"100\" data-countdown=\"\" data-filledcolor=\"rgba(43,112,125,1)\" data-unfilledcolor=\"rgba(250,249,246,1)\" data-scale=\"\" data-size=\"250\" data-speed=\"1500\" data-strokesize=\"12.5\"><div class=\"fusion-counter-circle-content-inner\">\u00d6kologie<\/div><\/div><\/div><\/div><\/div><\/div><div class=\"fusion-layout-column fusion_builder_column fusion-builder-column-2 fusion_builder_column_1_3 1_3 fusion-flex-column\" style=\"--awb-bg-size:cover;--awb-width-large:33.333333333333%;--awb-margin-top-large:0px;--awb-spacing-right-large:5.76%;--awb-margin-bottom-large:0px;--awb-spacing-left-large:5.76%;--awb-width-medium:100%;--awb-spacing-right-medium:1.92%;--awb-spacing-left-medium:1.92%;--awb-width-small:100%;--awb-spacing-right-small:1.92%;--awb-spacing-left-small:1.92%;\"><div class=\"fusion-column-wrapper fusion-flex-justify-content-flex-start fusion-content-layout-column\"><div class=\"fusion-counters-circle counters-circle\" data-animationOffset=\"top-into-view\"><div class=\"counter-circle-wrapper\" style=\"--awb-font-size:56.818181818182px;--awb-size:250px;\" data-originalsize=\"250\"><div class=\"fusion-counter-circle counter-circle counter-circle-content\" data-percent=\"100\" data-countdown=\"\" data-filledcolor=\"rgba(43,112,125,1)\" data-unfilledcolor=\"rgba(250,249,246,1)\" data-scale=\"\" data-size=\"250\" data-speed=\"1500\" data-strokesize=\"12.5\"><div class=\"fusion-counter-circle-content-inner\">Ethnografie<\/div><\/div><\/div><\/div><\/div><\/div><div class=\"fusion-layout-column fusion_builder_column fusion-builder-column-3 fusion_builder_column_1_3 1_3 fusion-flex-column\" style=\"--awb-bg-size:cover;--awb-width-large:33.333333333333%;--awb-margin-top-large:0px;--awb-spacing-right-large:5.76%;--awb-margin-bottom-large:0px;--awb-spacing-left-large:5.76%;--awb-width-medium:100%;--awb-spacing-right-medium:1.92%;--awb-spacing-left-medium:1.92%;--awb-width-small:100%;--awb-spacing-right-small:1.92%;--awb-spacing-left-small:1.92%;\"><div class=\"fusion-column-wrapper fusion-flex-justify-content-flex-start fusion-content-layout-column\"><div class=\"fusion-counters-circle counters-circle\" data-animationOffset=\"top-into-view\"><div class=\"counter-circle-wrapper\" style=\"--awb-font-size:56.818181818182px;--awb-size:250px;\" data-originalsize=\"250\"><div class=\"fusion-counter-circle counter-circle counter-circle-content\" data-percent=\"100\" data-countdown=\"\" data-filledcolor=\"rgba(43,112,125,1)\" data-unfilledcolor=\"rgba(250,249,246,1)\" data-scale=\"\" data-size=\"250\" data-speed=\"1500\" data-strokesize=\"12.5\"><div class=\"fusion-counter-circle-content-inner\">Kultur<\/div><\/div><\/div><\/div><\/div><\/div><div class=\"fusion-layout-column fusion_builder_column fusion-builder-column-4 fusion_builder_column_1_1 1_1 fusion-flex-column fusion-flex-align-self-flex-start fusion-column-no-min-height\" style=\"--awb-bg-size:cover;--awb-width-large:100%;--awb-margin-top-large:0px;--awb-spacing-right-large:1.92%;--awb-margin-bottom-large:0px;--awb-spacing-left-large:1.92%;--awb-width-medium:100%;--awb-spacing-right-medium:1.92%;--awb-spacing-left-medium:1.92%;--awb-width-small:100%;--awb-spacing-right-small:1.92%;--awb-spacing-left-small:1.92%;\"><div class=\"fusion-column-wrapper fusion-flex-justify-content-flex-start fusion-content-layout-column\"><div class=\"fusion-separator fusion-full-width-sep\" style=\"align-self: center;margin-left: auto;margin-right: auto;margin-top:8px;margin-bottom:8px;width:100%;\"><\/div><\/div><\/div><\/div><\/div><div class=\"fusion-fullwidth fullwidth-box fusion-builder-row-2 fusion-flex-container hundred-percent-fullwidth non-hundred-percent-height-scrolling\" style=\"--awb-border-radius-top-left:0px;--awb-border-radius-top-right:0px;--awb-border-radius-bottom-right:0px;--awb-border-radius-bottom-left:0px;--awb-overflow:visible;\" ><div class=\"fusion-builder-row fusion-row fusion-flex-align-items-flex-start\" style=\"width:calc( 100% + 0px ) !important;max-width:calc( 100% + 0px ) !important;margin-left: calc(-0px \/ 2 );margin-right: calc(-0px \/ 2 );\"><div class=\"fusion-layout-column fusion_builder_column fusion-builder-column-5 fusion_builder_column_1_1 1_1 fusion-flex-column fusion-flex-align-self-flex-start fusion-column-no-min-height\" style=\"--awb-bg-size:cover;--awb-width-large:100%;--awb-margin-top-large:0px;--awb-spacing-right-large:0px;--awb-margin-bottom-large:0px;--awb-spacing-left-large:0px;--awb-width-medium:100%;--awb-spacing-right-medium:0px;--awb-spacing-left-medium:0px;--awb-width-small:100%;--awb-spacing-right-small:0px;--awb-spacing-left-small:0px;\"><div class=\"fusion-column-wrapper fusion-flex-justify-content-flex-start fusion-content-layout-column\"><div class=\"fusion-text fusion-text-2\"><h3 style=\"text-align: justify;\">Es ist eine wichtige Aufgabe, dieses Erbe und das damit verkn\u00fcpfte \u201eknow-how\u201c zu erhalten.<br \/>\nNoch leben die letzten Generationen, die dieses Wissen haben, und dessen Verschwinden w\u00fcrde den Verlust der biologischen Vielfalt im Zusammenhang mit der traditionellen Kultur von Campos bedeuten.<br \/>\nDabei muss in einem mehrdiemensionalen Ansatz gearbeitet werden. F\u00fcr einen Agrotourismus wie Son Llad\u00f3, der von einer \u00f6kologisch und kulturell gut erhaltenen Umgebung abh\u00e4ngt, ist es fast eine Verpflichtung, eine f\u00fchrende Rolle bei der Erhaltung dieses Ziels einzunehmen, was zweifellos die M\u00f6glichkeiten vergr\u00f6\u00dfert, das touristische Angebot zu erweitern und dadurch attraktiver und authentischer macht.<\/h3>\n<\/div><div class=\"fusion-image-element \" style=\"--awb-caption-title-size:var(--h2_typography-font-size);--awb-caption-title-transform:var(--h2_typography-text-transform);--awb-caption-title-line-height:var(--h2_typography-line-height);--awb-caption-title-letter-spacing:var(--h2_typography-letter-spacing);\"><span class=\" fusion-imageframe imageframe-none imageframe-2 hover-type-none\"><img decoding=\"async\" alt=\"ecomuseo son llad\u00f3\" src=\"data:image\/gif;base64,R0lGODlhAQABAAAAACH5BAEKAAEALAAAAAABAAEAAAICTAEAOw==\" data-orig-src=\"http:\/\/ecomuseosonllado.com\/wp-content\/uploads\/2012\/12\/proyecto.jpg\" class=\"lazyload img-responsive\"\/><\/span><\/div><div class=\"fusion-separator fusion-full-width-sep\" style=\"align-self: center;margin-left: auto;margin-right: auto;margin-top:12px;margin-bottom:8px;width:100%;\"><\/div><\/div><\/div><div class=\"fusion-layout-column fusion_builder_column fusion-builder-column-6 fusion_builder_column_1_1 1_1 fusion-flex-column fusion-flex-align-self-flex-start fusion-column-no-min-height\" style=\"--awb-bg-size:cover;--awb-width-large:100%;--awb-margin-top-large:0px;--awb-spacing-right-large:0px;--awb-margin-bottom-large:0px;--awb-spacing-left-large:0px;--awb-width-medium:100%;--awb-spacing-right-medium:0px;--awb-spacing-left-medium:0px;--awb-width-small:100%;--awb-spacing-right-small:0px;--awb-spacing-left-small:0px;\"><div class=\"fusion-column-wrapper fusion-flex-justify-content-flex-start fusion-content-layout-column\"><div class=\"fusion-title title fusion-title-1 fusion-title-text fusion-title-size-one\"><div class=\"title-sep-container title-sep-container-left fusion-no-large-visibility fusion-no-medium-visibility fusion-no-small-visibility\"><div class=\"title-sep sep-single sep-solid\" style=\"border-color:var(--awb-color3);\"><\/div><\/div><span class=\"awb-title-spacer fusion-no-large-visibility fusion-no-medium-visibility fusion-no-small-visibility\"><\/span><h1 class=\"title-heading-left fusion-responsive-typography-calculated\" style=\"margin:0;--fontSize:70;line-height:var(--awb-typography1-line-height);\">Leistungen<\/h1><span class=\"awb-title-spacer\"><\/span><div class=\"title-sep-container title-sep-container-right\"><div class=\"title-sep sep-single sep-solid\" style=\"border-color:var(--awb-color3);\"><\/div><\/div><\/div><\/div><\/div><div class=\"fusion-layout-column fusion_builder_column fusion-builder-column-7 fusion_builder_column_1_1 1_1 fusion-flex-column fusion-flex-align-self-flex-start fusion-column-no-min-height\" style=\"--awb-bg-size:cover;--awb-width-large:100%;--awb-margin-top-large:0px;--awb-spacing-right-large:0px;--awb-margin-bottom-large:0px;--awb-spacing-left-large:0px;--awb-width-medium:100%;--awb-spacing-right-medium:0px;--awb-spacing-left-medium:0px;--awb-width-small:100%;--awb-spacing-right-small:0px;--awb-spacing-left-small:0px;\"><div class=\"fusion-column-wrapper fusion-flex-justify-content-flex-start fusion-content-layout-column\"><div class=\"fusion-content-boxes content-boxes columns row fusion-columns-2 fusion-columns-total-2 fusion-content-boxes-1 content-boxes-icon-on-top content-left\" style=\"--awb-hover-accent-color:var(--awb-color4);--awb-circle-hover-accent-color:var(--awb-color4);\" data-animationOffset=\"top-into-view\"><div style=\"--awb-backgroundcolor:rgba(255,255,255,0);\" class=\"fusion-column content-box-column content-box-column content-box-column-1 col-lg-6 col-md-6 col-sm-6 fusion-content-box-hover content-box-column-first-in-row\"><div class=\"col content-box-wrapper content-wrapper link-area-link-icon content-icon-wrapper-yes icon-hover-animation-fade\" data-animationOffset=\"top-into-view\"><div class=\"heading heading-with-icon icon-left\"><div aria-hidden=\"true\" class=\"image\"><img decoding=\"async\" class=\"lazyload\" src=\"data:image\/svg+xml,%3Csvg%20xmlns%3D%27http%3A%2F%2Fwww.w3.org%2F2000%2Fsvg%27%20width%3D%27532%27%20height%3D%27532%27%20viewBox%3D%270%200%20532%20532%27%3E%3Crect%20width%3D%27532%27%20height%3D%27532%27%20fill-opacity%3D%220%22%2F%3E%3C%2Fsvg%3E\" data-orig-src=\"http:\/\/ecomuseosonllado.com\/wp-content\/uploads\/2012\/12\/espacios.jpg\" width=\"532\" height=\"532\" alt=\"\" \/><\/div><h2 class=\"content-box-heading fusion-responsive-typography-calculated\" style=\"--h2_typography-font-size:24px;--fontSize:24;line-height:1.5;\">1. Konditionierung der R\u00e4umlichkeiten<\/h2><\/div><div class=\"fusion-clearfix\"><\/div><div class=\"content-container\">\n<h4 style=\"text-align: justify;\">Wiederherstellen eines Teils der Scheune und der landwirtschaftlichen Lagerhalle f\u00fcr den Einsatz als Messehallen des \u00d6komuseums. Die Reproduktion einer traditionellen Bauernhofbew\u00e4sserung der Gemeinde Campos aus den 50er Jahren mit einem sinnbildlichen Brunnen, zuerst restauriert und dann mit einer der ersten Extraktionsausr\u00fcstung von Campos installiert, basierend auf Kolbenpumpen, von Dieselmotoren angetrieben. Au\u00dfeninstallation einer traditionellen Windm\u00fchle, voll ausgestattet, um Wasser in einen bestehenden Teich zu pumpen. Zwei authentische ikonische Symbole der Landschaft von Campos, unerl\u00e4sslich, um in situ die Realit\u00e4t und Identit\u00e4t der Gemeinde zu verstehen. Der verbleibende Raum wird mit Maschinen, Werkzeugen und Utensilien, deren t\u00e4glicher Gebrauch im Laufe der Zeit verschwunden ist, die Szenen aufzeigen wie die Schlachtungen, die Weinherstellung oder verschiedene landwirtschaftliche Arbeiten.<\/h4>\n<\/div><\/div><\/div><div style=\"--awb-backgroundcolor:rgba(255,255,255,0);\" class=\"fusion-column content-box-column content-box-column content-box-column-2 col-lg-6 col-md-6 col-sm-6 fusion-content-box-hover content-box-column-last content-box-column-last-in-row\"><div class=\"col content-box-wrapper content-wrapper link-area-link-icon content-icon-wrapper-yes icon-hover-animation-fade\" data-animationOffset=\"top-into-view\"><div class=\"heading heading-with-icon icon-left\"><div aria-hidden=\"true\" class=\"image\"><img decoding=\"async\" class=\"lazyload\" src=\"data:image\/svg+xml,%3Csvg%20xmlns%3D%27http%3A%2F%2Fwww.w3.org%2F2000%2Fsvg%27%20width%3D%27532%27%20height%3D%27532%27%20viewBox%3D%270%200%20532%20532%27%3E%3Crect%20width%3D%27532%27%20height%3D%27532%27%20fill-opacity%3D%220%22%2F%3E%3C%2Fsvg%3E\" data-orig-src=\"http:\/\/ecomuseosonllado.com\/wp-content\/uploads\/2012\/12\/personajes.jpg\" width=\"532\" height=\"532\" alt=\"\" \/><\/div><h2 class=\"content-box-heading fusion-responsive-typography-calculated\" style=\"--h2_typography-font-size:24px;--fontSize:24;line-height:1.5;\">2. Untersuchung und Dokumentation<\/h2><\/div><div class=\"fusion-clearfix\"><\/div><div class=\"content-container\">\n<h4 style=\"text-align: justify;\">Im Hinblick auf den touristischen Projektwert gab es schon in der Phase vor der Er\u00f6ffnung des \u00d6komuseums eine intensive Arbeit der Dokumentationsarbeit mit Informationen und mittels Fotografien. Es wurden alte Maschinen und Werkzeuge wiederhergestellt und pers\u00f6nliche Interviews durchgef\u00fchrt. Vor allem war es wichtig, mit den wichtigsten Akteuren in der l\u00e4ndlichen Gemeinde Campos, wie den Bauern, Schmieden und Mechanikern, die bereits in einem fortgeschrittenen Alter sind und deren Know-how f\u00fcr landwirtschaftliche Praktiken es zu sichern galt. Aus dieser Forschung und Dokumentation, hat sich ein Glossar mit Begriffen, traditionellen und historischen Werkzeuge und damit verbundenen Techniken entwickelt, die als Achstreiber zuk\u00fcnftiger Touren und Auff\u00fchrungen im \u00d6komuseum dienen.<\/h4>\n<\/div><\/div><\/div><div class=\"fusion-clearfix\"><\/div><\/div><\/div><\/div><div class=\"fusion-layout-column fusion_builder_column fusion-builder-column-8 fusion_builder_column_1_1 1_1 fusion-flex-column fusion-flex-align-self-flex-start fusion-column-no-min-height\" style=\"--awb-bg-size:cover;--awb-width-large:100%;--awb-margin-top-large:0px;--awb-spacing-right-large:0px;--awb-margin-bottom-large:0px;--awb-spacing-left-large:0px;--awb-width-medium:100%;--awb-spacing-right-medium:0px;--awb-spacing-left-medium:0px;--awb-width-small:100%;--awb-spacing-right-small:0px;--awb-spacing-left-small:0px;\"><div class=\"fusion-column-wrapper fusion-flex-justify-content-flex-start fusion-content-layout-column\"><div class=\"fusion-content-boxes content-boxes columns row fusion-columns-2 fusion-columns-total-2 fusion-content-boxes-2 content-boxes-icon-on-top content-left\" style=\"--awb-hover-accent-color:var(--awb-color4);--awb-circle-hover-accent-color:var(--awb-color4);\" data-animationOffset=\"top-into-view\"><div style=\"--awb-backgroundcolor:rgba(255,255,255,0);\" class=\"fusion-column content-box-column content-box-column content-box-column-1 col-lg-6 col-md-6 col-sm-6 fusion-content-box-hover content-box-column-first-in-row\"><div class=\"col content-box-wrapper content-wrapper link-area-link-icon content-icon-wrapper-yes icon-hover-animation-fade\" data-animationOffset=\"top-into-view\"><div class=\"heading heading-with-icon icon-left\"><div aria-hidden=\"true\" class=\"image\"><img decoding=\"async\" class=\"lazyload\" src=\"data:image\/svg+xml,%3Csvg%20xmlns%3D%27http%3A%2F%2Fwww.w3.org%2F2000%2Fsvg%27%20width%3D%27532%27%20height%3D%27532%27%20viewBox%3D%270%200%20532%20532%27%3E%3Crect%20width%3D%27532%27%20height%3D%27532%27%20fill-opacity%3D%220%22%2F%3E%3C%2Fsvg%3E\" data-orig-src=\"http:\/\/ecomuseosonllado.com\/wp-content\/uploads\/2012\/12\/educacion.jpg\" width=\"532\" height=\"532\" alt=\"\" \/><\/div><h2 class=\"content-box-heading fusion-responsive-typography-calculated\" style=\"--h2_typography-font-size:24px;--fontSize:24;line-height:1.5;\">3. Der Bildungsbereich<\/h2><\/div><div class=\"fusion-clearfix\"><\/div><div class=\"content-container\">\n<h4 style=\"text-align: justify;\">Die p\u00e4dagogische Aspekt wird einer der Eckpfeiler des Projekts sein. Das Ziel ist, in verschiedenen Unterrichtseinheiten zu arbeiten, die zuk\u00fcnftigen Inhalte anzupassen an die Besuche von Schulklassen, und vom fr\u00fchen Alter an eine Bildungskomponente zu entwickeln, was die Wertsch\u00e4tzung der l\u00e4ndlichen Identit\u00e4t angeht, in denen Kinder auf praktische Weise Fragen im Zusammenhang mit Naturerbe, Kultur und ethnographischen Werten erlernen k\u00f6nnen. Dies wird dazu beitragen, bei Kindern eine offene und tolerante Haltung gegen\u00fcber anderen zu schaffen, wird ihre Neugier f\u00fcr alles erweitern, was ihrem sozialen Umfeld fremd ist. Dies legt den Grundstein f\u00fcr verantwortungsbewusstes Reisen und erleicht die Integration an Orten, die man in Zukunft besucht.<\/h4>\n<\/div><\/div><\/div><div style=\"--awb-backgroundcolor:rgba(255,255,255,0);\" class=\"fusion-column content-box-column content-box-column content-box-column-2 col-lg-6 col-md-6 col-sm-6 fusion-content-box-hover content-box-column-last content-box-column-last-in-row\"><div class=\"col content-box-wrapper content-wrapper link-area-link-icon content-icon-wrapper-yes icon-hover-animation-fade\" data-animationOffset=\"top-into-view\"><div class=\"heading heading-with-icon icon-left\"><div aria-hidden=\"true\" class=\"image\"><img decoding=\"async\" class=\"lazyload\" src=\"data:image\/svg+xml,%3Csvg%20xmlns%3D%27http%3A%2F%2Fwww.w3.org%2F2000%2Fsvg%27%20width%3D%27532%27%20height%3D%27532%27%20viewBox%3D%270%200%20532%20532%27%3E%3Crect%20width%3D%27532%27%20height%3D%27532%27%20fill-opacity%3D%220%22%2F%3E%3C%2Fsvg%3E\" data-orig-src=\"http:\/\/ecomuseosonllado.com\/wp-content\/uploads\/2012\/12\/paisajismo-comestible.jpg\" width=\"532\" height=\"532\" alt=\"\" \/><\/div><h2 class=\"content-box-heading fusion-responsive-typography-calculated\" style=\"--h2_typography-font-size:24px;--fontSize:24;line-height:1.5;\">4. Genie\u00dfbarer Landschaftsbau<\/h2><\/div><div class=\"fusion-clearfix\"><\/div><div class=\"content-container\">\n<h4 style=\"text-align: justify;\">Das Ziel ist die Umsetzung eines nachhaltigen Landwirtschafts- und Viehzucht System, angepasst an die realen Gegebenheiten der Umwelt, nach dem Schema der Permakultur, in dem man die Methoden und Techniken f\u00fcr die Gestaltung eines essbaren Waldes anwendet. All dies, um in der Lage zu sein, ein landwirtschaftliches \u00d6kosystem zu reproduzieren, das Lebensmittel produziert und \u00f6kologischen Reichtum bietet.<\/h4>\n<\/div><\/div><\/div><div class=\"fusion-clearfix\"><\/div><\/div><\/div><\/div><\/div><\/div><\/p>\n","protected":false},"excerpt":{"rendered":"","protected":false},"author":1,"featured_media":0,"parent":0,"menu_order":0,"comment_status":"open","ping_status":"open","template":"","meta":{"footnotes":""},"class_list":["post-1265","page","type-page","status-publish","hentry"],"acf":[],"_links":{"self":[{"href":"https:\/\/ecomuseosonllado.com\/de\/wp-json\/wp\/v2\/pages\/1265"}],"collection":[{"href":"https:\/\/ecomuseosonllado.com\/de\/wp-json\/wp\/v2\/pages"}],"about":[{"href":"https:\/\/ecomuseosonllado.com\/de\/wp-json\/wp\/v2\/types\/page"}],"author":[{"embeddable":true,"href":"https:\/\/ecomuseosonllado.com\/de\/wp-json\/wp\/v2\/users\/1"}],"replies":[{"embeddable":true,"href":"https:\/\/ecomuseosonllado.com\/de\/wp-json\/wp\/v2\/comments?post=1265"}],"version-history":[{"count":1,"href":"https:\/\/ecomuseosonllado.com\/de\/wp-json\/wp\/v2\/pages\/1265\/revisions"}],"predecessor-version":[{"id":2487,"href":"https:\/\/ecomuseosonllado.com\/de\/wp-json\/wp\/v2\/pages\/1265\/revisions\/2487"}],"wp:attachment":[{"href":"https:\/\/ecomuseosonllado.com\/de\/wp-json\/wp\/v2\/media?parent=1265"}],"curies":[{"name":"wp","href":"https:\/\/api.w.org\/{rel}","templated":true}]}}