{"id":1260,"date":"2016-09-10T10:19:16","date_gmt":"2016-09-10T10:19:16","guid":{"rendered":"http:\/\/ecomuseosonllado.com\/?page_id=1260"},"modified":"2023-02-21T16:55:07","modified_gmt":"2023-02-21T16:55:07","slug":"die-einheimischen-tierrassen","status":"publish","type":"page","link":"https:\/\/ecomuseosonllado.com\/de\/die-einheimischen-tierrassen\/","title":{"rendered":"Die einheimischen Tierrassen"},"content":{"rendered":"<p><div class=\"fusion-fullwidth fullwidth-box fusion-builder-row-1 fusion-flex-container hundred-percent-fullwidth non-hundred-percent-height-scrolling\" style=\"--awb-border-radius-top-left:0px;--awb-border-radius-top-right:0px;--awb-border-radius-bottom-right:0px;--awb-border-radius-bottom-left:0px;--awb-overflow:visible;\" ><div class=\"fusion-builder-row fusion-row fusion-flex-align-items-flex-start\" style=\"width:104% !important;max-width:104% !important;margin-left: calc(-4% \/ 2 );margin-right: calc(-4% \/ 2 );\"><div class=\"fusion-layout-column fusion_builder_column fusion-builder-column-0 fusion_builder_column_1_4 1_4 fusion-flex-column\" style=\"--awb-bg-size:cover;--awb-width-large:25%;--awb-margin-top-large:0px;--awb-spacing-right-large:3.84%;--awb-margin-bottom-large:0px;--awb-spacing-left-large:7.68%;--awb-width-medium:100%;--awb-spacing-right-medium:1.92%;--awb-spacing-left-medium:1.92%;--awb-width-small:100%;--awb-spacing-right-small:1.92%;--awb-spacing-left-small:1.92%;\"><div class=\"fusion-column-wrapper fusion-flex-justify-content-flex-start fusion-content-layout-column\"><div class=\"fusion-image-element \" style=\"text-align:center;--awb-caption-title-size:var(--h2_typography-font-size);--awb-caption-title-transform:var(--h2_typography-text-transform);--awb-caption-title-line-height:var(--h2_typography-line-height);--awb-caption-title-letter-spacing:var(--h2_typography-letter-spacing);\"><span class=\" fusion-imageframe imageframe-none imageframe-1 hover-type-none fusion-animated\" data-animationType=\"fadeInDown\" data-animationDuration=\"0.1\" data-animationOffset=\"top-into-view\"><img decoding=\"async\" src=\"data:image\/gif;base64,R0lGODlhAQABAAAAACH5BAEKAAEALAAAAAABAAEAAAICTAEAOw==\" data-orig-src=\"http:\/\/ecomuseosonllado.com\/wp-content\/uploads\/2015\/04\/111.jpg\" alt class=\"lazyload img-responsive\"\/><\/span><\/div><\/div><\/div><div class=\"fusion-layout-column fusion_builder_column fusion-builder-column-1 fusion_builder_column_3_4 3_4 fusion-flex-column\" style=\"--awb-bg-size:cover;--awb-width-large:75%;--awb-margin-top-large:0px;--awb-spacing-right-large:2.56%;--awb-margin-bottom-large:0px;--awb-spacing-left-large:3.84%;--awb-width-medium:100%;--awb-spacing-right-medium:1.92%;--awb-spacing-left-medium:1.92%;--awb-width-small:100%;--awb-spacing-right-small:1.92%;--awb-spacing-left-small:1.92%;\"><div class=\"fusion-column-wrapper fusion-flex-justify-content-flex-start fusion-content-layout-column\"><div class=\"fusion-image-element \" style=\"text-align:center;--awb-caption-title-size:var(--h2_typography-font-size);--awb-caption-title-transform:var(--h2_typography-text-transform);--awb-caption-title-line-height:var(--h2_typography-line-height);--awb-caption-title-letter-spacing:var(--h2_typography-letter-spacing);\"><span class=\" fusion-imageframe imageframe-none imageframe-2 hover-type-none fusion-animated\" data-animationType=\"fadeInDown\" data-animationDuration=\"0.1\" data-animationOffset=\"top-into-view\"><img decoding=\"async\" src=\"data:image\/gif;base64,R0lGODlhAQABAAAAACH5BAEKAAEALAAAAAABAAEAAAICTAEAOw==\" data-orig-src=\"http:\/\/ecomuseosonllado.com\/wp-content\/uploads\/2015\/04\/11-races-v2.jpg\" alt class=\"lazyload img-responsive\"\/><\/span><\/div><\/div><\/div><div class=\"fusion-layout-column fusion_builder_column fusion-builder-column-2 fusion_builder_column_1_1 1_1 fusion-flex-column fusion-flex-align-self-flex-start fusion-column-no-min-height\" style=\"--awb-bg-size:cover;--awb-width-large:100%;--awb-margin-top-large:0px;--awb-spacing-right-large:1.92%;--awb-margin-bottom-large:0px;--awb-spacing-left-large:1.92%;--awb-width-medium:100%;--awb-spacing-right-medium:1.92%;--awb-spacing-left-medium:1.92%;--awb-width-small:100%;--awb-spacing-right-small:1.92%;--awb-spacing-left-small:1.92%;\"><div class=\"fusion-column-wrapper fusion-flex-justify-content-flex-start fusion-content-layout-column\"><div class=\"fusion-separator fusion-full-width-sep\" style=\"align-self: center;margin-left: auto;margin-right: auto;margin-top:8px;margin-bottom:8px;width:100%;\"><\/div><\/div><\/div><\/div><\/div><div class=\"fusion-fullwidth fullwidth-box fusion-builder-row-2 fusion-flex-container nonhundred-percent-fullwidth non-hundred-percent-height-scrolling\" style=\"--awb-background-position:left top;--awb-border-radius-top-left:0px;--awb-border-radius-top-right:0px;--awb-border-radius-bottom-right:0px;--awb-border-radius-bottom-left:0px;--awb-padding-top:20px;--awb-padding-right:0px;--awb-padding-bottom:20px;--awb-padding-left:0px;--awb-border-sizes-top:0px;--awb-border-sizes-bottom:0px;\" ><div class=\"fusion-builder-row fusion-row fusion-flex-align-items-flex-start\" style=\"max-width:calc( 1100px + 0px );margin-left: calc(-0px \/ 2 );margin-right: calc(-0px \/ 2 );\"><div class=\"fusion-layout-column fusion_builder_column fusion-builder-column-3 fusion_builder_column_1_1 1_1 fusion-flex-column fusion-flex-align-self-flex-start fusion-column-no-min-height\" style=\"--awb-bg-size:cover;--awb-width-large:100%;--awb-margin-top-large:0px;--awb-spacing-right-large:0px;--awb-margin-bottom-large:0px;--awb-spacing-left-large:0px;--awb-width-medium:100%;--awb-spacing-right-medium:0px;--awb-spacing-left-medium:0px;--awb-width-small:100%;--awb-spacing-right-small:0px;--awb-spacing-left-small:0px;\"><div class=\"fusion-column-wrapper fusion-flex-justify-content-flex-start fusion-content-layout-column\"><div class=\"fusion-text fusion-text-1\"><h3>Das Ziel vom Landhotel Son Llad\u00f3 ist es,\u00a0die landwirtschaftlichen Aktivit\u00e4ten durch den Tourismus, der auch\u00a0auf dem Bauernhof stattfindet, sichtbar zu machen. Der Gast erlebt\u00a0auf\u00a0ganz nat\u00fcrliche Weise aus erster Hand den landwirtschaftlichen Alltag \u2013 wohl wissend, dass all dies immer stattfindet, ob Touristen da sind oder nicht.<\/h3>\n<p>&nbsp;<\/p>\n<h3 style=\"text-align: justify;\">Dabei geht es darum, dem klassischen Konzept des Museums zu entkommen, das es in vielen Bauernhofschulen und agrotouristischen- und Landhotels gibt, um das Wesen der ruralen mallorquinischen Welt durch authentische Erfahrungen kennenzulernen. In diesem Sinne konnte das Ethnografische Museum gar nicht umhin, auf die einheimischen Tierrassen aufmerksam zu machen, die es hier gibt &#8211; geschaffen von und f\u00fcr die Region, in der sie angesiedelt sind.<\/h3>\n<\/div><div class=\"fusion-separator fusion-full-width-sep\" style=\"align-self: center;margin-left: auto;margin-right: auto;margin-top:8px;margin-bottom:8px;width:100%;\"><\/div><\/div><\/div><div class=\"fusion-layout-column fusion_builder_column fusion-builder-column-4 fusion_builder_column_1_1 1_1 fusion-flex-column fusion-flex-align-self-flex-start fusion-column-no-min-height\" style=\"--awb-bg-size:cover;--awb-width-large:100%;--awb-margin-top-large:0px;--awb-spacing-right-large:0px;--awb-margin-bottom-large:0px;--awb-spacing-left-large:0px;--awb-width-medium:100%;--awb-spacing-right-medium:0px;--awb-spacing-left-medium:0px;--awb-width-small:100%;--awb-spacing-right-small:0px;--awb-spacing-left-small:0px;\"><div class=\"fusion-column-wrapper fusion-flex-justify-content-flex-start fusion-content-layout-column\"><div class=\"fusion-soundcloud\"><iframe scrolling=\"no\" frameborder=\"no\" width=\"100%\" height=\"180\" allow=\"autoplay\" src=\"https:\/\/w.soundcloud.com\/player\/?url=https:\/\/soundcloud.com\/ecomuseo-son-llado\/sonidos-en-la-granja-animales-campos-mallorca&amp;auto_play=false&amp;hide_related=true&amp;show_comments=true&amp;show_user=true&amp;show_reposts=false&amp;visual=false&amp;color=165a93\" title=\"soundcloud\"><\/iframe><\/div><\/div><\/div><\/div><\/div><div class=\"fusion-fullwidth fullwidth-box fusion-builder-row-3 fusion-flex-container hundred-percent-fullwidth non-hundred-percent-height-scrolling\" style=\"--awb-border-radius-top-left:0px;--awb-border-radius-top-right:0px;--awb-border-radius-bottom-right:0px;--awb-border-radius-bottom-left:0px;--awb-overflow:visible;\" ><div class=\"fusion-builder-row fusion-row fusion-flex-align-items-flex-start\" style=\"width:calc( 100% + 0px ) !important;max-width:calc( 100% + 0px ) !important;margin-left: calc(-0px \/ 2 );margin-right: calc(-0px \/ 2 );\"><div class=\"fusion-layout-column fusion_builder_column fusion-builder-column-5 fusion_builder_column_1_1 1_1 fusion-flex-column fusion-flex-align-self-flex-start fusion-column-no-min-height\" style=\"--awb-bg-size:cover;--awb-width-large:100%;--awb-margin-top-large:0px;--awb-spacing-right-large:0px;--awb-margin-bottom-large:0px;--awb-spacing-left-large:0px;--awb-width-medium:100%;--awb-spacing-right-medium:0px;--awb-spacing-left-medium:0px;--awb-width-small:100%;--awb-spacing-right-small:0px;--awb-spacing-left-small:0px;\"><div class=\"fusion-column-wrapper fusion-flex-justify-content-flex-start fusion-content-layout-column\"><div class=\"fusion-text fusion-text-2\"><h3 style=\"text-align: justify;\">Die wachsende Rinderindustrie\u00a0in Campos rund um die unz\u00e4hligen Molkereien entwickelte sich mit der Friesischen Kuh als Standard &#8211; die &#8222;ber\u00fchmte&#8220; wei\u00dfe und schwarze Kuhhaut, die urspr\u00fcnglich aus Holland stammt. Die Friesen gilt\u00a0als eine der besten Milchrassen, die jedoch auch Ressourcen verbraucht &#8211; insbesondere Wasser.\u00a0Die Rasse der mallorquinischen Kuh mit braunem Fell, die von rosa bis fast schwarz variiert ist hingegen rustikaler, kr\u00e4ftig, fruchtbar\u00a0und haben einen gro\u00dfen Mutterinstinkt. Sie sind an die zur Verf\u00fcgung stehende Futter\u00a0auf der Insel angepasst, auch wenn sie viel weniger Milch produzieren und kleiner sind (das Gewicht der ausgewachsenen weiblichen K\u00fche betr\u00e4gt zwischen 300 und 350 kg). Trotz einer 1000-j\u00e4hrigen\u00a0Pr\u00e4senz auf der Insel (nach den \u00dcberresten, die man in den Talaiots gefunden hat, mehr als zweitausend Jahre), existieren sie nur noch in geringer Anzahl und sind immer vom Aussterben bedroht. Tats\u00e4chlich\u00a0gibt es sie nur noch dank ihres Nutzens bei der Vegetationskontrolle, besonders in den Randgebieten der Berge und der Lagunen.<\/h3>\n<\/div><div class=\"fusion-image-element \" style=\"text-align:center;--awb-caption-title-size:var(--h2_typography-font-size);--awb-caption-title-transform:var(--h2_typography-text-transform);--awb-caption-title-line-height:var(--h2_typography-line-height);--awb-caption-title-letter-spacing:var(--h2_typography-letter-spacing);\"><span class=\" fusion-imageframe imageframe-none imageframe-3 hover-type-none fusion-animated\" data-animationType=\"fadeInDown\" data-animationDuration=\"0.1\" data-animationOffset=\"top-into-view\"><img decoding=\"async\" src=\"data:image\/gif;base64,R0lGODlhAQABAAAAACH5BAEKAAEALAAAAAABAAEAAAICTAEAOw==\" data-orig-src=\"http:\/\/ecomuseosonllado.com\/wp-content\/uploads\/2015\/04\/vaca-mallorquina.jpg\" alt class=\"lazyload img-responsive\"\/><\/span><\/div><div class=\"fusion-text fusion-text-3\"><h3 style=\"text-align: justify;\">Die mallorquinische Kuh ist auch keine Standardreferenz der Fleischproduktion, obwohl Zucht- und Mast durch traditionelle Beweidung in ihrer l\u00e4ndlichen Umgebung hervorragende Ergebnisse erzielt. Ein entscheidendes Plus dieser Rasse liegt in dem Umweltbeitrag, der Erhaltung und \u00dcbermittlung des ganzen Wissens um diese Rasse und die Ausgewogenheit in der\u00a0Verwaltung\u00a0des Territoriums.<\/h3>\n<h3 style=\"text-align: justify;\">Lebensmittel\u00a0aus landwirtschaftlicher Erzeugung\u00a0k\u00f6nnen zu einem Wahrzeichen eines Ortes, einer Region sowie all seiner Einwohner werden\u00a0werden. Die Milch der friesischen Kuh wird heute in unz\u00e4hligen Orten auf der ganzen Welt hergestellt und verbraucht. Das Fleisch der mallorquinischen Kuh gibt es dagegen ausschlie\u00dflich\u00a0auf Mallorca und wird von der Bev\u00f6lkerung\u00a0sowie\u00a0den Besuchern sehr gesch\u00e4tzt.<\/h3>\n<\/div><div class=\"fusion-image-element \" style=\"text-align:center;--awb-caption-title-size:var(--h2_typography-font-size);--awb-caption-title-transform:var(--h2_typography-text-transform);--awb-caption-title-line-height:var(--h2_typography-line-height);--awb-caption-title-letter-spacing:var(--h2_typography-letter-spacing);\"><span class=\" fusion-imageframe imageframe-none imageframe-4 hover-type-none fusion-animated\" data-animationType=\"fadeInDown\" data-animationDuration=\"0.1\" data-animationOffset=\"top-into-view\"><img decoding=\"async\" src=\"data:image\/gif;base64,R0lGODlhAQABAAAAACH5BAEKAAEALAAAAAABAAEAAAICTAEAOw==\" data-orig-src=\"http:\/\/ecomuseosonllado.com\/wp-content\/uploads\/2015\/04\/Mallorca_PaisajesSonoros-83.jpg\" alt class=\"lazyload img-responsive\"\/><\/span><\/div><div class=\"fusion-separator fusion-full-width-sep\" style=\"align-self: center;margin-left: auto;margin-right: auto;margin-top:8px;margin-bottom:8px;width:100%;\"><\/div><\/div><\/div><div class=\"fusion-layout-column fusion_builder_column fusion-builder-column-6 fusion_builder_column_1_1 1_1 fusion-flex-column fusion-flex-align-self-flex-start fusion-column-no-min-height\" style=\"--awb-bg-size:cover;--awb-width-large:100%;--awb-margin-top-large:0px;--awb-spacing-right-large:0px;--awb-margin-bottom-large:0px;--awb-spacing-left-large:0px;--awb-width-medium:100%;--awb-spacing-right-medium:0px;--awb-spacing-left-medium:0px;--awb-width-small:100%;--awb-spacing-right-small:0px;--awb-spacing-left-small:0px;\"><div class=\"fusion-column-wrapper fusion-flex-justify-content-flex-start fusion-content-layout-column\"><div class=\"fusion-soundcloud\"><iframe scrolling=\"no\" frameborder=\"no\" width=\"100%\" height=\"180\" allow=\"autoplay\" src=\"https:\/\/w.soundcloud.com\/player\/?url=https:\/\/soundcloud.com\/ecomuseo-son-llado\/porc-negre-raza-autoctona-campos-mallorca&amp;auto_play=false&amp;hide_related=true&amp;show_comments=true&amp;show_user=true&amp;show_reposts=false&amp;visual=false&amp;color=165a93\" title=\"soundcloud\"><\/iframe><\/div><div class=\"fusion-text fusion-text-4\"><h3 style=\"text-align: justify;\">Die mallorquinische Kuh ist nicht der einzige Fall. Auch das schwarze Schwein (\u201eporc negre\u201c) ist eins der \u00e4ltesten einheimischen Zuchttiere der Balearen und der Lieferant der authentischen mallorquinischen Sobrassada. Es w\u00e4re beinahe ausgestorben, da sich \u00fcber viele Jahre verschiedene Rassen vermischten und die produktiveren vorherrschten, wodurch das Wesentliche eines der typischsten Produkte der Insel\u00a0verloren ging. Gl\u00fccklicherweise\u00a0ist der Bestand heute nicht mehr in Gefahr auch dank der R\u00fcckbesinnung auf die hochwertige Herstellung\u00a0einer authentischen &#8222;Sobrassada de Mallorca de Porc Negre&#8220;. Auch die verst\u00e4rkte Nachfrage der Porcella de Porc Negre, einer Spezialit\u00e4t, die in ausgew\u00e4hlten Gastronomiebetrieben wieder angeboten wird, trug dazu bei, den Bestand des schwarzen Schweins auf Mallorca zu sichern.<\/h3>\n<h3 style=\"text-align: justify;\">Auf jeden Fall ist das Herzst\u00fcck der Viehzucht in Son Llad\u00f3 eine Herde\u00a0weisser Schafe, die\u00a0durch ein Exemplar\u00a0der einheimischen Hunderasse \u201eCa de Bestiar\u201c geh\u00fctet\u00a0wird, die\u00a0auf Mallorca traditionell mit der Schafzucht verbunden ist. Das weisse Schaf\u00a0ist eine Kreuzung, die der Handelsverkehr im gesamten Mittelmeerraum im Laufe der Jahrhunderte mit sich brachte.<\/h3>\n<\/div><div class=\"fusion-image-element \" style=\"text-align:center;--awb-caption-title-size:var(--h2_typography-font-size);--awb-caption-title-transform:var(--h2_typography-text-transform);--awb-caption-title-line-height:var(--h2_typography-line-height);--awb-caption-title-letter-spacing:var(--h2_typography-letter-spacing);\"><span class=\" fusion-imageframe imageframe-none imageframe-5 hover-type-none fusion-animated\" data-animationType=\"fadeInDown\" data-animationDuration=\"0.1\" data-animationOffset=\"top-into-view\"><img decoding=\"async\" src=\"data:image\/gif;base64,R0lGODlhAQABAAAAACH5BAEKAAEALAAAAAABAAEAAAICTAEAOw==\" data-orig-src=\"http:\/\/ecomuseosonllado.com\/wp-content\/uploads\/2015\/06\/ovelles-tosses1-e1434738712538.jpg\" alt class=\"lazyload img-responsive\"\/><\/span><\/div><div class=\"fusion-separator fusion-full-width-sep\" style=\"align-self: center;margin-left: auto;margin-right: auto;margin-top:8px;margin-bottom:8px;width:100%;\"><\/div><div class=\"fusion-image-element \" style=\"text-align:center;--awb-caption-title-size:var(--h2_typography-font-size);--awb-caption-title-transform:var(--h2_typography-text-transform);--awb-caption-title-line-height:var(--h2_typography-line-height);--awb-caption-title-letter-spacing:var(--h2_typography-letter-spacing);\"><span class=\" fusion-imageframe imageframe-none imageframe-6 hover-type-none fusion-animated\" data-animationType=\"fadeInDown\" data-animationDuration=\"0.1\" data-animationOffset=\"top-into-view\"><img decoding=\"async\" src=\"data:image\/gif;base64,R0lGODlhAQABAAAAACH5BAEKAAEALAAAAAABAAEAAAICTAEAOw==\" data-orig-src=\"http:\/\/ecomuseosonllado.com\/wp-content\/uploads\/2015\/04\/Mallorca_PaisajesSonoros-154.jpg\" alt class=\"lazyload img-responsive\"\/><\/span><\/div><div class=\"fusion-separator fusion-full-width-sep\" style=\"align-self: center;margin-left: auto;margin-right: auto;margin-top:8px;margin-bottom:8px;width:100%;\"><\/div><\/div><\/div><div class=\"fusion-layout-column fusion_builder_column fusion-builder-column-7 fusion_builder_column_1_1 1_1 fusion-flex-column fusion-flex-align-self-flex-start fusion-column-no-min-height\" style=\"--awb-bg-size:cover;--awb-width-large:100%;--awb-margin-top-large:0px;--awb-spacing-right-large:0px;--awb-margin-bottom-large:0px;--awb-spacing-left-large:0px;--awb-width-medium:100%;--awb-spacing-right-medium:0px;--awb-spacing-left-medium:0px;--awb-width-small:100%;--awb-spacing-right-small:0px;--awb-spacing-left-small:0px;\"><div class=\"fusion-column-wrapper fusion-flex-justify-content-flex-start fusion-content-layout-column\"><div class=\"fusion-soundcloud\"><iframe scrolling=\"no\" frameborder=\"no\" width=\"100%\" height=\"180\" allow=\"autoplay\" src=\"https:\/\/w.soundcloud.com\/player\/?url=https:\/\/soundcloud.com\/ecomuseo-son-llado\/ovella-roja-mallorquina-raza-autoctona-campos-mallorca&amp;auto_play=false&amp;hide_related=true&amp;show_comments=true&amp;show_user=true&amp;show_reposts=false&amp;visual=false&amp;color=165a93\" title=\"soundcloud\"><\/iframe><\/div><div class=\"fusion-text fusion-text-5\"><h3>Im Gegensatz zu seiner Schwester, dem mallorquinischen roten Schaf, das empfindlicher und in erster Linie f\u00fcr die Milch- bzw K\u00e4seproduktion bestimmt ist, ist das weisse Schaf robuster und das Lammfleisch sehr gesch\u00e4tzt und \u00fcberaus charakteristisch.<\/h3>\n<\/div><\/div><\/div><div class=\"fusion-layout-column fusion_builder_column fusion-builder-column-8 fusion_builder_column_1_1 1_1 fusion-flex-column fusion-flex-align-self-flex-start fusion-column-no-min-height\" style=\"--awb-bg-size:cover;--awb-width-large:100%;--awb-margin-top-large:0px;--awb-spacing-right-large:0px;--awb-margin-bottom-large:0px;--awb-spacing-left-large:0px;--awb-width-medium:100%;--awb-spacing-right-medium:0px;--awb-spacing-left-medium:0px;--awb-width-small:100%;--awb-spacing-right-small:0px;--awb-spacing-left-small:0px;\"><div class=\"fusion-column-wrapper fusion-flex-justify-content-flex-start fusion-content-layout-column\"><div class=\"fusion-video fusion-vimeo\" style=\"--awb-max-width:1200px;--awb-max-height:675px;\"><div class=\"video-shortcode\"><lite-vimeo videoid=\"129548266\" class=\"landscape\" params=\"&autopause=0\" title=\"Vimeo video player 1\"><\/lite-vimeo><\/div><\/div><div class=\"fusion-text fusion-text-6\"><h3>Es ist ein Schaf, das nach traditionellen Weidemethoden gez\u00fcchtet wird, weil es sich von der\u00a0vorhandenen Vegetation ern\u00e4hrt, den\u00a0Stoppelfeldern, Bl\u00e4ttern der Mandelb\u00e4ume usw.<\/h3>\n<\/div><div class=\"fusion-image-element \" style=\"text-align:center;--awb-caption-title-size:var(--h2_typography-font-size);--awb-caption-title-transform:var(--h2_typography-text-transform);--awb-caption-title-line-height:var(--h2_typography-line-height);--awb-caption-title-letter-spacing:var(--h2_typography-letter-spacing);\"><span class=\" fusion-imageframe imageframe-none imageframe-7 hover-type-none fusion-animated\" data-animationType=\"fadeInDown\" data-animationDuration=\"0.1\" data-animationOffset=\"top-into-view\"><img decoding=\"async\" src=\"data:image\/gif;base64,R0lGODlhAQABAAAAACH5BAEKAAEALAAAAAABAAEAAAICTAEAOw==\" data-orig-src=\"http:\/\/ecomuseosonllado.com\/wp-content\/uploads\/2015\/04\/11-malle2537.jpg\" alt class=\"lazyload img-responsive\"\/><\/span><\/div><div class=\"fusion-text fusion-text-7\"><h3 style=\"text-align: justify;\">Ein weiteres einheimisches Tier, das der Besucher auf Son Llad\u00f3 kennenlernt, ist das mallorquinische Huhn und eine ebenfalls einheimische Entenart, die mittlerweile auf Mallorca vom Aussterben bedroht ist. Des Weiteren gibt es einige Taubenp\u00e4rchen, die frei auf der Finca leben.<\/h3>\n<\/div><\/div><\/div><\/div><\/div><\/p>\n","protected":false},"excerpt":{"rendered":"","protected":false},"author":1,"featured_media":0,"parent":0,"menu_order":0,"comment_status":"open","ping_status":"open","template":"","meta":{"footnotes":""},"class_list":["post-1260","page","type-page","status-publish","hentry"],"acf":[],"_links":{"self":[{"href":"https:\/\/ecomuseosonllado.com\/de\/wp-json\/wp\/v2\/pages\/1260"}],"collection":[{"href":"https:\/\/ecomuseosonllado.com\/de\/wp-json\/wp\/v2\/pages"}],"about":[{"href":"https:\/\/ecomuseosonllado.com\/de\/wp-json\/wp\/v2\/types\/page"}],"author":[{"embeddable":true,"href":"https:\/\/ecomuseosonllado.com\/de\/wp-json\/wp\/v2\/users\/1"}],"replies":[{"embeddable":true,"href":"https:\/\/ecomuseosonllado.com\/de\/wp-json\/wp\/v2\/comments?post=1260"}],"version-history":[{"count":1,"href":"https:\/\/ecomuseosonllado.com\/de\/wp-json\/wp\/v2\/pages\/1260\/revisions"}],"predecessor-version":[{"id":2493,"href":"https:\/\/ecomuseosonllado.com\/de\/wp-json\/wp\/v2\/pages\/1260\/revisions\/2493"}],"wp:attachment":[{"href":"https:\/\/ecomuseosonllado.com\/de\/wp-json\/wp\/v2\/media?parent=1260"}],"curies":[{"name":"wp","href":"https:\/\/api.w.org\/{rel}","templated":true}]}}