{"id":1236,"date":"2015-04-01T18:25:46","date_gmt":"2015-04-01T18:25:46","guid":{"rendered":"http:\/\/ecomuseosonllado.com\/?page_id=1236"},"modified":"2023-02-23T18:21:34","modified_gmt":"2023-02-23T18:21:34","slug":"die-muhlen-von-campos","status":"publish","type":"page","link":"https:\/\/ecomuseosonllado.com\/de\/die-muhlen-von-campos\/","title":{"rendered":"Die M\u00fchlen von Campos"},"content":{"rendered":"<p><div class=\"fusion-fullwidth fullwidth-box fusion-builder-row-1 fusion-flex-container hundred-percent-fullwidth non-hundred-percent-height-scrolling\" style=\"--awb-border-radius-top-left:0px;--awb-border-radius-top-right:0px;--awb-border-radius-bottom-right:0px;--awb-border-radius-bottom-left:0px;--awb-overflow:visible;\" ><div class=\"fusion-builder-row fusion-row fusion-flex-align-items-flex-start\" style=\"width:104% !important;max-width:104% !important;margin-left: calc(-4% \/ 2 );margin-right: calc(-4% \/ 2 );\"><div class=\"fusion-layout-column fusion_builder_column fusion-builder-column-0 fusion_builder_column_1_4 1_4 fusion-flex-column\" style=\"--awb-bg-size:cover;--awb-width-large:25%;--awb-margin-top-large:0px;--awb-spacing-right-large:3.84%;--awb-margin-bottom-large:0px;--awb-spacing-left-large:7.68%;--awb-width-medium:100%;--awb-spacing-right-medium:1.92%;--awb-spacing-left-medium:1.92%;--awb-width-small:100%;--awb-spacing-right-small:1.92%;--awb-spacing-left-small:1.92%;\"><div class=\"fusion-column-wrapper fusion-flex-justify-content-flex-start fusion-content-layout-column\"><div class=\"fusion-image-element \" style=\"text-align:center;--awb-caption-title-size:var(--h2_typography-font-size);--awb-caption-title-transform:var(--h2_typography-text-transform);--awb-caption-title-line-height:var(--h2_typography-line-height);--awb-caption-title-letter-spacing:var(--h2_typography-letter-spacing);\"><span class=\" fusion-imageframe imageframe-none imageframe-1 hover-type-none fusion-animated\" data-animationType=\"fadeInDown\" data-animationDuration=\"0.1\" data-animationOffset=\"top-into-view\"><img decoding=\"async\" src=\"data:image\/gif;base64,R0lGODlhAQABAAAAACH5BAEKAAEALAAAAAABAAEAAAICTAEAOw==\" data-orig-src=\"http:\/\/ecomuseosonllado.com\/wp-content\/uploads\/2015\/04\/31.jpg\" alt class=\"lazyload img-responsive\"\/><\/span><\/div><\/div><\/div><div class=\"fusion-layout-column fusion_builder_column fusion-builder-column-1 fusion_builder_column_3_4 3_4 fusion-flex-column\" style=\"--awb-bg-size:cover;--awb-width-large:75%;--awb-margin-top-large:0px;--awb-spacing-right-large:2.56%;--awb-margin-bottom-large:0px;--awb-spacing-left-large:3.84%;--awb-width-medium:100%;--awb-spacing-right-medium:1.92%;--awb-spacing-left-medium:1.92%;--awb-width-small:100%;--awb-spacing-right-small:1.92%;--awb-spacing-left-small:1.92%;\"><div class=\"fusion-column-wrapper fusion-flex-justify-content-flex-start fusion-content-layout-column\"><div class=\"fusion-image-element \" style=\"text-align:center;--awb-caption-title-size:var(--h2_typography-font-size);--awb-caption-title-transform:var(--h2_typography-text-transform);--awb-caption-title-line-height:var(--h2_typography-line-height);--awb-caption-title-letter-spacing:var(--h2_typography-letter-spacing);\"><span class=\" fusion-imageframe imageframe-none imageframe-2 hover-type-none fusion-animated\" data-animationType=\"fadeInDown\" data-animationDuration=\"0.1\" data-animationOffset=\"top-into-view\"><img decoding=\"async\" src=\"data:image\/gif;base64,R0lGODlhAQABAAAAACH5BAEKAAEALAAAAAABAAEAAAICTAEAOw==\" data-orig-src=\"http:\/\/ecomuseosonllado.com\/wp-content\/uploads\/2015\/04\/3-molins.jpg\" alt class=\"lazyload img-responsive\"\/><\/span><\/div><\/div><\/div><div class=\"fusion-layout-column fusion_builder_column fusion-builder-column-2 fusion_builder_column_1_1 1_1 fusion-flex-column fusion-flex-align-self-flex-start fusion-column-no-min-height\" style=\"--awb-bg-size:cover;--awb-width-large:100%;--awb-margin-top-large:0px;--awb-spacing-right-large:1.92%;--awb-margin-bottom-large:0px;--awb-spacing-left-large:1.92%;--awb-width-medium:100%;--awb-spacing-right-medium:1.92%;--awb-spacing-left-medium:1.92%;--awb-width-small:100%;--awb-spacing-right-small:1.92%;--awb-spacing-left-small:1.92%;\"><div class=\"fusion-column-wrapper fusion-flex-justify-content-flex-start fusion-content-layout-column\"><div class=\"fusion-separator fusion-full-width-sep\" style=\"align-self: center;margin-left: auto;margin-right: auto;margin-top:8px;margin-bottom:8px;width:100%;\"><\/div><\/div><\/div><\/div><\/div><div class=\"fusion-fullwidth fullwidth-box fusion-builder-row-2 fusion-flex-container nonhundred-percent-fullwidth non-hundred-percent-height-scrolling\" style=\"--awb-background-position:left top;--awb-border-radius-top-left:0px;--awb-border-radius-top-right:0px;--awb-border-radius-bottom-right:0px;--awb-border-radius-bottom-left:0px;--awb-padding-top:20px;--awb-padding-right:0px;--awb-padding-bottom:20px;--awb-padding-left:0px;--awb-border-sizes-top:0px;--awb-border-sizes-bottom:0px;\" ><div class=\"fusion-builder-row fusion-row fusion-flex-align-items-flex-start\" style=\"max-width:1144px;margin-left: calc(-4% \/ 2 );margin-right: calc(-4% \/ 2 );\"><div class=\"fusion-layout-column fusion_builder_column fusion-builder-column-3 fusion_builder_column_1_1 1_1 fusion-flex-column fusion-flex-align-self-flex-start fusion-column-no-min-height\" style=\"--awb-bg-size:cover;--awb-width-large:100%;--awb-margin-top-large:0px;--awb-spacing-right-large:1.92%;--awb-margin-bottom-large:0px;--awb-spacing-left-large:1.92%;--awb-width-medium:100%;--awb-spacing-right-medium:1.92%;--awb-spacing-left-medium:1.92%;--awb-width-small:100%;--awb-spacing-right-small:1.92%;--awb-spacing-left-small:1.92%;\"><div class=\"fusion-column-wrapper fusion-flex-justify-content-flex-start fusion-content-layout-column\"><div class=\"fusion-text fusion-text-1\"><h3 class=\"StandardWeb\"><span class=\"Absatz-Standardschriftart\"><span lang=\"DE\" style=\"font-size: 14.0pt; font-family: 'Tahoma','sans-serif'; color: #1a1a1a;\">Auch wenn die Erfindung einer Windm\u00fchle zur Wasserentnahme genial ist, so gibt es doch eine sehr einfache theoretische Erkl\u00e4rung daf\u00fcr. Die M\u00fchle besteht aus einer Achse, die an den Schaufeln befestigt ist, und die kraft des Windes gedreht wird. \u00dcber ein Getriebe wird die Drehbewegung in die andere translatorische, also eine Bewegung von Anheben und Absenken einer Stange, verwandelt, wodurch der Pumpenkolben aktiviert und dadurch das Wasser nach oben gedr\u00fcckt wird.<\/span><\/span><\/h3>\n<h3 class=\"StandardWeb\"><span class=\"Absatz-Standardschriftart\"><span lang=\"DE\" style=\"font-size: 14.0pt; font-family: 'Tahoma','sans-serif'; color: #1a1a1a;\">Viele der nachfolgend dargestellten Daten wurden der Ver\u00f6ffentlichung &#8222;Molins de vent i Molins de Ramell&#8220; Joan Vidal Ollers (Campos 1913-1989) entnommen und vermitteln uns eine Idee der Bedeutung, die sie in der landwirtschaftlichen Entwicklung von Campos hatte. Besonders die der &#8222;Ramell&#8220;-M\u00fchlen, die man zur Wasserentnahme verwendet.<\/span><\/span><\/h3>\n<\/div><\/div><\/div><\/div><\/div><div class=\"fusion-fullwidth fullwidth-box fusion-builder-row-3 fusion-flex-container hundred-percent-fullwidth non-hundred-percent-height-scrolling\" style=\"--awb-border-radius-top-left:0px;--awb-border-radius-top-right:0px;--awb-border-radius-bottom-right:0px;--awb-border-radius-bottom-left:0px;--awb-overflow:visible;\" ><div class=\"fusion-builder-row fusion-row fusion-flex-align-items-flex-start\" style=\"width:104% !important;max-width:104% !important;margin-left: calc(-4% \/ 2 );margin-right: calc(-4% \/ 2 );\"><div class=\"fusion-layout-column fusion_builder_column fusion-builder-column-4 fusion_builder_column_1_1 1_1 fusion-flex-column fusion-flex-align-self-flex-start fusion-column-no-min-height\" style=\"--awb-bg-size:cover;--awb-width-large:100%;--awb-margin-top-large:0px;--awb-spacing-right-large:1.92%;--awb-margin-bottom-large:0px;--awb-spacing-left-large:1.92%;--awb-width-medium:100%;--awb-spacing-right-medium:1.92%;--awb-spacing-left-medium:1.92%;--awb-width-small:100%;--awb-spacing-right-small:1.92%;--awb-spacing-left-small:1.92%;\"><div class=\"fusion-column-wrapper fusion-flex-justify-content-flex-start fusion-content-layout-column\"><div class=\"fusion-image-element \" style=\"text-align:center;--awb-caption-title-size:var(--h2_typography-font-size);--awb-caption-title-transform:var(--h2_typography-text-transform);--awb-caption-title-line-height:var(--h2_typography-line-height);--awb-caption-title-letter-spacing:var(--h2_typography-letter-spacing);\"><span class=\" fusion-imageframe imageframe-none imageframe-3 hover-type-none fusion-animated\" data-animationType=\"fadeInDown\" data-animationDuration=\"0.1\" data-animationOffset=\"top-into-view\"><img decoding=\"async\" src=\"data:image\/gif;base64,R0lGODlhAQABAAAAACH5BAEKAAEALAAAAAABAAEAAAICTAEAOw==\" data-orig-src=\"http:\/\/ecomuseosonllado.com\/wp-content\/uploads\/2015\/04\/ecomuseo-86-de-155.jpg\" alt class=\"lazyload img-responsive\"\/><\/span><\/div><div class=\"fusion-text fusion-text-2\"><h3>In Campos gab es Windm\u00fchlen zum Mahlen von Getreide und Mehl ( &#8222;Molins de Vent&#8220;), und solche, um Wasser aus einem Brunnen zu ziehen ( &#8222;Molins de Ramell&#8220;). Von den insgesamt 33 Getreidem\u00fchlen waren 31 windbetrieben und zwei wurden durch ein Tier, also \u201evon Blut\u201c bewegt. Die Konstruktion der M\u00fchlen geht lt. der Studie von Joan Vidal auf mindestens 1644 ( &#8222;Es Moli Negre&#8220;) bzw. 1853 zur\u00fcck ( &#8222;Moli de Son Xorch&#8220;).<\/h3>\n<h3>Die letzte Getreidem\u00fchle, die &#8222;Moli d&#8217;En Majora&#8220; stellte ihre Arbeit im Jahr 1933 ein. Die entscheidende Ursache daf\u00fcr war die Einf\u00fchrung des Elektromotors, auf den wir noch im Laufe des R\u00fcckblicks auf die landwirtschaftliche Geschichte von Campos zur\u00fcckkommen werden. Im Jahr 1912 erbaute man die erste elektrische Zentrale (in der Santany\u00ed Stra\u00dfe, wo sich noch bis vor kurzem das moderne Kino &#8222;Es Moderne\u201c befand). Ein Meilenstein in der Geschichte der Brunnen.<\/h3>\n<h3>Dar\u00fcber hinaus ist die &#8222;mol\u00ed von Ramell&#8220;, mit der man das Wasser gewann, von gr\u00f6\u00dfter Bedeutung in Campos. Man verdankt seine Erfindung dem &#8222;Meister Dami\u00e0 Rexach&#8220; (bekannt als &#8222;Dami\u00e0 dels Molins&#8220;), der in Molinar de Palma geboren wurde und dort lebte. Auch wenn man nicht das genaue Datum der ersten M\u00fchle &#8222;von Ramell&#8220; auf Mallorca best\u00e4tigen kann, so scheint es, dass es diejenige war, die dort installiert wurde, wo das GESA-Geb\u00e4ude vor dem Stadtteil Portixol liegt, auf einer Finca namens &#8222;Sa Torreta&#8220;, etwa im Jahre 1854.<\/h3>\n<\/div><div class=\"fusion-image-element \" style=\"text-align:center;--awb-caption-title-size:var(--h2_typography-font-size);--awb-caption-title-transform:var(--h2_typography-text-transform);--awb-caption-title-line-height:var(--h2_typography-line-height);--awb-caption-title-letter-spacing:var(--h2_typography-letter-spacing);\"><span class=\" fusion-imageframe imageframe-none imageframe-4 hover-type-none fusion-animated\" data-animationType=\"fadeInDown\" data-animationDuration=\"0.1\" data-animationOffset=\"top-into-view\"><img decoding=\"async\" width=\"922\" height=\"504\" title=\"vista general mol\u00ed Campos\" src=\"https:\/\/ecomuseosonllado.com\/wp-content\/uploads\/2013\/01\/vista-general-molino-Campos-1.jpg\" data-orig-src=\"https:\/\/ecomuseosonllado.com\/wp-content\/uploads\/2013\/01\/vista-general-molino-Campos-1.jpg\" alt class=\"lazyload img-responsive wp-image-2303\" srcset=\"data:image\/svg+xml,%3Csvg%20xmlns%3D%27http%3A%2F%2Fwww.w3.org%2F2000%2Fsvg%27%20width%3D%27922%27%20height%3D%27504%27%20viewBox%3D%270%200%20922%20504%27%3E%3Crect%20width%3D%27922%27%20height%3D%27504%27%20fill-opacity%3D%220%22%2F%3E%3C%2Fsvg%3E\" data-srcset=\"https:\/\/ecomuseosonllado.com\/wp-content\/uploads\/2013\/01\/vista-general-molino-Campos-1-200x109.jpg 200w, https:\/\/ecomuseosonllado.com\/wp-content\/uploads\/2013\/01\/vista-general-molino-Campos-1-400x219.jpg 400w, https:\/\/ecomuseosonllado.com\/wp-content\/uploads\/2013\/01\/vista-general-molino-Campos-1-600x328.jpg 600w, https:\/\/ecomuseosonllado.com\/wp-content\/uploads\/2013\/01\/vista-general-molino-Campos-1-800x437.jpg 800w, https:\/\/ecomuseosonllado.com\/wp-content\/uploads\/2013\/01\/vista-general-molino-Campos-1.jpg 922w\" data-sizes=\"auto\" data-orig-sizes=\"(max-width: 1024px) 100vw, (max-width: 640px) 100vw, 922px\" \/><\/span><\/div><div class=\"fusion-text fusion-text-3\"><h3>Binnen kurzer Zeit gab es immer mehr M\u00fchlen, und wie man dem ber\u00fchmten Buch \u201eDie Balearen\u201c von Llu\u00eds Salvador entnehmen kann, waren es in der Gemeinde von Palma im Jahre 1872 bereits 36 M\u00fchlen, und sie breiteten sich schnell \u00fcber ganz Mallorca aus.<\/h3>\n<h3>In 1860 gab es die erste in Campos, was zu dieser Zeit sehr arm war und die Menschen davon tr\u00e4umten, nach Amerika auszuwandern.Aufgrund ihrer Produktivit\u00e4t wurden trotzdem immer mehr M\u00fchlen gebaut.\u00a0Ganze Familie emigrierten zu dieser Zeit nach Buenos Aires.<\/h3>\n<\/div><\/div><\/div><div class=\"fusion-layout-column fusion_builder_column fusion-builder-column-5 fusion_builder_column_1_2 1_2 fusion-flex-column\" style=\"--awb-bg-size:cover;--awb-width-large:50%;--awb-margin-top-large:0px;--awb-spacing-right-large:3.84%;--awb-margin-bottom-large:0px;--awb-spacing-left-large:3.84%;--awb-width-medium:100%;--awb-spacing-right-medium:1.92%;--awb-spacing-left-medium:1.92%;--awb-width-small:100%;--awb-spacing-right-small:1.92%;--awb-spacing-left-small:1.92%;\"><div class=\"fusion-column-wrapper fusion-flex-justify-content-flex-start fusion-content-layout-column\"><div class=\"fusion-image-element \" style=\"text-align:center;--awb-caption-title-size:var(--h2_typography-font-size);--awb-caption-title-transform:var(--h2_typography-text-transform);--awb-caption-title-line-height:var(--h2_typography-line-height);--awb-caption-title-letter-spacing:var(--h2_typography-letter-spacing);\"><span class=\" fusion-imageframe imageframe-none imageframe-5 hover-type-none fusion-animated\" data-animationType=\"fadeInDown\" data-animationDuration=\"0.1\" data-animationOffset=\"top-into-view\"><img decoding=\"async\" src=\"data:image\/gif;base64,R0lGODlhAQABAAAAACH5BAEKAAEALAAAAAABAAEAAAICTAEAOw==\" data-orig-src=\"http:\/\/ecomuseosonllado.com\/wp-content\/uploads\/2013\/01\/pou-detall.jpg\" alt class=\"lazyload img-responsive\"\/><\/span><\/div><\/div><\/div><div class=\"fusion-layout-column fusion_builder_column fusion-builder-column-6 fusion_builder_column_1_2 1_2 fusion-flex-column\" style=\"--awb-bg-size:cover;--awb-width-large:50%;--awb-margin-top-large:0px;--awb-spacing-right-large:3.84%;--awb-margin-bottom-large:0px;--awb-spacing-left-large:3.84%;--awb-width-medium:100%;--awb-spacing-right-medium:1.92%;--awb-spacing-left-medium:1.92%;--awb-width-small:100%;--awb-spacing-right-small:1.92%;--awb-spacing-left-small:1.92%;\"><div class=\"fusion-column-wrapper fusion-flex-justify-content-flex-start fusion-content-layout-column\"><div class=\"fusion-image-element \" style=\"text-align:center;--awb-caption-title-size:var(--h2_typography-font-size);--awb-caption-title-transform:var(--h2_typography-text-transform);--awb-caption-title-line-height:var(--h2_typography-line-height);--awb-caption-title-letter-spacing:var(--h2_typography-letter-spacing);\"><span class=\" fusion-imageframe imageframe-none imageframe-6 hover-type-none fusion-animated\" data-animationType=\"fadeInDown\" data-animationDuration=\"0.1\" data-animationOffset=\"top-into-view\"><img decoding=\"async\" src=\"data:image\/gif;base64,R0lGODlhAQABAAAAACH5BAEKAAEALAAAAAABAAEAAAICTAEAOw==\" data-orig-src=\"http:\/\/ecomuseosonllado.com\/wp-content\/uploads\/2013\/01\/Moli-blanc-negre-noms.jpg\" alt class=\"lazyload img-responsive\"\/><\/span><\/div><\/div><\/div><div class=\"fusion-layout-column fusion_builder_column fusion-builder-column-7 fusion_builder_column_1_1 1_1 fusion-flex-column fusion-flex-align-self-flex-start fusion-column-no-min-height\" style=\"--awb-bg-size:cover;--awb-width-large:100%;--awb-margin-top-large:0px;--awb-spacing-right-large:1.92%;--awb-margin-bottom-large:0px;--awb-spacing-left-large:1.92%;--awb-width-medium:100%;--awb-spacing-right-medium:1.92%;--awb-spacing-left-medium:1.92%;--awb-width-small:100%;--awb-spacing-right-small:1.92%;--awb-spacing-left-small:1.92%;\"><div class=\"fusion-column-wrapper fusion-flex-justify-content-flex-start fusion-content-layout-column\"><div class=\"fusion-text fusion-text-4\"><h3>1913 war ein wirtschaftlich ganz schlechtes Jahr, und besonders in Campos ein sehr trockenes Jahr. Wenn das Wasser nicht vom Himmel fiel musste man es aus der Erde holen. Man produzierte immer mehr M\u00fchlen.<\/h3>\n<h3>1941 gab es schon fast 600 M\u00fchlen.<\/h3>\n<h3>Im Jahre 1966 gab es mehr als 1500 Brunnen, zum einen Teil mit Motor, zum anderen mit M\u00fchlen betrieben.<\/h3>\n<h3>Ab hier wurde es unm\u00f6glich die Wassermengen zu z\u00e4hlen, die man t\u00e4glich aus der Erde holte.<\/h3>\n<h3>Seit Installation der Motoren verloren die M\u00fchlen an Wert.\u00a0Und aufgrund der grossen Wassermenge, die man extrahierte, begannen die Brunnen Salz anzusammeln, wodurch die Wasserqualit\u00e4t nat\u00fcrlich sehr verlor.<\/h3>\n<\/div><div class=\"fusion-image-element \" style=\"text-align:center;--awb-caption-title-size:var(--h2_typography-font-size);--awb-caption-title-transform:var(--h2_typography-text-transform);--awb-caption-title-line-height:var(--h2_typography-line-height);--awb-caption-title-letter-spacing:var(--h2_typography-letter-spacing);\"><span class=\" fusion-imageframe imageframe-none imageframe-7 hover-type-none fusion-animated\" data-animationType=\"fadeInDown\" data-animationDuration=\"0.1\" data-animationOffset=\"top-into-view\"><img decoding=\"async\" src=\"data:image\/gif;base64,R0lGODlhAQABAAAAACH5BAEKAAEALAAAAAABAAEAAAICTAEAOw==\" data-orig-src=\"http:\/\/ecomuseosonllado.com\/wp-content\/uploads\/2015\/04\/ecomuseo-91-de-155.jpg\" alt class=\"lazyload img-responsive\"\/><\/span><\/div><\/div><\/div><\/div><\/div><\/p>\n","protected":false},"excerpt":{"rendered":"","protected":false},"author":1,"featured_media":0,"parent":0,"menu_order":0,"comment_status":"open","ping_status":"open","template":"","meta":{"footnotes":""},"class_list":["post-1236","page","type-page","status-publish","hentry"],"acf":[],"_links":{"self":[{"href":"https:\/\/ecomuseosonllado.com\/de\/wp-json\/wp\/v2\/pages\/1236"}],"collection":[{"href":"https:\/\/ecomuseosonllado.com\/de\/wp-json\/wp\/v2\/pages"}],"about":[{"href":"https:\/\/ecomuseosonllado.com\/de\/wp-json\/wp\/v2\/types\/page"}],"author":[{"embeddable":true,"href":"https:\/\/ecomuseosonllado.com\/de\/wp-json\/wp\/v2\/users\/1"}],"replies":[{"embeddable":true,"href":"https:\/\/ecomuseosonllado.com\/de\/wp-json\/wp\/v2\/comments?post=1236"}],"version-history":[{"count":4,"href":"https:\/\/ecomuseosonllado.com\/de\/wp-json\/wp\/v2\/pages\/1236\/revisions"}],"predecessor-version":[{"id":2644,"href":"https:\/\/ecomuseosonllado.com\/de\/wp-json\/wp\/v2\/pages\/1236\/revisions\/2644"}],"wp:attachment":[{"href":"https:\/\/ecomuseosonllado.com\/de\/wp-json\/wp\/v2\/media?parent=1236"}],"curies":[{"name":"wp","href":"https:\/\/api.w.org\/{rel}","templated":true}]}}