{"id":1221,"date":"2016-07-26T13:39:45","date_gmt":"2016-07-26T13:39:45","guid":{"rendered":"http:\/\/ecomuseosonllado.com\/?page_id=1221"},"modified":"2023-02-21T16:55:08","modified_gmt":"2023-02-21T16:55:08","slug":"das-wasser-in-der-landwirtschaft-von-campos","status":"publish","type":"page","link":"https:\/\/ecomuseosonllado.com\/de\/das-wasser-in-der-landwirtschaft-von-campos\/","title":{"rendered":"Das Wasser in der Landwirtschaft von Campos"},"content":{"rendered":"<p><div class=\"fusion-fullwidth fullwidth-box fusion-builder-row-1 fusion-flex-container hundred-percent-fullwidth non-hundred-percent-height-scrolling\" style=\"--awb-border-radius-top-left:0px;--awb-border-radius-top-right:0px;--awb-border-radius-bottom-right:0px;--awb-border-radius-bottom-left:0px;--awb-overflow:visible;\" ><div class=\"fusion-builder-row fusion-row fusion-flex-align-items-flex-start\" style=\"width:104% !important;max-width:104% !important;margin-left: calc(-4% \/ 2 );margin-right: calc(-4% \/ 2 );\"><div class=\"fusion-layout-column fusion_builder_column fusion-builder-column-0 fusion_builder_column_1_4 1_4 fusion-flex-column\" style=\"--awb-bg-size:cover;--awb-width-large:25%;--awb-margin-top-large:0px;--awb-spacing-right-large:3.84%;--awb-margin-bottom-large:0px;--awb-spacing-left-large:7.68%;--awb-width-medium:100%;--awb-spacing-right-medium:1.92%;--awb-spacing-left-medium:1.92%;--awb-width-small:100%;--awb-spacing-right-small:1.92%;--awb-spacing-left-small:1.92%;\"><div class=\"fusion-column-wrapper fusion-flex-justify-content-flex-start fusion-content-layout-column\"><div class=\"fusion-image-element \" style=\"text-align:center;--awb-caption-title-size:var(--h2_typography-font-size);--awb-caption-title-transform:var(--h2_typography-text-transform);--awb-caption-title-line-height:var(--h2_typography-line-height);--awb-caption-title-letter-spacing:var(--h2_typography-letter-spacing);\"><span class=\" fusion-imageframe imageframe-none imageframe-1 hover-type-none fusion-animated\" data-animationType=\"fadeInDown\" data-animationDuration=\"0.1\" data-animationOffset=\"top-into-view\"><img decoding=\"async\" src=\"data:image\/gif;base64,R0lGODlhAQABAAAAACH5BAEKAAEALAAAAAABAAEAAAICTAEAOw==\" data-orig-src=\"http:\/\/ecomuseosonllado.com\/wp-content\/uploads\/2015\/04\/21.jpg\" alt class=\"lazyload img-responsive\"\/><\/span><\/div><\/div><\/div><div class=\"fusion-layout-column fusion_builder_column fusion-builder-column-1 fusion_builder_column_3_4 3_4 fusion-flex-column\" style=\"--awb-bg-size:cover;--awb-width-large:75%;--awb-margin-top-large:0px;--awb-spacing-right-large:2.56%;--awb-margin-bottom-large:0px;--awb-spacing-left-large:3.84%;--awb-width-medium:100%;--awb-spacing-right-medium:1.92%;--awb-spacing-left-medium:1.92%;--awb-width-small:100%;--awb-spacing-right-small:1.92%;--awb-spacing-left-small:1.92%;\"><div class=\"fusion-column-wrapper fusion-flex-justify-content-flex-start fusion-content-layout-column\"><div class=\"fusion-image-element \" style=\"text-align:center;--awb-caption-title-size:var(--h2_typography-font-size);--awb-caption-title-transform:var(--h2_typography-text-transform);--awb-caption-title-line-height:var(--h2_typography-line-height);--awb-caption-title-letter-spacing:var(--h2_typography-letter-spacing);\"><span class=\" fusion-imageframe imageframe-none imageframe-2 hover-type-none fusion-animated\" data-animationType=\"fadeInDown\" data-animationDuration=\"0.1\" data-animationOffset=\"top-into-view\"><img decoding=\"async\" src=\"data:image\/gif;base64,R0lGODlhAQABAAAAACH5BAEKAAEALAAAAAABAAEAAAICTAEAOw==\" data-orig-src=\"http:\/\/ecomuseosonllado.com\/wp-content\/uploads\/2015\/04\/2-aigua-v2.jpg\" alt class=\"lazyload img-responsive\"\/><\/span><\/div><\/div><\/div><div class=\"fusion-layout-column fusion_builder_column fusion-builder-column-2 fusion_builder_column_1_1 1_1 fusion-flex-column fusion-flex-align-self-flex-start fusion-column-no-min-height\" style=\"--awb-bg-size:cover;--awb-width-large:100%;--awb-margin-top-large:0px;--awb-spacing-right-large:1.92%;--awb-margin-bottom-large:0px;--awb-spacing-left-large:1.92%;--awb-width-medium:100%;--awb-spacing-right-medium:1.92%;--awb-spacing-left-medium:1.92%;--awb-width-small:100%;--awb-spacing-right-small:1.92%;--awb-spacing-left-small:1.92%;\"><div class=\"fusion-column-wrapper fusion-flex-justify-content-flex-start fusion-content-layout-column\"><div class=\"fusion-separator fusion-full-width-sep\" style=\"align-self: center;margin-left: auto;margin-right: auto;margin-top:8px;margin-bottom:8px;width:100%;\"><\/div><\/div><\/div><\/div><\/div><div class=\"fusion-fullwidth fullwidth-box fusion-builder-row-2 fusion-flex-container nonhundred-percent-fullwidth non-hundred-percent-height-scrolling\" style=\"--awb-background-position:left top;--awb-border-radius-top-left:0px;--awb-border-radius-top-right:0px;--awb-border-radius-bottom-right:0px;--awb-border-radius-bottom-left:0px;--awb-padding-top:20px;--awb-padding-right:0px;--awb-padding-bottom:20px;--awb-padding-left:0px;--awb-border-sizes-top:0px;--awb-border-sizes-bottom:0px;\" ><div class=\"fusion-builder-row fusion-row fusion-flex-align-items-flex-start\" style=\"max-width:calc( 1100px + 0px );margin-left: calc(-0px \/ 2 );margin-right: calc(-0px \/ 2 );\"><div class=\"fusion-layout-column fusion_builder_column fusion-builder-column-3 fusion_builder_column_1_1 1_1 fusion-flex-column fusion-flex-align-self-flex-start fusion-column-no-min-height\" style=\"--awb-bg-size:cover;--awb-width-large:100%;--awb-margin-top-large:0px;--awb-spacing-right-large:0px;--awb-margin-bottom-large:0px;--awb-spacing-left-large:0px;--awb-width-medium:100%;--awb-spacing-right-medium:0px;--awb-spacing-left-medium:0px;--awb-width-small:100%;--awb-spacing-right-small:0px;--awb-spacing-left-small:0px;\"><div class=\"fusion-column-wrapper fusion-flex-justify-content-flex-start fusion-content-layout-column\"><div class=\"fusion-text fusion-text-1\"><h3>In\u00a0einer Gemeinde wie Campos, wo sich das Ethnographische Freilichtmuseum von Campos befindet, und wo die j\u00e4hrliche Niederschlagsmenge nur 300 mm betr\u00e4gt, war die Verf\u00fcgbarkeit von s\u00fc\u00dfem Grundwasser von entscheidender\u00a0Bedeutung f\u00fcr das Ausma\u00df der Ertr\u00e4ge, die aus der Landwirtschaft und der Viehzucht in der Vergangenheit erzielt werden konnten.<\/h3>\n<h3>Obwohl dies auf einer Realit\u00e4t beruht, die nicht in \u00dcbereinstimmung stand mit den Bedingungen und vorhandenen Ressourcen in der Gegend, begann man mit\u00a0 einer umfangreichen Bew\u00e4sserung f\u00fcr die Nahrungsmittelproduktion. Diese\u00a0 Form der\u00a0 Viehhaltung war eigentlich unangemessen in dem Halbw\u00fcstenklima\u00a0\u00a0\u00a0 hier im S\u00fcden von Mallorca. \u00dcber Jahre hinweg wurde Raubbau betrieben mit den Grundwasserleitungen, die in Hunderttausenden von Jahren angelegt worden waren, was schlie\u00dflich durch das Eindringen des Meerwassers zu deren Versalzung f\u00fchrte.<\/h3>\n<h3 class=\"Standard\"><span lang=\"DE\" style=\"font-size: 14.0pt; font-family: 'Tahoma','sans-serif';\">Campos ist traditionell ein Gebiet, in dem Ressourcen und M\u00f6glichkeiten immer knapp waren. Vor der Einf\u00fchrung\u00a0der Brunnen und M\u00fchlen waren \u00fcber Jahrhunderte hinweg die von Eseln gezogenen \u201eNorias\u201c, Wasserr\u00e4der, die einzige Methode, S\u00fc\u00dfwasser aus dem Boden zu ziehen, und bedingten somit die Existenz des besten Ackerlandes. Im zweiten Quartal des neunzehnten Jahrhunderts z\u00e4hlte man auf Mallorca derer 3516 im gesamten Territorium der Insel mit Ausnahme der Serra de Tramuntana. Hervorzuheben sind die Gemeinden Sa Pobla, mit 1400; Muro, mit 485; Montu\u00efri, 400; Palma, mit 200; und schlie\u00dflich Campos, 110.<\/span><\/h3>\n<\/div><div class=\"fusion-image-element \" style=\"text-align:center;--awb-caption-title-size:var(--h2_typography-font-size);--awb-caption-title-transform:var(--h2_typography-text-transform);--awb-caption-title-line-height:var(--h2_typography-line-height);--awb-caption-title-letter-spacing:var(--h2_typography-letter-spacing);\"><span class=\" fusion-imageframe imageframe-none imageframe-3 hover-type-none\"><img decoding=\"async\" src=\"data:image\/gif;base64,R0lGODlhAQABAAAAACH5BAEKAAEALAAAAAABAAEAAAICTAEAOw==\" data-orig-src=\"http:\/\/ecomuseosonllado.com\/wp-content\/uploads\/2015\/04\/ecomuseo-109-de-155.jpg\" alt class=\"lazyload img-responsive\"\/><\/span><\/div><div class=\"fusion-separator fusion-full-width-sep\" style=\"align-self: center;margin-left: auto;margin-right: auto;margin-top:8px;margin-bottom:8px;width:100%;\"><\/div><\/div><\/div><div class=\"fusion-layout-column fusion_builder_column fusion-builder-column-4 fusion_builder_column_1_1 1_1 fusion-flex-column fusion-flex-align-self-flex-start fusion-column-no-min-height\" style=\"--awb-bg-size:cover;--awb-width-large:100%;--awb-margin-top-large:0px;--awb-spacing-right-large:0px;--awb-margin-bottom-large:0px;--awb-spacing-left-large:0px;--awb-width-medium:100%;--awb-spacing-right-medium:0px;--awb-spacing-left-medium:0px;--awb-width-small:100%;--awb-spacing-right-small:0px;--awb-spacing-left-small:0px;\"><div class=\"fusion-column-wrapper fusion-flex-justify-content-flex-start fusion-content-layout-column\"><div class=\"fusion-soundcloud\"><iframe scrolling=\"no\" frameborder=\"no\" width=\"100%\" height=\"180\" allow=\"autoplay\" src=\"https:\/\/w.soundcloud.com\/player\/?url=https:\/\/soundcloud.com\/ecomuseo-son-llado\/noria-son-catlar&amp;auto_play=false&amp;hide_related=true&amp;show_comments=true&amp;show_user=true&amp;show_reposts=false&amp;visual=false&amp;color=165a93\" title=\"soundcloud\"><\/iframe><\/div><\/div><\/div><\/div><\/div><div class=\"fusion-fullwidth fullwidth-box fusion-builder-row-3 fusion-flex-container hundred-percent-fullwidth non-hundred-percent-height-scrolling\" style=\"--awb-border-radius-top-left:0px;--awb-border-radius-top-right:0px;--awb-border-radius-bottom-right:0px;--awb-border-radius-bottom-left:0px;--awb-overflow:visible;\" ><div class=\"fusion-builder-row fusion-row fusion-flex-align-items-flex-start\" style=\"width:calc( 100% + 0px ) !important;max-width:calc( 100% + 0px ) !important;margin-left: calc(-0px \/ 2 );margin-right: calc(-0px \/ 2 );\"><div class=\"fusion-layout-column fusion_builder_column fusion-builder-column-5 fusion_builder_column_1_1 1_1 fusion-flex-column fusion-flex-align-self-flex-start fusion-column-no-min-height\" style=\"--awb-bg-size:cover;--awb-width-large:100%;--awb-margin-top-large:0px;--awb-spacing-right-large:0px;--awb-margin-bottom-large:0px;--awb-spacing-left-large:0px;--awb-width-medium:100%;--awb-spacing-right-medium:0px;--awb-spacing-left-medium:0px;--awb-width-small:100%;--awb-spacing-right-small:0px;--awb-spacing-left-small:0px;\"><div class=\"fusion-column-wrapper fusion-flex-justify-content-flex-start fusion-content-layout-column\"><div class=\"fusion-text fusion-text-2\"><h3>Eine Studie des Ministeriums f\u00fcr Entwicklung errechnete im Jahr 1918 rund 3.540 \u201eNorias\u201cauf den Balearischen Inseln. Diese Zahl sank im Jahr 1951 auf 2.813, allerdings gab es in einigen Gemeinden mehr\u00a0 als im Jahre 1872 beispielsweise, unter anderem in den Gemeinden Arta, Algaida, Alcudia oder Pollenca.<\/h3>\n<\/div><div class=\"fusion-image-element \" style=\"text-align:center;--awb-caption-title-size:var(--h2_typography-font-size);--awb-caption-title-transform:var(--h2_typography-text-transform);--awb-caption-title-line-height:var(--h2_typography-line-height);--awb-caption-title-letter-spacing:var(--h2_typography-letter-spacing);\"><span class=\" fusion-imageframe imageframe-none imageframe-4 hover-type-none\"><img decoding=\"async\" src=\"data:image\/gif;base64,R0lGODlhAQABAAAAACH5BAEKAAEALAAAAAABAAEAAAICTAEAOw==\" data-orig-src=\"http:\/\/ecomuseosonllado.com\/wp-content\/uploads\/2015\/04\/2-xorc026-sinia.jpg\" alt class=\"lazyload img-responsive\"\/><\/span><\/div><div class=\"fusion-text fusion-text-3\"><h3 class=\"Standard\"><span lang=\"DE\" style=\"font-size: 14.0pt; font-family: 'Tahoma','sans-serif';\">Zweifellos ist die Einf\u00fchrung der Windm\u00fchle zur Wasserentnahme ab 1847 die Ursache f\u00fcr den Ersatz des Wasserrades, vor allem in den mallorquinischen Gemeinden, die sich f\u00fcr intensive Bew\u00e4sserungslandwirtschaft entschieden, wie es auch im Falle von Palma, Sa Pobla und Muro ist. Selbst dort, wo die Rinderwirtschaft verbessert wurde, und besonders ab dem Jahr 1925.<\/span><\/h3>\n<\/div><div class=\"fusion-image-element \" style=\"text-align:center;--awb-caption-title-size:var(--h2_typography-font-size);--awb-caption-title-transform:var(--h2_typography-text-transform);--awb-caption-title-line-height:var(--h2_typography-line-height);--awb-caption-title-letter-spacing:var(--h2_typography-letter-spacing);\"><span class=\" fusion-imageframe imageframe-none imageframe-5 hover-type-none\"><img decoding=\"async\" src=\"data:image\/gif;base64,R0lGODlhAQABAAAAACH5BAEKAAEALAAAAAABAAEAAAICTAEAOw==\" data-orig-src=\"http:\/\/ecomuseosonllado.com\/wp-content\/uploads\/2015\/07\/3-moli-safareig002-e1438168408187.jpg\" alt class=\"lazyload img-responsive\"\/><\/span><\/div><\/div><\/div><\/div><\/div><\/p>\n","protected":false},"excerpt":{"rendered":"","protected":false},"author":1,"featured_media":0,"parent":0,"menu_order":0,"comment_status":"open","ping_status":"open","template":"","meta":{"footnotes":""},"class_list":["post-1221","page","type-page","status-publish","hentry"],"acf":[],"_links":{"self":[{"href":"https:\/\/ecomuseosonllado.com\/de\/wp-json\/wp\/v2\/pages\/1221"}],"collection":[{"href":"https:\/\/ecomuseosonllado.com\/de\/wp-json\/wp\/v2\/pages"}],"about":[{"href":"https:\/\/ecomuseosonllado.com\/de\/wp-json\/wp\/v2\/types\/page"}],"author":[{"embeddable":true,"href":"https:\/\/ecomuseosonllado.com\/de\/wp-json\/wp\/v2\/users\/1"}],"replies":[{"embeddable":true,"href":"https:\/\/ecomuseosonllado.com\/de\/wp-json\/wp\/v2\/comments?post=1221"}],"version-history":[{"count":1,"href":"https:\/\/ecomuseosonllado.com\/de\/wp-json\/wp\/v2\/pages\/1221\/revisions"}],"predecessor-version":[{"id":2504,"href":"https:\/\/ecomuseosonllado.com\/de\/wp-json\/wp\/v2\/pages\/1221\/revisions\/2504"}],"wp:attachment":[{"href":"https:\/\/ecomuseosonllado.com\/de\/wp-json\/wp\/v2\/media?parent=1221"}],"curies":[{"name":"wp","href":"https:\/\/api.w.org\/{rel}","templated":true}]}}