{"id":654,"date":"2015-04-01T18:33:50","date_gmt":"2015-04-01T18:33:50","guid":{"rendered":"http:\/\/ecomuseosonllado.com\/?page_id=654"},"modified":"2023-02-21T16:55:08","modified_gmt":"2023-02-21T16:55:08","slug":"un-bosc-comestible","status":"publish","type":"page","link":"https:\/\/ecomuseosonllado.com\/ca\/ecomuseu\/un-bosc-comestible\/","title":{"rendered":"Un bosc comestible"},"content":{"rendered":"<p><div class=\"fusion-fullwidth fullwidth-box fusion-builder-row-1 fusion-flex-container hundred-percent-fullwidth non-hundred-percent-height-scrolling\" style=\"--awb-border-radius-top-left:0px;--awb-border-radius-top-right:0px;--awb-border-radius-bottom-right:0px;--awb-border-radius-bottom-left:0px;--awb-overflow:visible;\" ><div class=\"fusion-builder-row fusion-row fusion-flex-align-items-flex-start\" style=\"width:104% !important;max-width:104% !important;margin-left: calc(-4% \/ 2 );margin-right: calc(-4% \/ 2 );\"><div class=\"fusion-layout-column fusion_builder_column fusion-builder-column-0 fusion_builder_column_1_4 1_4 fusion-flex-column\" style=\"--awb-bg-size:cover;--awb-width-large:25%;--awb-margin-top-large:0px;--awb-spacing-right-large:3.84%;--awb-margin-bottom-large:0px;--awb-spacing-left-large:7.68%;--awb-width-medium:100%;--awb-spacing-right-medium:1.92%;--awb-spacing-left-medium:1.92%;--awb-width-small:100%;--awb-spacing-right-small:1.92%;--awb-spacing-left-small:1.92%;\"><div class=\"fusion-column-wrapper fusion-flex-justify-content-flex-start fusion-content-layout-column\"><div class=\"fusion-image-element \" style=\"text-align:center;--awb-caption-title-size:var(--h2_typography-font-size);--awb-caption-title-transform:var(--h2_typography-text-transform);--awb-caption-title-line-height:var(--h2_typography-line-height);--awb-caption-title-letter-spacing:var(--h2_typography-letter-spacing);\"><span class=\" fusion-imageframe imageframe-none imageframe-1 hover-type-none fusion-animated\" data-animationType=\"fadeInDown\" data-animationDuration=\"0.1\" data-animationOffset=\"top-into-view\"><img decoding=\"async\" src=\"data:image\/gif;base64,R0lGODlhAQABAAAAACH5BAEKAAEALAAAAAABAAEAAAICTAEAOw==\" data-orig-src=\"http:\/\/ecomuseosonllado.com\/wp-content\/uploads\/2015\/04\/121.jpg\" alt class=\"lazyload img-responsive\"\/><\/span><\/div><\/div><\/div><div class=\"fusion-layout-column fusion_builder_column fusion-builder-column-1 fusion_builder_column_3_4 3_4 fusion-flex-column\" style=\"--awb-bg-size:cover;--awb-width-large:75%;--awb-margin-top-large:0px;--awb-spacing-right-large:2.56%;--awb-margin-bottom-large:0px;--awb-spacing-left-large:3.84%;--awb-width-medium:100%;--awb-spacing-right-medium:1.92%;--awb-spacing-left-medium:1.92%;--awb-width-small:100%;--awb-spacing-right-small:1.92%;--awb-spacing-left-small:1.92%;\"><div class=\"fusion-column-wrapper fusion-flex-justify-content-flex-start fusion-content-layout-column\"><div class=\"fusion-image-element \" style=\"text-align:center;--awb-caption-title-size:var(--h2_typography-font-size);--awb-caption-title-transform:var(--h2_typography-text-transform);--awb-caption-title-line-height:var(--h2_typography-line-height);--awb-caption-title-letter-spacing:var(--h2_typography-letter-spacing);\"><span class=\" fusion-imageframe imageframe-none imageframe-2 hover-type-none fusion-animated\" data-animationType=\"fadeInDown\" data-animationDuration=\"0.1\" data-animationOffset=\"top-into-view\"><img decoding=\"async\" src=\"data:image\/gif;base64,R0lGODlhAQABAAAAACH5BAEKAAEALAAAAAABAAEAAAICTAEAOw==\" data-orig-src=\"http:\/\/ecomuseosonllado.com\/wp-content\/uploads\/2015\/04\/12-bosc-comestible.jpg\" alt class=\"lazyload img-responsive\"\/><\/span><\/div><\/div><\/div><div class=\"fusion-layout-column fusion_builder_column fusion-builder-column-2 fusion_builder_column_1_1 1_1 fusion-flex-column fusion-flex-align-self-flex-start fusion-column-no-min-height\" style=\"--awb-bg-size:cover;--awb-width-large:100%;--awb-margin-top-large:0px;--awb-spacing-right-large:1.92%;--awb-margin-bottom-large:0px;--awb-spacing-left-large:1.92%;--awb-width-medium:100%;--awb-spacing-right-medium:1.92%;--awb-spacing-left-medium:1.92%;--awb-width-small:100%;--awb-spacing-right-small:1.92%;--awb-spacing-left-small:1.92%;\"><div class=\"fusion-column-wrapper fusion-flex-justify-content-flex-start fusion-content-layout-column\"><div class=\"fusion-separator fusion-full-width-sep\" style=\"align-self: center;margin-left: auto;margin-right: auto;margin-top:8px;margin-bottom:8px;width:100%;\"><\/div><\/div><\/div><\/div><\/div><div class=\"fusion-fullwidth fullwidth-box fusion-builder-row-2 fusion-flex-container nonhundred-percent-fullwidth non-hundred-percent-height-scrolling\" style=\"--awb-background-position:left top;--awb-border-radius-top-left:0px;--awb-border-radius-top-right:0px;--awb-border-radius-bottom-right:0px;--awb-border-radius-bottom-left:0px;--awb-padding-top:20px;--awb-padding-right:0px;--awb-padding-bottom:20px;--awb-padding-left:0px;--awb-border-sizes-top:0px;--awb-border-sizes-bottom:0px;\" ><div class=\"fusion-builder-row fusion-row fusion-flex-align-items-flex-start\" style=\"max-width:calc( 1100px + 0px );margin-left: calc(-0px \/ 2 );margin-right: calc(-0px \/ 2 );\"><div class=\"fusion-layout-column fusion_builder_column fusion-builder-column-3 fusion_builder_column_1_1 1_1 fusion-flex-column fusion-flex-align-self-flex-start fusion-column-no-min-height\" style=\"--awb-bg-size:cover;--awb-width-large:100%;--awb-margin-top-large:0px;--awb-spacing-right-large:0px;--awb-margin-bottom-large:0px;--awb-spacing-left-large:0px;--awb-width-medium:100%;--awb-spacing-right-medium:0px;--awb-spacing-left-medium:0px;--awb-width-small:100%;--awb-spacing-right-small:0px;--awb-spacing-left-small:0px;\"><div class=\"fusion-column-wrapper fusion-flex-justify-content-flex-start fusion-content-layout-column\"><div class=\"fusion-text fusion-text-1\"><h3 style=\"text-align: justify;\">Si la <strong>permacultura<\/strong> treballa en el disseny d\u2019espais i h\u00e0bitats humans sostenibles, juntament amb sistemes agroculturals que imiten les relacions i els patrons de la natura, els <strong>boscs comestibles<\/strong> probablement suposin tot un model de gesti\u00f3 en aquest sentit. Amb un disseny adequat, adaptat a les condicions de l\u2019entorn a on estigui ubicat, un bosc comestible t\u00e9 la capacitat de reproduir un ecosistema agr\u00edcola que produeix menjar i que aporta riquesa mediambiental i ecol\u00f2gica.<\/h3>\n<h3 style=\"text-align: justify;\">L\u2019objectiu a mitj\u00e0\/llarg termini de la <strong>finca Son Llad\u00f3<\/strong> i d\u2019aquest projecte d\u2019Ecomuseu \u00e9s la posada en marxa d\u2019un model en aquesta l\u00ednia, adaptat a les condicions d\u2019aquest territori, en perfecte equilibri amb els recursos existents. Un bosc comestible integrat en un model de gesti\u00f3 basat en els principis de la permacultura comporta un manteniment m\u00ednim i una projecci\u00f3 a llarg termini, ja que els boscs tenen una vida llarga. Combinar arbres amb arbustos i plantes d\u00f3na com a resultat ecosistemes m\u00e9s resistents a l\u2019erosi\u00f3, les inundacions o les sequeres extremes i, mitjan\u00e7ant la permacultura, es poden millorar, fins i tot, els rendiments dels sistemes naturals, buscant connexions simbi\u00f2tiques que millorin les propietats de cada un dels elements i \u00e9ssers vius.<\/h3>\n<\/div><\/div><\/div><\/div><\/div><div class=\"fusion-fullwidth fullwidth-box fusion-builder-row-3 fusion-flex-container hundred-percent-fullwidth non-hundred-percent-height-scrolling\" style=\"--awb-border-radius-top-left:0px;--awb-border-radius-top-right:0px;--awb-border-radius-bottom-right:0px;--awb-border-radius-bottom-left:0px;--awb-overflow:visible;\" ><div class=\"fusion-builder-row fusion-row fusion-flex-align-items-flex-start\" style=\"width:calc( 100% + 0px ) !important;max-width:calc( 100% + 0px ) !important;margin-left: calc(-0px \/ 2 );margin-right: calc(-0px \/ 2 );\"><div class=\"fusion-layout-column fusion_builder_column fusion-builder-column-4 fusion_builder_column_1_1 1_1 fusion-flex-column fusion-flex-align-self-flex-start fusion-column-no-min-height\" style=\"--awb-bg-size:cover;--awb-width-large:100%;--awb-margin-top-large:0px;--awb-spacing-right-large:0px;--awb-margin-bottom-large:0px;--awb-spacing-left-large:0px;--awb-width-medium:100%;--awb-spacing-right-medium:0px;--awb-spacing-left-medium:0px;--awb-width-small:100%;--awb-spacing-right-small:0px;--awb-spacing-left-small:0px;\"><div class=\"fusion-column-wrapper fusion-flex-justify-content-flex-start fusion-content-layout-column\"><div class=\"fusion-image-element \" style=\"text-align:center;--awb-caption-title-size:var(--h2_typography-font-size);--awb-caption-title-transform:var(--h2_typography-text-transform);--awb-caption-title-line-height:var(--h2_typography-line-height);--awb-caption-title-letter-spacing:var(--h2_typography-letter-spacing);\"><span class=\" fusion-imageframe imageframe-none imageframe-3 hover-type-none fusion-animated\" data-animationType=\"fadeInDown\" data-animationDuration=\"0.1\" data-animationOffset=\"top-into-view\"><img decoding=\"async\" src=\"data:image\/gif;base64,R0lGODlhAQABAAAAACH5BAEKAAEALAAAAAABAAEAAAICTAEAOw==\" data-orig-src=\"http:\/\/ecomuseosonllado.com\/wp-content\/uploads\/2015\/04\/bosc-comestible-2.jpg\" alt class=\"lazyload img-responsive\"\/><\/span><\/div><div class=\"fusion-text fusion-text-2\"><h3 style=\"text-align: justify;\">Sabem que la productivitat d\u2019un bosc comestible en un clima mediterrani passa per facilitar el seu regadiu durant la temporada estival, especialment durant l\u2019arrencada del mateix, per la qual cosa i de forma paral\u00b7lela al projecte de plantaci\u00f3 del bosc s\u2019adequar\u00e0 una l\u00ednia de regadiu de l\u2019aigua provinent de la depuradora biol\u00f2gica per a la seva reutilitzaci\u00f3 en els arbres destinats a tallavents, de producci\u00f3 de biomassa i a fruiters de tronc lleny\u00f3s i una altra l\u00ednia de regadiu provinent de l\u2019aigua de pluja emmagatzemada dins el safreig, pel regadiu de fruiters arbustius i hortalisses.<\/h3>\n<h3 style=\"text-align: justify;\">El <strong>bosc comestible de la finca Son Llad\u00f3<\/strong> estar\u00e0 situat en la part posterior de l\u2019edificaci\u00f3 destinada a la sala d\u2019exposicions de l\u2019Ecomuseu i comptar\u00e0 amb una primera l\u00ednia de varietats que actuaran de tallavents pels puntuals dies hivernals de persistent vent provinent de la costa, especialment des del <strong>Parc Natural d\u2019Es Trenc Salobrar<\/strong>. Aquestes varietats, principalment <strong>pi causarina<\/strong> i <strong>tues<\/strong>, donaran pas a altres varietats de <strong>fruiters secs<\/strong>, adaptats a les condicions clim\u00e0tiques i edafol\u00f2giques de Campos, com <strong>l\u2019ametller<\/strong> o el <strong>garrofer<\/strong>. Tamb\u00e9 una varietat de <strong>figueres<\/strong> i <strong>oliveres<\/strong>. A poc a poc, s\u2019aniran baixant estrats per donar pas a <strong>albercoquers<\/strong>, <strong>pruneres<\/strong> i <strong>vinyes<\/strong>, juntament amb <strong>t\u00e0pereres<\/strong>, <strong>figueres de moro<\/strong>, <strong>magraners<\/strong> i altres varietats, la producci\u00f3 de les quals ja no es troba en els circuits comercials, com s\u00f3n el <strong>ginjoler<\/strong>, <strong>l\u2019atzeroler<\/strong>, el <strong>codonyer<\/strong> o la <strong>nespra<\/strong>.<\/h3>\n<h3 style=\"text-align: justify;\"><\/h3>\n<\/div><div class=\"fusion-image-element \" style=\"text-align:center;--awb-caption-title-size:var(--h2_typography-font-size);--awb-caption-title-transform:var(--h2_typography-text-transform);--awb-caption-title-line-height:var(--h2_typography-line-height);--awb-caption-title-letter-spacing:var(--h2_typography-letter-spacing);\"><span class=\" fusion-imageframe imageframe-none imageframe-4 hover-type-none fusion-animated\" data-animationType=\"fadeInDown\" data-animationDuration=\"0.1\" data-animationOffset=\"top-into-view\"><img decoding=\"async\" src=\"data:image\/gif;base64,R0lGODlhAQABAAAAACH5BAEKAAEALAAAAAABAAEAAAICTAEAOw==\" data-orig-src=\"http:\/\/ecomuseosonllado.com\/wp-content\/uploads\/2015\/04\/imagen-satelite-son-llado.jpg\" alt class=\"lazyload img-responsive\"\/><\/span><\/div><div class=\"fusion-text fusion-text-3\"><h3 style=\"text-align: justify;\">Una vegada establerts els primers estrats del bosc comestible es donar\u00e0 pas als c\u00edtrics, especialment a les llimones, que aguanten molt b\u00e9 el calor i que s\u00f3n molt resistents a les plagues. Les plantes arom\u00e0tiques i medicinals, juntament amb algunes hortalisses, quedaran aprop\u00a0de les edificacions, resguardades i accessibles.<\/h3>\n<h3 style=\"text-align: justify;\"><\/h3>\n<\/div><div class=\"fusion-image-element \" style=\"text-align:center;--awb-caption-title-size:var(--h2_typography-font-size);--awb-caption-title-transform:var(--h2_typography-text-transform);--awb-caption-title-line-height:var(--h2_typography-line-height);--awb-caption-title-letter-spacing:var(--h2_typography-letter-spacing);\"><span class=\" fusion-imageframe imageframe-none imageframe-5 hover-type-none fusion-animated\" data-animationType=\"fadeInDown\" data-animationDuration=\"0.1\" data-animationOffset=\"top-into-view\"><img decoding=\"async\" src=\"data:image\/gif;base64,R0lGODlhAQABAAAAACH5BAEKAAEALAAAAAABAAEAAAICTAEAOw==\" data-orig-src=\"http:\/\/ecomuseosonllado.com\/wp-content\/uploads\/2015\/07\/20150709_201630-e1438004784868.jpg\" alt class=\"lazyload img-responsive\"\/><\/span><\/div><div class=\"fusion-text fusion-text-4\"><h3 style=\"text-align: justify;\">Per posar la guinda a un espai tan singular s\u2019experimentar\u00e0 amb l\u2019hort en capes de tipus <strong><em>lasagna<\/em><\/strong>, sense conreu <strong><em>no-till<\/em> <em>gardening<\/em><\/strong>, recolzat amb t\u00e8cniques com el <strong><em>Hugelkultur<\/em><\/strong> i d\u2019altres com <strong><em>l&#8217;acolxat<\/em><\/strong> que ajuden a <strong>reduir el consum d\u2019aigua\u00a0i<\/strong>\u00a0que facilitan el manteniment de la humitat per m\u00e9s temps al subs\u00f2l.<\/h3>\n<h3 style=\"text-align: justify;\">Un rac\u00f3 que pret\u00e9n ser un petit verger a on, a m\u00e9s de produir diferents aliments, es desenvolupi una interessant figura de conservaci\u00f3 i valoritzaci\u00f3 de la biodiversitat local.<\/h3>\n<\/div><div class=\"fusion-image-element \" style=\"text-align:center;--awb-caption-title-size:var(--h2_typography-font-size);--awb-caption-title-transform:var(--h2_typography-text-transform);--awb-caption-title-line-height:var(--h2_typography-line-height);--awb-caption-title-letter-spacing:var(--h2_typography-letter-spacing);\"><span class=\" fusion-imageframe imageframe-none imageframe-6 hover-type-none fusion-animated\" data-animationType=\"fadeInDown\" data-animationDuration=\"0.1\" data-animationOffset=\"top-into-view\"><img decoding=\"async\" src=\"data:image\/gif;base64,R0lGODlhAQABAAAAACH5BAEKAAEALAAAAAABAAEAAAICTAEAOw==\" data-orig-src=\"http:\/\/ecomuseosonllado.com\/wp-content\/uploads\/2015\/04\/espai-futur-bosc-comestible.jpg\" alt class=\"lazyload img-responsive\"\/><\/span><\/div><\/div><\/div><\/div><\/div><\/p>\n","protected":false},"excerpt":{"rendered":"","protected":false},"author":1,"featured_media":0,"parent":628,"menu_order":0,"comment_status":"open","ping_status":"open","template":"","meta":{"footnotes":""},"class_list":["post-654","page","type-page","status-publish","hentry"],"acf":[],"_links":{"self":[{"href":"https:\/\/ecomuseosonllado.com\/ca\/wp-json\/wp\/v2\/pages\/654"}],"collection":[{"href":"https:\/\/ecomuseosonllado.com\/ca\/wp-json\/wp\/v2\/pages"}],"about":[{"href":"https:\/\/ecomuseosonllado.com\/ca\/wp-json\/wp\/v2\/types\/page"}],"author":[{"embeddable":true,"href":"https:\/\/ecomuseosonllado.com\/ca\/wp-json\/wp\/v2\/users\/1"}],"replies":[{"embeddable":true,"href":"https:\/\/ecomuseosonllado.com\/ca\/wp-json\/wp\/v2\/comments?post=654"}],"version-history":[{"count":1,"href":"https:\/\/ecomuseosonllado.com\/ca\/wp-json\/wp\/v2\/pages\/654\/revisions"}],"predecessor-version":[{"id":2506,"href":"https:\/\/ecomuseosonllado.com\/ca\/wp-json\/wp\/v2\/pages\/654\/revisions\/2506"}],"up":[{"embeddable":true,"href":"https:\/\/ecomuseosonllado.com\/ca\/wp-json\/wp\/v2\/pages\/628"}],"wp:attachment":[{"href":"https:\/\/ecomuseosonllado.com\/ca\/wp-json\/wp\/v2\/media?parent=654"}],"curies":[{"name":"wp","href":"https:\/\/api.w.org\/{rel}","templated":true}]}}