{"id":652,"date":"2015-04-01T18:33:15","date_gmt":"2015-04-01T18:33:15","guid":{"rendered":"http:\/\/ecomuseosonllado.com\/?page_id=652"},"modified":"2023-02-21T16:55:08","modified_gmt":"2023-02-21T16:55:08","slug":"les-races-autoctones","status":"publish","type":"page","link":"https:\/\/ecomuseosonllado.com\/ca\/ecomuseu\/les-races-autoctones\/","title":{"rendered":"Les races aut\u00f2ctones a Son Llad\u00f3"},"content":{"rendered":"<p><div class=\"fusion-fullwidth fullwidth-box fusion-builder-row-1 fusion-flex-container hundred-percent-fullwidth non-hundred-percent-height-scrolling\" style=\"--awb-border-radius-top-left:0px;--awb-border-radius-top-right:0px;--awb-border-radius-bottom-right:0px;--awb-border-radius-bottom-left:0px;--awb-overflow:visible;\" ><div class=\"fusion-builder-row fusion-row fusion-flex-align-items-flex-start\" style=\"width:104% !important;max-width:104% !important;margin-left: calc(-4% \/ 2 );margin-right: calc(-4% \/ 2 );\"><div class=\"fusion-layout-column fusion_builder_column fusion-builder-column-0 fusion_builder_column_1_4 1_4 fusion-flex-column\" style=\"--awb-bg-size:cover;--awb-width-large:25%;--awb-margin-top-large:0px;--awb-spacing-right-large:3.84%;--awb-margin-bottom-large:0px;--awb-spacing-left-large:7.68%;--awb-width-medium:100%;--awb-spacing-right-medium:1.92%;--awb-spacing-left-medium:1.92%;--awb-width-small:100%;--awb-spacing-right-small:1.92%;--awb-spacing-left-small:1.92%;\"><div class=\"fusion-column-wrapper fusion-flex-justify-content-flex-start fusion-content-layout-column\"><div class=\"fusion-image-element \" style=\"text-align:center;--awb-caption-title-size:var(--h2_typography-font-size);--awb-caption-title-transform:var(--h2_typography-text-transform);--awb-caption-title-line-height:var(--h2_typography-line-height);--awb-caption-title-letter-spacing:var(--h2_typography-letter-spacing);\"><span class=\" fusion-imageframe imageframe-none imageframe-1 hover-type-none fusion-animated\" data-animationType=\"fadeInDown\" data-animationDuration=\"0.1\" data-animationOffset=\"top-into-view\"><img decoding=\"async\" src=\"data:image\/gif;base64,R0lGODlhAQABAAAAACH5BAEKAAEALAAAAAABAAEAAAICTAEAOw==\" data-orig-src=\"http:\/\/ecomuseosonllado.com\/wp-content\/uploads\/2015\/04\/111.jpg\" alt class=\"lazyload img-responsive\"\/><\/span><\/div><\/div><\/div><div class=\"fusion-layout-column fusion_builder_column fusion-builder-column-1 fusion_builder_column_3_4 3_4 fusion-flex-column\" style=\"--awb-bg-size:cover;--awb-width-large:75%;--awb-margin-top-large:0px;--awb-spacing-right-large:2.56%;--awb-margin-bottom-large:0px;--awb-spacing-left-large:3.84%;--awb-width-medium:100%;--awb-spacing-right-medium:1.92%;--awb-spacing-left-medium:1.92%;--awb-width-small:100%;--awb-spacing-right-small:1.92%;--awb-spacing-left-small:1.92%;\"><div class=\"fusion-column-wrapper fusion-flex-justify-content-flex-start fusion-content-layout-column\"><div class=\"fusion-image-element \" style=\"text-align:center;--awb-caption-title-size:var(--h2_typography-font-size);--awb-caption-title-transform:var(--h2_typography-text-transform);--awb-caption-title-line-height:var(--h2_typography-line-height);--awb-caption-title-letter-spacing:var(--h2_typography-letter-spacing);\"><span class=\" fusion-imageframe imageframe-none imageframe-2 hover-type-none fusion-animated\" data-animationType=\"fadeInDown\" data-animationDuration=\"0.1\" data-animationOffset=\"top-into-view\"><img decoding=\"async\" src=\"data:image\/gif;base64,R0lGODlhAQABAAAAACH5BAEKAAEALAAAAAABAAEAAAICTAEAOw==\" data-orig-src=\"http:\/\/ecomuseosonllado.com\/wp-content\/uploads\/2015\/04\/11-races-v2.jpg\" alt class=\"lazyload img-responsive\"\/><\/span><\/div><\/div><\/div><div class=\"fusion-layout-column fusion_builder_column fusion-builder-column-2 fusion_builder_column_1_1 1_1 fusion-flex-column fusion-flex-align-self-flex-start fusion-column-no-min-height\" style=\"--awb-bg-size:cover;--awb-width-large:100%;--awb-margin-top-large:0px;--awb-spacing-right-large:1.92%;--awb-margin-bottom-large:0px;--awb-spacing-left-large:1.92%;--awb-width-medium:100%;--awb-spacing-right-medium:1.92%;--awb-spacing-left-medium:1.92%;--awb-width-small:100%;--awb-spacing-right-small:1.92%;--awb-spacing-left-small:1.92%;\"><div class=\"fusion-column-wrapper fusion-flex-justify-content-flex-start fusion-content-layout-column\"><div class=\"fusion-separator fusion-full-width-sep\" style=\"align-self: center;margin-left: auto;margin-right: auto;margin-top:8px;margin-bottom:8px;width:100%;\"><\/div><\/div><\/div><\/div><\/div><div class=\"fusion-fullwidth fullwidth-box fusion-builder-row-2 fusion-flex-container nonhundred-percent-fullwidth non-hundred-percent-height-scrolling\" style=\"--awb-background-position:left top;--awb-border-radius-top-left:0px;--awb-border-radius-top-right:0px;--awb-border-radius-bottom-right:0px;--awb-border-radius-bottom-left:0px;--awb-padding-top:20px;--awb-padding-right:0px;--awb-padding-bottom:20px;--awb-padding-left:0px;--awb-border-sizes-top:0px;--awb-border-sizes-bottom:0px;\" ><div class=\"fusion-builder-row fusion-row fusion-flex-align-items-flex-start\" style=\"max-width:calc( 1100px + 0px );margin-left: calc(-0px \/ 2 );margin-right: calc(-0px \/ 2 );\"><div class=\"fusion-layout-column fusion_builder_column fusion-builder-column-3 fusion_builder_column_1_1 1_1 fusion-flex-column fusion-flex-align-self-flex-start fusion-column-no-min-height\" style=\"--awb-bg-size:cover;--awb-width-large:100%;--awb-margin-top-large:0px;--awb-spacing-right-large:0px;--awb-margin-bottom-large:0px;--awb-spacing-left-large:0px;--awb-width-medium:100%;--awb-spacing-right-medium:0px;--awb-spacing-left-medium:0px;--awb-width-small:100%;--awb-spacing-right-small:0px;--awb-spacing-left-small:0px;\"><div class=\"fusion-column-wrapper fusion-flex-justify-content-flex-start fusion-content-layout-column\"><div class=\"fusion-text fusion-text-1\"><h3 style=\"text-align: justify;\">L\u2019activitat agr\u00edcola-ramadera\u00a0\u00e9s una \u00e0rea productiva m\u00e9s a la finca <strong>Son Llad\u00f3<\/strong>. L\u2019objectiu \u00e9s donar visibilitat a una s\u00e8rie de recursos i m\u00e8todes tradicionals de gesti\u00f3, mitjan\u00e7ant l\u2019activitat tur\u00edstica que tamb\u00e9 es desenvolupa en la finca. Aquests recursos es posen en valor de forma natural, el que permet que el visitant s\u2019integri amb ells i els conegui de primera m\u00e0, sabent que aquells recursos sempre estan all\u00e0, independentment de que hi hagi turistes o no. Es tracta de fugir del concepte cl\u00e0ssic de \u201cmusealitzaci\u00f3\u201d de moltes granges escoles i agroturismes o hotels rurals, donant a con\u00e8ixer l\u2019ess\u00e8ncia del m\u00f3n rural mallorqu\u00ed i campaner mitjan\u00e7ant experi\u00e8ncies aut\u00e8ntiques i no empaquetades.<\/h3>\n<h3 style=\"text-align: justify;\">Aquest projecte <strong>d\u2019Ecomuseu Etnogr\u00e0fic del Patrimoni Rural<\/strong> no podia deixar de reparar en aquesta circumst\u00e0ncia, donant visibilitat al conjunt de <strong>races ramaderes aut\u00f2ctones<\/strong> que formen part de <strong>Son Llad\u00f3<\/strong>. Per xerrar de gesti\u00f3 sostenible en un territori, procurant un equilibri en el consum de recursos, \u00e9s imprescindible tenir present les\u00a0races aut\u00f2ctones, esp\u00e8cies fetes per i pel territori a on s\u2019assenten. Gestionen, aprofiten i retornen en una perfecta sintonia els recursos del que es proveeixen. Una simfonia orquestrada en molts casos al llarg dels segles, que <strong>s\u2019enfronta<\/strong> als patrons moderns de productivitat, on la <strong>rendibilitat econ\u00f2mica<\/strong> a trav\u00e9s d\u2019una necessitat b\u00e0sica de l\u2019\u00e9sser hum\u00e0, la de la producci\u00f3 agroaliment\u00e0ria, ha estat l\u2019\u00fanic gui\u00f3.<\/h3>\n<\/div><div class=\"fusion-separator fusion-full-width-sep\" style=\"align-self: center;margin-left: auto;margin-right: auto;margin-top:8px;margin-bottom:8px;width:100%;\"><\/div><\/div><\/div><div class=\"fusion-layout-column fusion_builder_column fusion-builder-column-4 fusion_builder_column_1_1 1_1 fusion-flex-column fusion-flex-align-self-flex-start fusion-column-no-min-height\" style=\"--awb-bg-size:cover;--awb-width-large:100%;--awb-margin-top-large:0px;--awb-spacing-right-large:0px;--awb-margin-bottom-large:0px;--awb-spacing-left-large:0px;--awb-width-medium:100%;--awb-spacing-right-medium:0px;--awb-spacing-left-medium:0px;--awb-width-small:100%;--awb-spacing-right-small:0px;--awb-spacing-left-small:0px;\"><div class=\"fusion-column-wrapper fusion-flex-justify-content-flex-start fusion-content-layout-column\"><div class=\"fusion-soundcloud\"><iframe scrolling=\"no\" frameborder=\"no\" width=\"100%\" height=\"180\" allow=\"autoplay\" src=\"https:\/\/w.soundcloud.com\/player\/?url=https:\/\/soundcloud.com\/ecomuseo-son-llado\/sonidos-en-la-granja-animales-campos-mallorca&amp;auto_play=false&amp;hide_related=true&amp;show_comments=true&amp;show_user=true&amp;show_reposts=false&amp;visual=false&amp;color=165a93\" title=\"soundcloud\"><\/iframe><\/div><\/div><\/div><\/div><\/div><div class=\"fusion-fullwidth fullwidth-box fusion-builder-row-3 fusion-flex-container hundred-percent-fullwidth non-hundred-percent-height-scrolling\" style=\"--awb-border-radius-top-left:0px;--awb-border-radius-top-right:0px;--awb-border-radius-bottom-right:0px;--awb-border-radius-bottom-left:0px;--awb-overflow:visible;\" ><div class=\"fusion-builder-row fusion-row fusion-flex-align-items-flex-start\" style=\"width:calc( 100% + 0px ) !important;max-width:calc( 100% + 0px ) !important;margin-left: calc(-0px \/ 2 );margin-right: calc(-0px \/ 2 );\"><div class=\"fusion-layout-column fusion_builder_column fusion-builder-column-5 fusion_builder_column_1_1 1_1 fusion-flex-column fusion-flex-align-self-flex-start fusion-column-no-min-height\" style=\"--awb-bg-size:cover;--awb-width-large:100%;--awb-margin-top-large:0px;--awb-spacing-right-large:0px;--awb-margin-bottom-large:0px;--awb-spacing-left-large:0px;--awb-width-medium:100%;--awb-spacing-right-medium:0px;--awb-spacing-left-medium:0px;--awb-width-small:100%;--awb-spacing-right-small:0px;--awb-spacing-left-small:0px;\"><div class=\"fusion-column-wrapper fusion-flex-justify-content-flex-start fusion-content-layout-column\"><div class=\"fusion-text fusion-text-2\"><h3 style=\"text-align: justify;\">Campos ha estat un exemple de tot aix\u00f2. La florent ind\u00fastria ramadera al voltant de les innumerables vaqueries que va haver dins el municipi es va desenvolupar amb la vaca frisona com a estendard, la \u201cfamosa\u201d vaca de pell blanca i negra origin\u00e0ria d\u2019Holanda. La frisona \u00e9s coneguda per ser una de les millors races productores de llet, per\u00f2 tamb\u00e9 \u00e9s una gran consumidora de recursos, especialment h\u00eddrics. Tot el contrari que la <strong>vaca mallorquin<\/strong>a, de capa color castany que varia del rosat fins a quasi el negre. \u00c9s m\u00e9s r\u00fastica, forta, bona reproductora i amb un gran instint maternal. Est\u00e0 adaptada a l\u2019alimentaci\u00f3 disponible a l\u2019illa, encara que \u00e9s molt menys productora de llet i de menor planta, ja que el pes de les femelles adultes oscil\u00b7la entre els 300 i els 350 quilos. Tot i tenir una pres\u00e8ncia mil\u00b7len\u00e0ria a l\u2019illa (segons restes trobats en els talaiots, seria superior als dos mil anys), la cabanya la conformen un n\u00famero molt redu\u00eft d\u2019animals, sempre en <strong>perill d\u2019extinci\u00f3<\/strong>. De fet, la seva pres\u00e8ncia s\u2019ha salvat gr\u00e0cies al seu \u00fas en el control de la vegetaci\u00f3 en zones marginals de les muntanyes i de l\u2019Albufera.<\/h3>\n<\/div><div class=\"fusion-image-element \" style=\"text-align:center;--awb-caption-title-size:var(--h2_typography-font-size);--awb-caption-title-transform:var(--h2_typography-text-transform);--awb-caption-title-line-height:var(--h2_typography-line-height);--awb-caption-title-letter-spacing:var(--h2_typography-letter-spacing);\"><span class=\" fusion-imageframe imageframe-none imageframe-3 hover-type-none fusion-animated\" data-animationType=\"fadeInDown\" data-animationDuration=\"0.1\" data-animationOffset=\"top-into-view\"><img decoding=\"async\" src=\"data:image\/gif;base64,R0lGODlhAQABAAAAACH5BAEKAAEALAAAAAABAAEAAAICTAEAOw==\" data-orig-src=\"http:\/\/ecomuseosonllado.com\/wp-content\/uploads\/2015\/04\/vaca-mallorquina.jpg\" alt class=\"lazyload img-responsive\"\/><\/span><\/div><div class=\"fusion-text fusion-text-3\"><h3 style=\"text-align: justify;\">La <strong>vaca mallorquina<\/strong> tampoc \u00e9s un referent est\u00e0ndard per a la producci\u00f3 de carn, encara que la cria i engreixament mitjan\u00e7ant pasturatge tradicional en el seu medi rural aconsegueix bons resultats. En tot cas, \u00e9s una ra\u00e7a \u00fanica si es valoren com a plusos les <strong>aportacions mediambientals<\/strong> i de conservaci\u00f3 i la transfer\u00e8ncia de tot aquell saber fer i equilibri en la gesti\u00f3 d\u2019un territori. Amb tot aix\u00f2, es poden obtenir productes agroalimentaris com a s\u00edmbols identitaris d\u2019un lloc, en aquest cas de Mallorca, aix\u00ed com de tots els seus habitants. En aquest sentit, la llet de la vaca frisona es produeix i es consumeix en innumerables llocs de tot el m\u00f3n en l\u2019actualitat. La carn de la vaca mallorquina nom\u00e9s es produeix a Mallorca, el que podria ser un <strong>valor diferencial<\/strong> brutal i molt apreciat per la poblaci\u00f3 local i pels visitants.<\/h3>\n<h3 style=\"text-align: justify;\"><\/h3>\n<\/div><div class=\"fusion-image-element \" style=\"text-align:center;--awb-caption-title-size:var(--h2_typography-font-size);--awb-caption-title-transform:var(--h2_typography-text-transform);--awb-caption-title-line-height:var(--h2_typography-line-height);--awb-caption-title-letter-spacing:var(--h2_typography-letter-spacing);\"><span class=\" fusion-imageframe imageframe-none imageframe-4 hover-type-none fusion-animated\" data-animationType=\"fadeInDown\" data-animationDuration=\"0.1\" data-animationOffset=\"top-into-view\"><img decoding=\"async\" src=\"data:image\/gif;base64,R0lGODlhAQABAAAAACH5BAEKAAEALAAAAAABAAEAAAICTAEAOw==\" data-orig-src=\"http:\/\/ecomuseosonllado.com\/wp-content\/uploads\/2015\/04\/Mallorca_PaisajesSonoros-83.jpg\" alt class=\"lazyload img-responsive\"\/><\/span><\/div><div class=\"fusion-separator fusion-full-width-sep\" style=\"align-self: center;margin-left: auto;margin-right: auto;margin-top:8px;margin-bottom:8px;width:100%;\"><\/div><\/div><\/div><div class=\"fusion-layout-column fusion_builder_column fusion-builder-column-6 fusion_builder_column_1_1 1_1 fusion-flex-column fusion-flex-align-self-flex-start fusion-column-no-min-height\" style=\"--awb-bg-size:cover;--awb-width-large:100%;--awb-margin-top-large:0px;--awb-spacing-right-large:0px;--awb-margin-bottom-large:0px;--awb-spacing-left-large:0px;--awb-width-medium:100%;--awb-spacing-right-medium:0px;--awb-spacing-left-medium:0px;--awb-width-small:100%;--awb-spacing-right-small:0px;--awb-spacing-left-small:0px;\"><div class=\"fusion-column-wrapper fusion-flex-justify-content-flex-start fusion-content-layout-column\"><div class=\"fusion-soundcloud\"><iframe scrolling=\"no\" frameborder=\"no\" width=\"100%\" height=\"180\" allow=\"autoplay\" src=\"https:\/\/w.soundcloud.com\/player\/?url=https:\/\/soundcloud.com\/ecomuseo-son-llado\/porc-negre-raza-autoctona-campos-mallorca&amp;auto_play=false&amp;hide_related=true&amp;show_comments=true&amp;show_user=true&amp;show_reposts=false&amp;visual=false&amp;color=165a93\" title=\"soundcloud\"><\/iframe><\/div><div class=\"fusion-text fusion-text-4\"><h3 style=\"text-align: justify;\">La vaca mallorquina no \u00e9s l\u2019\u00fanic cas. Hi ha m\u00e9s races ramaderes com el porc negre, una de les races ramaderes m\u00e9s antigues de Balears i l\u2019art\u00edfex de l\u2019aut\u00e8ntica sobrassada mallorquina. El <strong>porc negre<\/strong> va estar a punt de desapar\u00e8ixer, ja que durant molts d\u2019anys es varen mesclar races i es varen prevaler varietats m\u00e9s productives, el que va suposar una p\u00e8rdua de l\u2019ess\u00e8ncia d\u2019un dels productes mallorquins m\u00e9s emblem\u00e0tics. Per sort, avui dia el seu futur no corre perill, ja que existeix la voluntat de posar en el mercat un producte d\u2019alta <strong>qualitat i garantia<\/strong> d\u2019elaboraci\u00f3. Tot aix\u00f2 ha consolidat la Denominaci\u00f3 d\u2019Origen del producte <strong>\u201cSobrassada de Mallorca de Porc Negre\u201d<\/strong>, gr\u00e0cies a l\u2019enteniment entre productors i industrials. A m\u00e9s, l\u2019auge de la ra\u00e7a s\u2019ha vist refor\u00e7at gr\u00e0cies a la major demanda comercial de la \u201cPorcella de Porc Negre\u201d, una especialitat gastron\u00f2mica de gran tradici\u00f3 a Mallorca i que novament s\u2019ofereix en selectes establiments de restauraci\u00f3.<\/h3>\n<\/div><div class=\"fusion-image-element \" style=\"text-align:center;--awb-caption-title-size:var(--h2_typography-font-size);--awb-caption-title-transform:var(--h2_typography-text-transform);--awb-caption-title-line-height:var(--h2_typography-line-height);--awb-caption-title-letter-spacing:var(--h2_typography-letter-spacing);\"><span class=\" fusion-imageframe imageframe-none imageframe-5 hover-type-none fusion-animated\" data-animationType=\"fadeInDown\" data-animationDuration=\"0.1\" data-animationOffset=\"top-into-view\"><img decoding=\"async\" src=\"data:image\/gif;base64,R0lGODlhAQABAAAAACH5BAEKAAEALAAAAAABAAEAAAICTAEAOw==\" data-orig-src=\"http:\/\/ecomuseosonllado.com\/wp-content\/uploads\/2015\/06\/ovelles-tosses1-e1434738712538.jpg\" alt class=\"lazyload img-responsive\"\/><\/span><\/div><div class=\"fusion-separator fusion-full-width-sep\" style=\"align-self: center;margin-left: auto;margin-right: auto;margin-top:8px;margin-bottom:8px;width:100%;\"><\/div><div class=\"fusion-image-element \" style=\"text-align:center;--awb-caption-title-size:var(--h2_typography-font-size);--awb-caption-title-transform:var(--h2_typography-text-transform);--awb-caption-title-line-height:var(--h2_typography-line-height);--awb-caption-title-letter-spacing:var(--h2_typography-letter-spacing);\"><span class=\" fusion-imageframe imageframe-none imageframe-6 hover-type-none fusion-animated\" data-animationType=\"fadeInDown\" data-animationDuration=\"0.1\" data-animationOffset=\"top-into-view\"><img decoding=\"async\" src=\"data:image\/gif;base64,R0lGODlhAQABAAAAACH5BAEKAAEALAAAAAABAAEAAAICTAEAOw==\" data-orig-src=\"http:\/\/ecomuseosonllado.com\/wp-content\/uploads\/2015\/04\/Mallorca_PaisajesSonoros-154.jpg\" alt class=\"lazyload img-responsive\"\/><\/span><\/div><div class=\"fusion-separator fusion-full-width-sep\" style=\"align-self: center;margin-left: auto;margin-right: auto;margin-top:8px;margin-bottom:8px;width:100%;\"><\/div><\/div><\/div><div class=\"fusion-layout-column fusion_builder_column fusion-builder-column-7 fusion_builder_column_1_1 1_1 fusion-flex-column fusion-flex-align-self-flex-start fusion-column-no-min-height\" style=\"--awb-bg-size:cover;--awb-width-large:100%;--awb-margin-top-large:0px;--awb-spacing-right-large:0px;--awb-margin-bottom-large:0px;--awb-spacing-left-large:0px;--awb-width-medium:100%;--awb-spacing-right-medium:0px;--awb-spacing-left-medium:0px;--awb-width-small:100%;--awb-spacing-right-small:0px;--awb-spacing-left-small:0px;\"><div class=\"fusion-column-wrapper fusion-flex-justify-content-flex-start fusion-content-layout-column\"><div class=\"fusion-soundcloud\"><iframe scrolling=\"no\" frameborder=\"no\" width=\"100%\" height=\"180\" allow=\"autoplay\" src=\"https:\/\/w.soundcloud.com\/player\/?url=https:\/\/soundcloud.com\/ecomuseo-son-llado\/ovella-roja-mallorquina-raza-autoctona-campos-mallorca&amp;auto_play=false&amp;hide_related=true&amp;show_comments=true&amp;show_user=true&amp;show_reposts=false&amp;visual=false&amp;color=165a93\" title=\"soundcloud\"><\/iframe><\/div><div class=\"fusion-text fusion-text-5\"><h3 style=\"text-align: justify;\">En tot cas, \u00e9s <strong>l\u2019ovella blanca mallorquina<\/strong> l\u2019element central de l\u2019activitat ramadera de Son Llad\u00f3, de la cura de la qual s\u2019encarrega un exemplar de <strong>ca de bestiar<\/strong>, una varietat aut\u00f2ctona de ca molt lligat dins Mallorca al pasturatge ov\u00ed. Aquesta tipologia d\u2019ovella va sorgir fruit del mestissatge que va comportar el constant tr\u00e0nsit comercial en el Mediterrani al llarg dels segles. A difer\u00e8ncia de la seva cosina germana, <strong>l\u2019ovella roja mallorquina<\/strong>, m\u00e9s delicada i destinada, majorit\u00e0riament, a la producci\u00f3 de llet per a l\u2019elaboraci\u00f3 de formatges, <strong>l\u2019ovella blanca mallorquina<\/strong> \u00e9s m\u00e9s r\u00fastica i vividora i la carn de les seves cries \u00e9s molt apreciada i peculiar.<\/h3>\n<\/div><\/div><\/div><div class=\"fusion-layout-column fusion_builder_column fusion-builder-column-8 fusion_builder_column_1_1 1_1 fusion-flex-column fusion-flex-align-self-flex-start fusion-column-no-min-height\" style=\"--awb-bg-size:cover;--awb-width-large:100%;--awb-margin-top-large:0px;--awb-spacing-right-large:0px;--awb-margin-bottom-large:0px;--awb-spacing-left-large:0px;--awb-width-medium:100%;--awb-spacing-right-medium:0px;--awb-spacing-left-medium:0px;--awb-width-small:100%;--awb-spacing-right-small:0px;--awb-spacing-left-small:0px;\"><div class=\"fusion-column-wrapper fusion-flex-justify-content-flex-start fusion-content-layout-column\"><div class=\"fusion-video fusion-vimeo\" style=\"--awb-max-width:1200px;--awb-max-height:675px;\"><div class=\"video-shortcode\"><lite-vimeo videoid=\"129548266\" class=\"landscape\" params=\"&autopause=0\" title=\"Vimeo video player 1\"><\/lite-vimeo><\/div><\/div><div class=\"fusion-text fusion-text-6\"><h3 style=\"text-align: justify;\">\u00c9s una ovella que es cria, fonamentalment, amb m\u00e8todes de <strong>pasturatge<\/strong> tradicional, ja que s\u2019aprofita sense problemes de la vegetaci\u00f3 espont\u00e0nia, els rostolls, les fulles dels ametllers, etc. Per poder planificar una producci\u00f3 de cries al llarg de tot l\u2019any en una zona semi\u00e0rida com \u00e9s el sud de Mallorca, es dep\u00e8n tamb\u00e9 de les pastures sembrades, b\u00e0sicament de cereals. S&#8217;aprofiten\u00a0tant per a la seva alimentaci\u00f3 directa en verd com en sec, mitjan\u00e7ant la realitzaci\u00f3 de les\u00a0garbes\u00a0(o bales, ja que avui en dia es fa mec\u00e0nicament amb les embaladores)\u00a0que permeten el seu enmagatzematge i comptar amb una aportaci\u00f3 suplement\u00e0ria durant els peri\u00f2des amb\u00a0falta de pastura.<\/h3>\n<\/div><div class=\"fusion-image-element \" style=\"text-align:center;--awb-caption-title-size:var(--h2_typography-font-size);--awb-caption-title-transform:var(--h2_typography-text-transform);--awb-caption-title-line-height:var(--h2_typography-line-height);--awb-caption-title-letter-spacing:var(--h2_typography-letter-spacing);\"><span class=\" fusion-imageframe imageframe-none imageframe-7 hover-type-none fusion-animated\" data-animationType=\"fadeInDown\" data-animationDuration=\"0.1\" data-animationOffset=\"top-into-view\"><img decoding=\"async\" src=\"data:image\/gif;base64,R0lGODlhAQABAAAAACH5BAEKAAEALAAAAAABAAEAAAICTAEAOw==\" data-orig-src=\"http:\/\/ecomuseosonllado.com\/wp-content\/uploads\/2015\/04\/11-malle2537.jpg\" alt class=\"lazyload img-responsive\"\/><\/span><\/div><div class=\"fusion-text fusion-text-7\"><h3 style=\"text-align: justify;\">Les races aut\u00f2ctones que el visitant pot con\u00e8ixer a Son Llad\u00f3 es complementen amb les pertanyents al grup <strong>aviar<\/strong>. Un \u00a0grup de <strong>gallines mallorquines<\/strong>, juntament amb un altre <strong>d\u2019\u00e0nneres mallorquines<\/strong>. En aquest \u00faltim cas, es tracta d\u2019una varietat d\u2019\u00e0necs locals, molt t\u00edpics antigament en les finques pel consum propi que avui lluita per no extingir-se per sempre. A m\u00e9s, hi ha varies parelles de <strong>coloms de casta grossa<\/strong> que campen lliurement per la finca.<\/h3>\n<\/div><\/div><\/div><\/div><\/div><\/p>\n","protected":false},"excerpt":{"rendered":"","protected":false},"author":1,"featured_media":0,"parent":628,"menu_order":0,"comment_status":"open","ping_status":"open","template":"","meta":{"footnotes":""},"class_list":["post-652","page","type-page","status-publish","hentry"],"acf":[],"_links":{"self":[{"href":"https:\/\/ecomuseosonllado.com\/ca\/wp-json\/wp\/v2\/pages\/652"}],"collection":[{"href":"https:\/\/ecomuseosonllado.com\/ca\/wp-json\/wp\/v2\/pages"}],"about":[{"href":"https:\/\/ecomuseosonllado.com\/ca\/wp-json\/wp\/v2\/types\/page"}],"author":[{"embeddable":true,"href":"https:\/\/ecomuseosonllado.com\/ca\/wp-json\/wp\/v2\/users\/1"}],"replies":[{"embeddable":true,"href":"https:\/\/ecomuseosonllado.com\/ca\/wp-json\/wp\/v2\/comments?post=652"}],"version-history":[{"count":2,"href":"https:\/\/ecomuseosonllado.com\/ca\/wp-json\/wp\/v2\/pages\/652\/revisions"}],"predecessor-version":[{"id":2572,"href":"https:\/\/ecomuseosonllado.com\/ca\/wp-json\/wp\/v2\/pages\/652\/revisions\/2572"}],"up":[{"embeddable":true,"href":"https:\/\/ecomuseosonllado.com\/ca\/wp-json\/wp\/v2\/pages\/628"}],"wp:attachment":[{"href":"https:\/\/ecomuseosonllado.com\/ca\/wp-json\/wp\/v2\/media?parent=652"}],"curies":[{"name":"wp","href":"https:\/\/api.w.org\/{rel}","templated":true}]}}