{"id":650,"date":"2015-04-01T18:32:39","date_gmt":"2015-04-01T18:32:39","guid":{"rendered":"http:\/\/ecomuseosonllado.com\/?page_id=650"},"modified":"2023-02-21T16:55:08","modified_gmt":"2023-02-21T16:55:08","slug":"campos-avui","status":"publish","type":"page","link":"https:\/\/ecomuseosonllado.com\/ca\/ecomuseu\/campos-avui\/","title":{"rendered":"Campos avui"},"content":{"rendered":"<p><div class=\"fusion-fullwidth fullwidth-box fusion-builder-row-1 fusion-flex-container hundred-percent-fullwidth non-hundred-percent-height-scrolling\" style=\"--awb-border-radius-top-left:0px;--awb-border-radius-top-right:0px;--awb-border-radius-bottom-right:0px;--awb-border-radius-bottom-left:0px;--awb-overflow:visible;\" ><div class=\"fusion-builder-row fusion-row fusion-flex-align-items-flex-start\" style=\"width:104% !important;max-width:104% !important;margin-left: calc(-4% \/ 2 );margin-right: calc(-4% \/ 2 );\"><div class=\"fusion-layout-column fusion_builder_column fusion-builder-column-0 fusion_builder_column_1_4 1_4 fusion-flex-column\" style=\"--awb-bg-size:cover;--awb-width-large:25%;--awb-margin-top-large:0px;--awb-spacing-right-large:3.84%;--awb-margin-bottom-large:0px;--awb-spacing-left-large:7.68%;--awb-width-medium:100%;--awb-spacing-right-medium:1.92%;--awb-spacing-left-medium:1.92%;--awb-width-small:100%;--awb-spacing-right-small:1.92%;--awb-spacing-left-small:1.92%;\"><div class=\"fusion-column-wrapper fusion-flex-justify-content-flex-start fusion-content-layout-column\"><div class=\"fusion-image-element \" style=\"text-align:center;--awb-caption-title-size:var(--h2_typography-font-size);--awb-caption-title-transform:var(--h2_typography-text-transform);--awb-caption-title-line-height:var(--h2_typography-line-height);--awb-caption-title-letter-spacing:var(--h2_typography-letter-spacing);\"><span class=\" fusion-imageframe imageframe-none imageframe-1 hover-type-none fusion-animated\" data-animationType=\"fadeInDown\" data-animationDuration=\"0.1\" data-animationOffset=\"top-into-view\"><img decoding=\"async\" src=\"data:image\/gif;base64,R0lGODlhAQABAAAAACH5BAEKAAEALAAAAAABAAEAAAICTAEAOw==\" data-orig-src=\"http:\/\/ecomuseosonllado.com\/wp-content\/uploads\/2015\/04\/10.jpg\" alt class=\"lazyload img-responsive\"\/><\/span><\/div><\/div><\/div><div class=\"fusion-layout-column fusion_builder_column fusion-builder-column-1 fusion_builder_column_3_4 3_4 fusion-flex-column\" style=\"--awb-bg-size:cover;--awb-width-large:75%;--awb-margin-top-large:0px;--awb-spacing-right-large:2.56%;--awb-margin-bottom-large:0px;--awb-spacing-left-large:3.84%;--awb-width-medium:100%;--awb-spacing-right-medium:1.92%;--awb-spacing-left-medium:1.92%;--awb-width-small:100%;--awb-spacing-right-small:1.92%;--awb-spacing-left-small:1.92%;\"><div class=\"fusion-column-wrapper fusion-flex-justify-content-flex-start fusion-content-layout-column\"><div class=\"fusion-image-element \" style=\"text-align:center;--awb-caption-title-size:var(--h2_typography-font-size);--awb-caption-title-transform:var(--h2_typography-text-transform);--awb-caption-title-line-height:var(--h2_typography-line-height);--awb-caption-title-letter-spacing:var(--h2_typography-letter-spacing);\"><span class=\" fusion-imageframe imageframe-none imageframe-2 hover-type-none fusion-animated\" data-animationType=\"fadeInDown\" data-animationDuration=\"0.1\" data-animationOffset=\"top-into-view\"><img decoding=\"async\" src=\"data:image\/gif;base64,R0lGODlhAQABAAAAACH5BAEKAAEALAAAAAABAAEAAAICTAEAOw==\" data-orig-src=\"http:\/\/ecomuseosonllado.com\/wp-content\/uploads\/2015\/04\/10-Campos-avui.jpg\" alt class=\"lazyload img-responsive\"\/><\/span><\/div><\/div><\/div><div class=\"fusion-layout-column fusion_builder_column fusion-builder-column-2 fusion_builder_column_1_1 1_1 fusion-flex-column fusion-flex-align-self-flex-start fusion-column-no-min-height\" style=\"--awb-bg-size:cover;--awb-width-large:100%;--awb-margin-top-large:0px;--awb-spacing-right-large:1.92%;--awb-margin-bottom-large:0px;--awb-spacing-left-large:1.92%;--awb-width-medium:100%;--awb-spacing-right-medium:1.92%;--awb-spacing-left-medium:1.92%;--awb-width-small:100%;--awb-spacing-right-small:1.92%;--awb-spacing-left-small:1.92%;\"><div class=\"fusion-column-wrapper fusion-flex-justify-content-flex-start fusion-content-layout-column\"><div class=\"fusion-separator fusion-full-width-sep\" style=\"align-self: center;margin-left: auto;margin-right: auto;margin-top:8px;margin-bottom:8px;width:100%;\"><\/div><\/div><\/div><\/div><\/div><div class=\"fusion-fullwidth fullwidth-box fusion-builder-row-2 fusion-flex-container nonhundred-percent-fullwidth non-hundred-percent-height-scrolling\" style=\"--awb-background-position:left top;--awb-border-radius-top-left:0px;--awb-border-radius-top-right:0px;--awb-border-radius-bottom-right:0px;--awb-border-radius-bottom-left:0px;--awb-padding-top:20px;--awb-padding-right:0px;--awb-padding-bottom:20px;--awb-padding-left:0px;--awb-border-sizes-top:0px;--awb-border-sizes-bottom:0px;\" ><div class=\"fusion-builder-row fusion-row fusion-flex-align-items-flex-start\" style=\"max-width:calc( 1100px + 0px );margin-left: calc(-0px \/ 2 );margin-right: calc(-0px \/ 2 );\"><div class=\"fusion-layout-column fusion_builder_column fusion-builder-column-3 fusion_builder_column_1_1 1_1 fusion-flex-column fusion-flex-align-self-flex-start fusion-column-no-min-height\" style=\"--awb-bg-size:cover;--awb-width-large:100%;--awb-margin-top-large:0px;--awb-spacing-right-large:0px;--awb-margin-bottom-large:0px;--awb-spacing-left-large:0px;--awb-width-medium:100%;--awb-spacing-right-medium:0px;--awb-spacing-left-medium:0px;--awb-width-small:100%;--awb-spacing-right-small:0px;--awb-spacing-left-small:0px;\"><div class=\"fusion-column-wrapper fusion-flex-justify-content-flex-start fusion-content-layout-column\"><div class=\"fusion-text fusion-text-1\"><h3 style=\"text-align: justify;\"><strong>Campos<\/strong> ha viscut una considerable evoluci\u00f3 durant les \u00faltimes d\u00e8cades, fruit del ja mencionat aband\u00f3 d\u2019activitats productives vinculades al sector primari i de l\u2019adaptaci\u00f3 tardana per\u00f2 igual d\u2019incipient del municipi i dels seus recursos a les demandes del turisme.<\/h3>\n<h3 style=\"text-align: justify;\">Totes les empreses que es poden relacionar amb el sector de la construcci\u00f3 estan presents al municipi de Campos. Des de les que es dediquen a l\u2019excavaci\u00f3, construcci\u00f3, fabricaci\u00f3 i servei de materials a peu d\u2019obra, fins a les auxiliars com s\u00f3n les de fontaneria, electricitat, ferreria, fusteria, pintura, decoraci\u00f3, etc. Van n\u00e9ixer\u00a0i van con\u00e8ixer el seu auge entorn l\u2019establiment i manteniment de les finques agro-ramaderes per\u00f2, una vegada que el sector va entrar en crisi, varen derivar cap a la urbanitzaci\u00f3. En aquest sentit, varen formar part del <em>boom<\/em> immobiliari que tamb\u00e9 va caracteritzar a aquesta zona de <strong>Mallorca<\/strong>, sobretot a partir dels anys 70 i 80.<\/h3>\n<h3 style=\"text-align: justify;\">Pensem\u00a0que al municipi de Campos la puixan\u00e7a econ\u00f2mica de la gent del camp va possibilitar que moltes fam\u00edlies es poguessin permetre la construcci\u00f3 d\u2019un habitatge a\u00a0la vila. Encara que romania tancada durant pr\u00e0cticament tot l\u2019any, estava destinada a ser usada pels seus propietaris al moment de la \u00a0jubilaci\u00f3 o, en tot cas, per l\u2019\u00fas i \u00a0gaudiment de les generacions venidores.<\/h3>\n<h3 style=\"text-align: justify;\">En aquest context, les empreses relacionades amb el sector de la construcci\u00f3 van tenir una senzilla adaptaci\u00f3 a la nova realitat i continuaren amb la seva prosperitat, a difer\u00e8ncia de les f\u00e0briques que depenien del sector primari. En aquest cas han anat tancant una darrera l\u2019altra i algunes d\u2019elles han\u00a0donat pas a grans superf\u00edcies comercials. En tot cas, la crisi financera aflorada l\u2019any 2008 tamb\u00e9 va tenir un efecte negatiu a\u00a0la majoria d\u2019empreses depenents del sector de la construcci\u00f3.<\/h3>\n<h3 style=\"text-align: justify;\">Dins d\u2019aquesta derivaci\u00f3 cap al <strong>sector serveis<\/strong> criden poderosament l\u2019atenci\u00f3 dos fets, conseq\u00fc\u00e8ncia de la globalitzaci\u00f3 de la que el municipi de Campos tamb\u00e9 n&#8217;\u00e9s v\u00edctima. El primer \u00e9s que, tot i estar ubicat en un punt estrat\u00e8gic, de pas obligat per milers de cotxes, no s\u2019han afavorit els productes i comerciants locals. Tot al\u00a0\u00a0contrari, s\u2019ha produ\u00eft una enorme atracci\u00f3 per part de les grans superf\u00edcies existents a Mallorca, que s\u2019han instal\u00b7lat en la localitat fins al punt de fer perillar el futur dels comerciants locals. D\u2019altra banda, el <em>boom<\/em> de la construcci\u00f3 que va tenir lloc entre els anys 2002 i 2007 en el municipi va atreure a infinitat d\u2019empreses d\u2019aquest sector, procedents en molts casos de la resta de l\u2019illa (fins i tot de f\u00f3ra d\u2019ella). Aquestes empreses van treballar en projectes de nous habitatges residencials desenvolupats a Campos, en detriment tamb\u00e9 de les empreses locals, esgotant s\u00f2l i deixant habitatges buits.<\/h3>\n<\/div><\/div><\/div><\/div><\/div><div class=\"fusion-fullwidth fullwidth-box fusion-builder-row-3 fusion-flex-container hundred-percent-fullwidth non-hundred-percent-height-scrolling\" style=\"--awb-border-radius-top-left:0px;--awb-border-radius-top-right:0px;--awb-border-radius-bottom-right:0px;--awb-border-radius-bottom-left:0px;--awb-overflow:visible;\" ><div class=\"fusion-builder-row fusion-row fusion-flex-align-items-flex-start\" style=\"width:calc( 100% + 0px ) !important;max-width:calc( 100% + 0px ) !important;margin-left: calc(-0px \/ 2 );margin-right: calc(-0px \/ 2 );\"><div class=\"fusion-layout-column fusion_builder_column fusion-builder-column-4 fusion_builder_column_1_1 1_1 fusion-flex-column fusion-flex-align-self-flex-start fusion-column-no-min-height\" style=\"--awb-bg-size:cover;--awb-width-large:100%;--awb-margin-top-large:0px;--awb-spacing-right-large:0px;--awb-margin-bottom-large:0px;--awb-spacing-left-large:0px;--awb-width-medium:100%;--awb-spacing-right-medium:0px;--awb-spacing-left-medium:0px;--awb-width-small:100%;--awb-spacing-right-small:0px;--awb-spacing-left-small:0px;\"><div class=\"fusion-column-wrapper fusion-flex-justify-content-flex-start fusion-content-layout-column\"><div class=\"fusion-image-element \" style=\"text-align:center;--awb-caption-title-size:var(--h2_typography-font-size);--awb-caption-title-transform:var(--h2_typography-text-transform);--awb-caption-title-line-height:var(--h2_typography-line-height);--awb-caption-title-letter-spacing:var(--h2_typography-letter-spacing);\"><span class=\" fusion-imageframe imageframe-none imageframe-3 hover-type-none fusion-animated\" data-animationType=\"fadeInDown\" data-animationDuration=\"0.1\" data-animationOffset=\"top-into-view\"><img decoding=\"async\" src=\"data:image\/gif;base64,R0lGODlhAQABAAAAACH5BAEKAAEALAAAAAABAAEAAAICTAEAOw==\" data-orig-src=\"http:\/\/ecomuseosonllado.com\/wp-content\/uploads\/2015\/04\/10-piscina-aerea-1.jpg\" alt class=\"lazyload img-responsive\"\/><\/span><\/div><div class=\"fusion-text fusion-text-2\"><h3 style=\"text-align: justify;\">Actualment, sense entrar a valorar tota l\u2019oferta tur\u00edstica\u00a0existent\u00a0al municipi, podem comentar que hi ha m\u00e9s de vint establiments tur\u00edstics ubicats\u00a0al medi rural\u00a0de Campos, la gran majoria d\u2019ells agroturismes sorgits a\u00a0les mateixes finques \u00a0on, fins fa poc temps, els cultius de regadiu permetien la exist\u00e8ncia d\u2019una florent activitat ramadera. Posar en valor aquesta dualitat \u00e9s l\u2019objectiu d\u2019alguns d\u2019aquests establiments, com \u00e9s el cas de <strong>l\u2019agroturisme Son Llad\u00f3<\/strong>, el promotor de <strong>l\u2019Ecomuseu Etnogr\u00e0fic del Patrimoni Rural de Campos<\/strong>. Sense anar m\u00e9s lluny, es tracta d\u2019una finca agr\u00edcola-ramadera en actiu, amb una explotaci\u00f3 ramadera amb races aut\u00f2ctones mallorquines i amb una filosofia orientada a posar en valor tots aquests recursos agraris mitjan\u00e7ant un turisme sostenible en el pla mediambiental, sociocultural i econ\u00f2mic.<\/h3>\n<h3 style=\"text-align: justify;\">Aquest model de gesti\u00f3 es complementa amb un sistema agr\u00edcola-ramader sostenible i adaptat a les condicions reals de l\u2019entorn, amb l\u2019objectiu de trobar solucions adaptades a les condicions clim\u00e0tiques, paisatg\u00edstiques i naturals de la <strong>Finca Son Llad\u00f3<\/strong>. L\u2019\u00faltima finalitat \u00e9s obtenir, aix\u00ed, un ecosistema m\u00e9s resistent als recursos i a la pluviometria de la zona i menys dependent dels combustibles f\u00f2ssils.<\/h3>\n<h3 style=\"text-align: justify;\">L\u2019esperan\u00e7a pel municipi de Campos passa, econ\u00f2micament xerrant, per la necessitat de que tot aquest flux de visitants, tant els que venen atrets per les seves platges com els que desitgen una experi\u00e8ncia de vacances als hotels rurals, agroturismes o vivendes vacacionals\u00a0de la zona, aix\u00ed com els propis residents, s\u2019interessin pels productes i serveis locals.<\/h3>\n<h3 style=\"text-align: justify;\">I que els productors, comerciants i empresaris locals siguin capa\u00e7os d\u2019oferir aquests productes i\u00a0serveis amb una relaci\u00f3 qualitat-preu suficientment atractiva com per plantar cara a les empreses que estan descapitalitzant Campos avui dia.<\/h3>\n<\/div><\/div><\/div><\/div><\/div><\/p>\n","protected":false},"excerpt":{"rendered":"","protected":false},"author":1,"featured_media":0,"parent":628,"menu_order":0,"comment_status":"open","ping_status":"open","template":"","meta":{"footnotes":""},"class_list":["post-650","page","type-page","status-publish","hentry"],"acf":[],"_links":{"self":[{"href":"https:\/\/ecomuseosonllado.com\/ca\/wp-json\/wp\/v2\/pages\/650"}],"collection":[{"href":"https:\/\/ecomuseosonllado.com\/ca\/wp-json\/wp\/v2\/pages"}],"about":[{"href":"https:\/\/ecomuseosonllado.com\/ca\/wp-json\/wp\/v2\/types\/page"}],"author":[{"embeddable":true,"href":"https:\/\/ecomuseosonllado.com\/ca\/wp-json\/wp\/v2\/users\/1"}],"replies":[{"embeddable":true,"href":"https:\/\/ecomuseosonllado.com\/ca\/wp-json\/wp\/v2\/comments?post=650"}],"version-history":[{"count":1,"href":"https:\/\/ecomuseosonllado.com\/ca\/wp-json\/wp\/v2\/pages\/650\/revisions"}],"predecessor-version":[{"id":2509,"href":"https:\/\/ecomuseosonllado.com\/ca\/wp-json\/wp\/v2\/pages\/650\/revisions\/2509"}],"up":[{"embeddable":true,"href":"https:\/\/ecomuseosonllado.com\/ca\/wp-json\/wp\/v2\/pages\/628"}],"wp:attachment":[{"href":"https:\/\/ecomuseosonllado.com\/ca\/wp-json\/wp\/v2\/media?parent=650"}],"curies":[{"name":"wp","href":"https:\/\/api.w.org\/{rel}","templated":true}]}}