{"id":648,"date":"2015-04-01T18:31:56","date_gmt":"2015-04-01T18:31:56","guid":{"rendered":"http:\/\/ecomuseosonllado.com\/?page_id=648"},"modified":"2023-02-21T16:55:08","modified_gmt":"2023-02-21T16:55:08","slug":"campos-ahir","status":"publish","type":"page","link":"https:\/\/ecomuseosonllado.com\/ca\/ecomuseu\/campos-ahir\/","title":{"rendered":"Campos ahir"},"content":{"rendered":"<p><div class=\"fusion-fullwidth fullwidth-box fusion-builder-row-1 fusion-flex-container hundred-percent-fullwidth non-hundred-percent-height-scrolling\" style=\"--awb-border-radius-top-left:0px;--awb-border-radius-top-right:0px;--awb-border-radius-bottom-right:0px;--awb-border-radius-bottom-left:0px;--awb-overflow:visible;\" ><div class=\"fusion-builder-row fusion-row fusion-flex-align-items-flex-start\" style=\"width:104% !important;max-width:104% !important;margin-left: calc(-4% \/ 2 );margin-right: calc(-4% \/ 2 );\"><div class=\"fusion-layout-column fusion_builder_column fusion-builder-column-0 fusion_builder_column_1_4 1_4 fusion-flex-column\" style=\"--awb-bg-size:cover;--awb-width-large:25%;--awb-margin-top-large:0px;--awb-spacing-right-large:3.84%;--awb-margin-bottom-large:0px;--awb-spacing-left-large:7.68%;--awb-width-medium:100%;--awb-spacing-right-medium:1.92%;--awb-spacing-left-medium:1.92%;--awb-width-small:100%;--awb-spacing-right-small:1.92%;--awb-spacing-left-small:1.92%;\"><div class=\"fusion-column-wrapper fusion-flex-justify-content-flex-start fusion-content-layout-column\"><div class=\"fusion-image-element \" style=\"text-align:center;--awb-caption-title-size:var(--h2_typography-font-size);--awb-caption-title-transform:var(--h2_typography-text-transform);--awb-caption-title-line-height:var(--h2_typography-line-height);--awb-caption-title-letter-spacing:var(--h2_typography-letter-spacing);\"><span class=\" fusion-imageframe imageframe-none imageframe-1 hover-type-none fusion-animated\" data-animationType=\"fadeInDown\" data-animationDuration=\"0.1\" data-animationOffset=\"top-into-view\"><img decoding=\"async\" src=\"data:image\/gif;base64,R0lGODlhAQABAAAAACH5BAEKAAEALAAAAAABAAEAAAICTAEAOw==\" data-orig-src=\"http:\/\/ecomuseosonllado.com\/wp-content\/uploads\/2015\/04\/9.jpg\" alt class=\"lazyload img-responsive\"\/><\/span><\/div><\/div><\/div><div class=\"fusion-layout-column fusion_builder_column fusion-builder-column-1 fusion_builder_column_3_4 3_4 fusion-flex-column\" style=\"--awb-bg-size:cover;--awb-width-large:75%;--awb-margin-top-large:0px;--awb-spacing-right-large:2.56%;--awb-margin-bottom-large:0px;--awb-spacing-left-large:3.84%;--awb-width-medium:100%;--awb-spacing-right-medium:1.92%;--awb-spacing-left-medium:1.92%;--awb-width-small:100%;--awb-spacing-right-small:1.92%;--awb-spacing-left-small:1.92%;\"><div class=\"fusion-column-wrapper fusion-flex-justify-content-flex-start fusion-content-layout-column\"><div class=\"fusion-image-element \" style=\"text-align:center;--awb-caption-title-size:var(--h2_typography-font-size);--awb-caption-title-transform:var(--h2_typography-text-transform);--awb-caption-title-line-height:var(--h2_typography-line-height);--awb-caption-title-letter-spacing:var(--h2_typography-letter-spacing);\"><span class=\" fusion-imageframe imageframe-none imageframe-2 hover-type-none fusion-animated\" data-animationType=\"fadeInDown\" data-animationDuration=\"0.1\" data-animationOffset=\"top-into-view\"><img decoding=\"async\" src=\"data:image\/gif;base64,R0lGODlhAQABAAAAACH5BAEKAAEALAAAAAABAAEAAAICTAEAOw==\" data-orig-src=\"http:\/\/ecomuseosonllado.com\/wp-content\/uploads\/2015\/04\/9-campos-ahir.jpg\" alt class=\"lazyload img-responsive\"\/><\/span><\/div><\/div><\/div><div class=\"fusion-layout-column fusion_builder_column fusion-builder-column-2 fusion_builder_column_1_1 1_1 fusion-flex-column fusion-flex-align-self-flex-start fusion-column-no-min-height\" style=\"--awb-bg-size:cover;--awb-width-large:100%;--awb-margin-top-large:0px;--awb-spacing-right-large:1.92%;--awb-margin-bottom-large:0px;--awb-spacing-left-large:1.92%;--awb-width-medium:100%;--awb-spacing-right-medium:1.92%;--awb-spacing-left-medium:1.92%;--awb-width-small:100%;--awb-spacing-right-small:1.92%;--awb-spacing-left-small:1.92%;\"><div class=\"fusion-column-wrapper fusion-flex-justify-content-flex-start fusion-content-layout-column\"><div class=\"fusion-separator fusion-full-width-sep\" style=\"align-self: center;margin-left: auto;margin-right: auto;margin-top:8px;margin-bottom:8px;width:100%;\"><\/div><\/div><\/div><\/div><\/div><div class=\"fusion-fullwidth fullwidth-box fusion-builder-row-2 fusion-flex-container nonhundred-percent-fullwidth non-hundred-percent-height-scrolling\" style=\"--awb-background-position:left top;--awb-border-radius-top-left:0px;--awb-border-radius-top-right:0px;--awb-border-radius-bottom-right:0px;--awb-border-radius-bottom-left:0px;--awb-padding-top:20px;--awb-padding-right:0px;--awb-padding-bottom:20px;--awb-padding-left:0px;--awb-border-sizes-top:0px;--awb-border-sizes-bottom:0px;\" ><div class=\"fusion-builder-row fusion-row fusion-flex-align-items-flex-start\" style=\"max-width:calc( 1100px + 0px );margin-left: calc(-0px \/ 2 );margin-right: calc(-0px \/ 2 );\"><div class=\"fusion-layout-column fusion_builder_column fusion-builder-column-3 fusion_builder_column_1_1 1_1 fusion-flex-column fusion-flex-align-self-flex-start fusion-column-no-min-height\" style=\"--awb-bg-size:cover;--awb-width-large:100%;--awb-margin-top-large:0px;--awb-spacing-right-large:0px;--awb-margin-bottom-large:0px;--awb-spacing-left-large:0px;--awb-width-medium:100%;--awb-spacing-right-medium:0px;--awb-spacing-left-medium:0px;--awb-width-small:100%;--awb-spacing-right-small:0px;--awb-spacing-left-small:0px;\"><div class=\"fusion-column-wrapper fusion-flex-justify-content-flex-start fusion-content-layout-column\"><div class=\"fusion-text fusion-text-1\"><h3 style=\"text-align: justify;\">Si fem un r\u00e0pid rep\u00e0s de la hist\u00f2ria recent i no tan recent de Campos, ens trobam amb un municipi que no ha seguit els mateixos patrons de desenvolupament que la majoria de localitats de <strong>Mallorca<\/strong> amb costa. Campos sempre ha estat un poble majorit\u00e0riament agr\u00edcola i ramader, a on els camps de cultiu produ\u00efen en major quantitat gr\u00e0cies a l\u2019abund\u00e0ncia d\u2019aigua en el subs\u00f2l. Una circumstancia que es va donar en major mesura que a altres municipis del <strong>Pla de Mallorca<\/strong> gr\u00e0cies a la poca profunditat dels aq\u00fc\u00edfers del municipi de Campos.<\/h3>\n<h3 style=\"text-align: justify;\">Les s\u00ednies i els molins de vent per a l\u2019extracci\u00f3 d\u2019aigua varen permetre desenvolupar una agricultura de regadiu, amb explotacions ramaderes annexes que varen guanyar import\u00e0ncia de manera gradual al permetre una abundant pastura per a les vaques o les ovelles rojes, productores de llet i s\u00edmbol del municipi durant d\u00e8cades.<\/h3>\n<h3 style=\"text-align: justify;\">Aquesta riquesa agr\u00e0ria i ramadera va fer que la gent de <strong>Campos<\/strong>, a difer\u00e8ncia d&#8217; \u00a0altres pobles amb costa des de la d\u00e8cada del 60, no tingu\u00e9s molta pressa per adaptar el seu municipi a les demandes tur\u00edstiques. Aquesta \u00e9s una de les raons per les quals la costa de Campos \u00e9s una de les millors conservades de l\u2019illa, encara que tamb\u00e9 ha estat motiu\u00a0de diferents conflictes socials, enfrontant a una part de la societat i a sectors ecologistes que han defensat la seva conservaci\u00f3 amb altra part de la poblaci\u00f3, frustrada davant el seu menor desenvolupament tur\u00edstic.<\/h3>\n<\/div><\/div><\/div><\/div><\/div><div class=\"fusion-fullwidth fullwidth-box fusion-builder-row-3 fusion-flex-container hundred-percent-fullwidth non-hundred-percent-height-scrolling\" style=\"--awb-border-radius-top-left:0px;--awb-border-radius-top-right:0px;--awb-border-radius-bottom-right:0px;--awb-border-radius-bottom-left:0px;--awb-overflow:visible;\" ><div class=\"fusion-builder-row fusion-row fusion-flex-align-items-flex-start\" style=\"width:calc( 100% + 0px ) !important;max-width:calc( 100% + 0px ) !important;margin-left: calc(-0px \/ 2 );margin-right: calc(-0px \/ 2 );\"><div class=\"fusion-layout-column fusion_builder_column fusion-builder-column-4 fusion_builder_column_1_1 1_1 fusion-flex-column fusion-flex-align-self-flex-start fusion-column-no-min-height\" style=\"--awb-bg-size:cover;--awb-width-large:100%;--awb-margin-top-large:0px;--awb-spacing-right-large:0px;--awb-margin-bottom-large:0px;--awb-spacing-left-large:0px;--awb-width-medium:100%;--awb-spacing-right-medium:0px;--awb-spacing-left-medium:0px;--awb-width-small:100%;--awb-spacing-right-small:0px;--awb-spacing-left-small:0px;\"><div class=\"fusion-column-wrapper fusion-flex-justify-content-flex-start fusion-content-layout-column\"><div class=\"fusion-image-element \" style=\"text-align:center;--awb-caption-title-size:var(--h2_typography-font-size);--awb-caption-title-transform:var(--h2_typography-text-transform);--awb-caption-title-line-height:var(--h2_typography-line-height);--awb-caption-title-letter-spacing:var(--h2_typography-letter-spacing);\"><span class=\" fusion-imageframe imageframe-none imageframe-3 hover-type-none fusion-animated\" data-animationType=\"fadeInDown\" data-animationDuration=\"0.1\" data-animationOffset=\"top-into-view\"><img decoding=\"async\" src=\"data:image\/gif;base64,R0lGODlhAQABAAAAACH5BAEKAAEALAAAAAABAAEAAAICTAEAOw==\" data-orig-src=\"http:\/\/ecomuseosonllado.com\/wp-content\/uploads\/2015\/04\/9-xorc035-carrer-amb-somera.jpg\" alt class=\"lazyload img-responsive\"\/><\/span><\/div><div class=\"fusion-text fusion-text-2\"><h3 style=\"text-align: justify;\">La salinitzaci\u00f3 dels aq\u00fc\u00edfers d\u2019aigua, a causa de la sobreexplotaci\u00f3 dels mateixos afavorida per la seva mecanitzaci\u00f3, va marcar clarament un punt d&#8217;inflexi\u00f3 hist\u00f2ric. Poc a poc ha anat desapareixent l\u2019agricultura de regadiu, d\u2019altra banda, l\u2019\u00fanica que pot tenir un futur rendible a\u00a0la conca mediterr\u00e0nia. Amb ella, les possibilitats d\u2019un desenvolupament rural al voltant del sector primari en el municipi s\u2019han delmat, provocant un transvasament gradual de poblaci\u00f3 activa al sector servicis.<\/h3>\n<h3 style=\"text-align: justify;\"><a href=\"http:\/\/ecomuseosonllado.com\/wp-content\/uploads\/2015\/04\/foravila.jpg\"><img decoding=\"async\" class=\"lazyload alignright size-full wp-image-843\" src=\"data:image\/svg+xml,%3Csvg%20xmlns%3D%27http%3A%2F%2Fwww.w3.org%2F2000%2Fsvg%27%20width%3D%27480%27%20height%3D%27640%27%20viewBox%3D%270%200%20480%20640%27%3E%3Crect%20width%3D%27480%27%20height%3D%27640%27%20fill-opacity%3D%220%22%2F%3E%3C%2Fsvg%3E\" data-orig-src=\"http:\/\/ecomuseosonllado.com\/wp-content\/uploads\/2015\/04\/foravila.jpg\" alt=\"foravila\" width=\"480\" height=\"640\" \/><\/a><\/h3>\n<h3 style=\"text-align: justify;\"><strong>A Campos, a\u00a0les d\u00e8cades dels 60 i 70, tot el protagonisme ho acaparava el seu foravila<\/strong>, que generava riquesa per al conjunt de la poblaci\u00f3 gr\u00e0cies a l\u2019economia agr\u00edcola-ramadera. Juli\u00e0 Porquer a\u00a0la seva publicaci\u00f3 <strong><em>Foravila temps enrera<\/em><\/strong> (any 2014, en col\u00b7laboraci\u00f3 amb l\u2019associaci\u00f3 cultural <strong><em>Recordarem els 50\u2019 60\u2019 70\u2019<\/em><\/strong>) relaciona i ubica geogr\u00e0ficament 519 explotacions agr\u00edcola-ramaderes a <strong>Campos<\/strong>. S\u2019inclouen tant els horts i petites explotacions familiars com les grans possessions del terme. Aix\u00f2 d\u00f3na una idea del nombre de persones que vivien al camp, ja que en quasi totes les finques es disposava d\u2019habitatge per motius pr\u00e0ctics, al comptar amb animals en producci\u00f3 que necessitaven d\u2019una cura di\u00e0ria.<\/h3>\n<h3 style=\"text-align: justify;\">Antigament, les visites al poble es realitzaven en contades\u00a0ocasions, per feines\u00a0o esdeveniments molt concrets, transitant per camins de terra, amb\u00a0bicicleta o amb tracci\u00f3 animal. La vida social era m\u00e9s aviat escassa.<\/h3>\n<h3 style=\"text-align: justify;\">Amb la puixan\u00e7a del sector ramader i amb l\u2019arribada de l\u2019automoci\u00f3, es va invertir en la creaci\u00f3 d\u2019una xarxa vi\u00e0ria, que va apropar a les persones i va fer possible experimentar un auge econ\u00f2mic sense precedents. Varen apar\u00e8ixer les primeres f\u00e0briques i centrals lleteres (4 unitats), les f\u00e0briques d\u2019embotits i conserves (3 unitats), comerciants de bestiar, productes secs, t\u00e0peres i albercocs, per donar sortida a aquesta producci\u00f3. Tamb\u00e9 varen florir tot tipus de petits comer\u00e7os d\u2019explotaci\u00f3 familiar per atendre les demandes de la poblaci\u00f3 local. Als primers picadors per l\u2019excavaci\u00f3 dels pous, ferrers, fusters o picapedres i d\u2019altres artesans se\u2019ls varen unir noves professions, com \u00a0veterinaris, mec\u00e0nics, electricistes o transportistes.<\/h3>\n<h3 style=\"text-align: justify;\">Gr\u00e0cies a tot aquest proc\u00e9s es varen comen\u00e7ar a realitzar les tasques agr\u00edcoles i ramaderes de forma mecanitzada, amb tractors i implements cada vegada m\u00e9s potents i sofisticats. Es va automatitzar la\u00a0munyida de les vaques primer amb m\u00e0quines sencilles a la mateixa vaqueria i despr\u00e8s \u00a0amb sales de munyir\u00a0que podien\u00a0extreure la llet en un temps r\u00e8cord. La industrialitzaci\u00f3 del camp no parava i, en aquell context, la depend\u00e8ncia dels combustibles f\u00f2ssils es va convertir en una arma de doble tall.<\/h3>\n<\/div><\/div><\/div><\/div><\/div><\/p>\n","protected":false},"excerpt":{"rendered":"","protected":false},"author":1,"featured_media":0,"parent":628,"menu_order":0,"comment_status":"open","ping_status":"open","template":"","meta":{"footnotes":""},"class_list":["post-648","page","type-page","status-publish","hentry"],"acf":[],"_links":{"self":[{"href":"https:\/\/ecomuseosonllado.com\/ca\/wp-json\/wp\/v2\/pages\/648"}],"collection":[{"href":"https:\/\/ecomuseosonllado.com\/ca\/wp-json\/wp\/v2\/pages"}],"about":[{"href":"https:\/\/ecomuseosonllado.com\/ca\/wp-json\/wp\/v2\/types\/page"}],"author":[{"embeddable":true,"href":"https:\/\/ecomuseosonllado.com\/ca\/wp-json\/wp\/v2\/users\/1"}],"replies":[{"embeddable":true,"href":"https:\/\/ecomuseosonllado.com\/ca\/wp-json\/wp\/v2\/comments?post=648"}],"version-history":[{"count":1,"href":"https:\/\/ecomuseosonllado.com\/ca\/wp-json\/wp\/v2\/pages\/648\/revisions"}],"predecessor-version":[{"id":2512,"href":"https:\/\/ecomuseosonllado.com\/ca\/wp-json\/wp\/v2\/pages\/648\/revisions\/2512"}],"up":[{"embeddable":true,"href":"https:\/\/ecomuseosonllado.com\/ca\/wp-json\/wp\/v2\/pages\/628"}],"wp:attachment":[{"href":"https:\/\/ecomuseosonllado.com\/ca\/wp-json\/wp\/v2\/media?parent=648"}],"curies":[{"name":"wp","href":"https:\/\/api.w.org\/{rel}","templated":true}]}}