{"id":644,"date":"2015-04-01T18:30:21","date_gmt":"2015-04-01T18:30:21","guid":{"rendered":"http:\/\/ecomuseosonllado.com\/?page_id=644"},"modified":"2023-02-21T16:55:09","modified_gmt":"2023-02-21T16:55:09","slug":"les-vaqueries-a-campos","status":"publish","type":"page","link":"https:\/\/ecomuseosonllado.com\/ca\/ecomuseu\/les-vaqueries-a-campos\/","title":{"rendered":"Les vaqueries a Campos"},"content":{"rendered":"<p><div class=\"fusion-fullwidth fullwidth-box fusion-builder-row-1 fusion-flex-container hundred-percent-fullwidth non-hundred-percent-height-scrolling\" style=\"--awb-border-radius-top-left:0px;--awb-border-radius-top-right:0px;--awb-border-radius-bottom-right:0px;--awb-border-radius-bottom-left:0px;--awb-overflow:visible;\" ><div class=\"fusion-builder-row fusion-row fusion-flex-align-items-flex-start\" style=\"width:104% !important;max-width:104% !important;margin-left: calc(-4% \/ 2 );margin-right: calc(-4% \/ 2 );\"><div class=\"fusion-layout-column fusion_builder_column fusion-builder-column-0 fusion_builder_column_1_4 1_4 fusion-flex-column\" style=\"--awb-bg-size:cover;--awb-width-large:25%;--awb-margin-top-large:0px;--awb-spacing-right-large:3.84%;--awb-margin-bottom-large:0px;--awb-spacing-left-large:7.68%;--awb-width-medium:100%;--awb-spacing-right-medium:1.92%;--awb-spacing-left-medium:1.92%;--awb-width-small:100%;--awb-spacing-right-small:1.92%;--awb-spacing-left-small:1.92%;\"><div class=\"fusion-column-wrapper fusion-flex-justify-content-flex-start fusion-content-layout-column\"><div class=\"fusion-image-element \" style=\"text-align:center;--awb-caption-title-size:var(--h2_typography-font-size);--awb-caption-title-transform:var(--h2_typography-text-transform);--awb-caption-title-line-height:var(--h2_typography-line-height);--awb-caption-title-letter-spacing:var(--h2_typography-letter-spacing);\"><span class=\" fusion-imageframe imageframe-none imageframe-1 hover-type-none fusion-animated\" data-animationType=\"fadeInDown\" data-animationDuration=\"0.1\" data-animationOffset=\"top-into-view\"><img decoding=\"async\" src=\"data:image\/gif;base64,R0lGODlhAQABAAAAACH5BAEKAAEALAAAAAABAAEAAAICTAEAOw==\" data-orig-src=\"http:\/\/ecomuseosonllado.com\/wp-content\/uploads\/2015\/04\/7.jpg\" alt class=\"lazyload img-responsive\"\/><\/span><\/div><\/div><\/div><div class=\"fusion-layout-column fusion_builder_column fusion-builder-column-1 fusion_builder_column_3_4 3_4 fusion-flex-column\" style=\"--awb-bg-size:cover;--awb-width-large:75%;--awb-margin-top-large:0px;--awb-spacing-right-large:2.56%;--awb-margin-bottom-large:0px;--awb-spacing-left-large:3.84%;--awb-width-medium:100%;--awb-spacing-right-medium:1.92%;--awb-spacing-left-medium:1.92%;--awb-width-small:100%;--awb-spacing-right-small:1.92%;--awb-spacing-left-small:1.92%;\"><div class=\"fusion-column-wrapper fusion-flex-justify-content-flex-start fusion-content-layout-column\"><div class=\"fusion-image-element \" style=\"text-align:center;--awb-caption-title-size:var(--h2_typography-font-size);--awb-caption-title-transform:var(--h2_typography-text-transform);--awb-caption-title-line-height:var(--h2_typography-line-height);--awb-caption-title-letter-spacing:var(--h2_typography-letter-spacing);\"><span class=\" fusion-imageframe imageframe-none imageframe-2 hover-type-none fusion-animated\" data-animationType=\"fadeInDown\" data-animationDuration=\"0.1\" data-animationOffset=\"top-into-view\"><img decoding=\"async\" src=\"data:image\/gif;base64,R0lGODlhAQABAAAAACH5BAEKAAEALAAAAAABAAEAAAICTAEAOw==\" data-orig-src=\"http:\/\/ecomuseosonllado.com\/wp-content\/uploads\/2015\/04\/7-vaqueries.jpg\" alt class=\"lazyload img-responsive\"\/><\/span><\/div><\/div><\/div><div class=\"fusion-layout-column fusion_builder_column fusion-builder-column-2 fusion_builder_column_1_1 1_1 fusion-flex-column fusion-flex-align-self-flex-start fusion-column-no-min-height\" style=\"--awb-bg-size:cover;--awb-width-large:100%;--awb-margin-top-large:0px;--awb-spacing-right-large:1.92%;--awb-margin-bottom-large:0px;--awb-spacing-left-large:1.92%;--awb-width-medium:100%;--awb-spacing-right-medium:1.92%;--awb-spacing-left-medium:1.92%;--awb-width-small:100%;--awb-spacing-right-small:1.92%;--awb-spacing-left-small:1.92%;\"><div class=\"fusion-column-wrapper fusion-flex-justify-content-flex-start fusion-content-layout-column\"><div class=\"fusion-separator fusion-full-width-sep\" style=\"align-self: center;margin-left: auto;margin-right: auto;margin-top:8px;margin-bottom:8px;width:100%;\"><\/div><\/div><\/div><\/div><\/div><div class=\"fusion-fullwidth fullwidth-box fusion-builder-row-2 fusion-flex-container nonhundred-percent-fullwidth non-hundred-percent-height-scrolling\" style=\"--awb-background-position:left top;--awb-border-radius-top-left:0px;--awb-border-radius-top-right:0px;--awb-border-radius-bottom-right:0px;--awb-border-radius-bottom-left:0px;--awb-padding-top:20px;--awb-padding-right:0px;--awb-padding-bottom:20px;--awb-padding-left:0px;--awb-border-sizes-top:0px;--awb-border-sizes-bottom:0px;\" ><div class=\"fusion-builder-row fusion-row fusion-flex-align-items-flex-start\" style=\"max-width:calc( 1100px + 0px );margin-left: calc(-0px \/ 2 );margin-right: calc(-0px \/ 2 );\"><div class=\"fusion-layout-column fusion_builder_column fusion-builder-column-3 fusion_builder_column_1_1 1_1 fusion-flex-column fusion-flex-align-self-flex-start fusion-column-no-min-height\" style=\"--awb-bg-size:cover;--awb-width-large:100%;--awb-margin-top-large:0px;--awb-spacing-right-large:0px;--awb-margin-bottom-large:0px;--awb-spacing-left-large:0px;--awb-width-medium:100%;--awb-spacing-right-medium:0px;--awb-spacing-left-medium:0px;--awb-width-small:100%;--awb-spacing-right-small:0px;--awb-spacing-left-small:0px;\"><div class=\"fusion-column-wrapper fusion-flex-justify-content-flex-start fusion-content-layout-column\"><div class=\"fusion-text fusion-text-1\"><h3 style=\"text-align: justify;\">A partir de 1914 la instal\u00b7laci\u00f3 de molins de vent en els pous de Campos va fer possible l\u2019obtenci\u00f3 d\u2019un major cabal d\u2019aigua i a major profunditat. Aquest fet va fomentar l\u2019excavaci\u00f3 de nous pous fins al punt de que, ja a\u00a0l\u2019any 1941, es podien comptabilitzar 557 molins de ramell a Campos, segons les notes del cronista oficial de Campos Miquel Roig Adrover. La conseq\u00fcent possibilitat d\u2019explotar les finques en un <strong>sistema de regadiu<\/strong> va marcar l\u2019inici d\u2019un nou tipus d\u2019explotaci\u00f3 agr\u00edcola-ramadera a Campos, en la qual, a m\u00e9s de l\u2019horta, es podia disposar d\u2019un major nombre d\u2019animals de granja.<\/h3>\n<h3 style=\"text-align: justify;\">Les <strong>vaques lleteres<\/strong>, que fins a la data havien tingut una pres\u00e8ncia testimonial \u00a0al municipi, van comen\u00e7ar a apar\u00e8ixer a petita escala i enfocades, sobretot, a l\u2019elaboraci\u00f3 de formatges. La fundaci\u00f3 als anys 40 de <em>Can Moll \u201cde sa llet\u201d<\/em>\u00a0 va marcar un abans i un despr\u00e9s. Era una empresa familiar que recollia la llet directament dels horts (inicialment en carro) i que es dedicava a <strong>l\u2019elaboraci\u00f3 i a la venda de formatges i derivats l\u00e0ctics<\/strong>. Amb la seva pres\u00e8ncia, va comen\u00e7ar a prendre for\u00e7a l\u2019explotaci\u00f3 de bestiar bov\u00ed a Campos.<\/h3>\n<\/div><\/div><\/div><\/div><\/div><div class=\"fusion-fullwidth fullwidth-box fusion-builder-row-3 fusion-flex-container hundred-percent-fullwidth non-hundred-percent-height-scrolling\" style=\"--awb-border-radius-top-left:0px;--awb-border-radius-top-right:0px;--awb-border-radius-bottom-right:0px;--awb-border-radius-bottom-left:0px;--awb-overflow:visible;\" ><div class=\"fusion-builder-row fusion-row fusion-flex-align-items-flex-start\" style=\"width:calc( 100% + 0px ) !important;max-width:calc( 100% + 0px ) !important;margin-left: calc(-0px \/ 2 );margin-right: calc(-0px \/ 2 );\"><div class=\"fusion-layout-column fusion_builder_column fusion-builder-column-4 fusion_builder_column_1_1 1_1 fusion-flex-column fusion-flex-align-self-flex-start fusion-column-no-min-height\" style=\"--awb-bg-size:cover;--awb-width-large:100%;--awb-margin-top-large:0px;--awb-spacing-right-large:0px;--awb-margin-bottom-large:0px;--awb-spacing-left-large:0px;--awb-width-medium:100%;--awb-spacing-right-medium:0px;--awb-spacing-left-medium:0px;--awb-width-small:100%;--awb-spacing-right-small:0px;--awb-spacing-left-small:0px;\"><div class=\"fusion-column-wrapper fusion-flex-justify-content-flex-start fusion-content-layout-column\"><div class=\"fusion-image-element \" style=\"text-align:center;--awb-caption-title-size:var(--h2_typography-font-size);--awb-caption-title-transform:var(--h2_typography-text-transform);--awb-caption-title-line-height:var(--h2_typography-line-height);--awb-caption-title-letter-spacing:var(--h2_typography-letter-spacing);\"><span class=\" fusion-imageframe imageframe-none imageframe-3 hover-type-none fusion-animated\" data-animationType=\"fadeInDown\" data-animationDuration=\"0.1\" data-animationOffset=\"top-into-view\"><img decoding=\"async\" src=\"data:image\/gif;base64,R0lGODlhAQABAAAAACH5BAEKAAEALAAAAAABAAEAAAICTAEAOw==\" data-orig-src=\"http:\/\/ecomuseosonllado.com\/wp-content\/uploads\/2015\/04\/32.jpg\" alt class=\"lazyload img-responsive\"\/><\/span><\/div><div class=\"fusion-separator fusion-full-width-sep\" style=\"align-self: center;margin-left: auto;margin-right: auto;margin-top:8px;margin-bottom:8px;width:100%;\"><\/div><\/div><\/div><div class=\"fusion-layout-column fusion_builder_column fusion-builder-column-5 fusion_builder_column_1_1 1_1 fusion-flex-column fusion-flex-align-self-flex-start fusion-column-no-min-height\" style=\"--awb-bg-size:cover;--awb-width-large:100%;--awb-margin-top-large:0px;--awb-spacing-right-large:0px;--awb-margin-bottom-large:0px;--awb-spacing-left-large:0px;--awb-width-medium:100%;--awb-spacing-right-medium:0px;--awb-spacing-left-medium:0px;--awb-width-small:100%;--awb-spacing-right-small:0px;--awb-spacing-left-small:0px;\"><div class=\"fusion-column-wrapper fusion-flex-justify-content-flex-start fusion-content-layout-column\"><div class=\"fusion-soundcloud\"><iframe scrolling=\"no\" frameborder=\"no\" width=\"100%\" height=\"180\" allow=\"autoplay\" src=\"https:\/\/w.soundcloud.com\/player\/?url=https:\/\/soundcloud.com\/ecomuseo-son-llado\/mugido-vacas-paisaje-sonoro-campos-mallorca&amp;auto_play=false&amp;hide_related=true&amp;show_comments=true&amp;show_user=true&amp;show_reposts=false&amp;visual=false&amp;color=165a93\" title=\"soundcloud\"><\/iframe><\/div><div class=\"fusion-text fusion-text-2\"><h3 style=\"text-align: justify;\">Durant aquella \u00e8poca un hort que compt\u00e9s amb 4 o 5 vaques lleteres era totalment rendible. \u00c9s suficient valorar\u00a0que, amb un litre de llet, es podia pagar una hora de treball d\u2019un picapedrer. Si ho comparam, avui en dia es necessitarien al voltant de 50 litres. No es d\u2019estranyar id\u00f2 que afloressin nombroses <strong>explotacions familiars<\/strong> en poc temps dedicades a la producci\u00f3 l\u00e0ctea. Fins llavors, aquelles mateixes finques s\u2019havien dedicat a produir cereals de sec\u00e0 i arbres de fruits secs, dels que s\u2019obtenien escassos rendiments econ\u00f2mics. A partir dels anys 40, bastava excavar un pou per passar a tenir una explotaci\u00f3 rendible.<\/h3>\n<\/div><div class=\"fusion-image-element \" style=\"text-align:center;--awb-caption-title-size:var(--h2_typography-font-size);--awb-caption-title-transform:var(--h2_typography-text-transform);--awb-caption-title-line-height:var(--h2_typography-line-height);--awb-caption-title-letter-spacing:var(--h2_typography-letter-spacing);\"><span class=\" fusion-imageframe imageframe-none imageframe-4 hover-type-none fusion-animated\" data-animationType=\"fadeInDown\" data-animationDuration=\"0.1\" data-animationOffset=\"top-into-view\"><img decoding=\"async\" src=\"data:image\/gif;base64,R0lGODlhAQABAAAAACH5BAEKAAEALAAAAAABAAEAAAICTAEAOw==\" data-orig-src=\"http:\/\/ecomuseosonllado.com\/wp-content\/uploads\/2015\/04\/7-bou-ra\u00e7a-mallorquina.jpg\" alt class=\"lazyload img-responsive\"\/><\/span><\/div><div class=\"fusion-text fusion-text-3\"><h3 style=\"text-align: justify;\">Durant els anys successius, Mallorca va comen\u00e7ar a obrir-se a un nou sector incipient: el turisme. Van comen\u00e7ar a crear-se infraestructures, la societat es va modernitzar i, en definitiva, es va industrialitzar l\u2019illa, que va sortir del seu a\u00efllament. Un progr\u00e9s que tamb\u00e9 va arribar a Campos a finals dels anys 50 i especialment en la d\u00e8cada dels 60. En aquella \u00e8poca, els molins de ramell comen\u00e7aren a ser substitu\u00efts per <strong>motors di\u00e8sel<\/strong>, que van assegurar l&#8217;extracci\u00f3 d&#8217;un major cabal d\u2019aigua.<\/h3>\n<h3 style=\"text-align: justify;\">A principis dels 60 es va comprar el <strong>primer tractor<\/strong> a Campos, una m\u00e0quina que permetia cultivar un major nombre\u00a0d\u2019hect\u00e0rees. Durant aquella \u00e8poca tamb\u00e9 es va comen\u00e7ar a configurar una <strong>flota de camions<\/strong> per transportar animals i recollir llet. Amb la instal\u00b7laci\u00f3 de les grans <strong>centrals lleteres<\/strong> es va assegurar el subministrament diari de llet a Palma. Tamb\u00e9 carn vacuna de Campos es repartia per tota l\u2019illa.<\/h3>\n<\/div><\/div><\/div><div class=\"fusion-layout-column fusion_builder_column fusion-builder-column-6 fusion_builder_column_1_1 1_1 fusion-flex-column fusion-flex-align-self-flex-start fusion-column-no-min-height\" style=\"--awb-bg-size:cover;--awb-width-large:100%;--awb-margin-top-large:0px;--awb-spacing-right-large:0px;--awb-margin-bottom-large:0px;--awb-spacing-left-large:0px;--awb-width-medium:100%;--awb-spacing-right-medium:0px;--awb-spacing-left-medium:0px;--awb-width-small:100%;--awb-spacing-right-small:0px;--awb-spacing-left-small:0px;\"><div class=\"fusion-column-wrapper fusion-flex-justify-content-flex-start fusion-content-layout-column\"><div class=\"fusion-video fusion-vimeo\" style=\"--awb-max-width:1200px;--awb-max-height:675px;\"><div class=\"video-shortcode\"><lite-vimeo videoid=\"130707880\" class=\"landscape\" params=\"&autopause=0\" title=\"Vimeo video player 1\"><\/lite-vimeo><\/div><\/div><div class=\"fusion-text fusion-text-4\"><h3 style=\"text-align: justify;\">Les vaqueries existents no paraven <strong>d\u2019augmentar<\/strong> el nombre de caps. A m\u00e9s, es treballava paral\u00b7lelament en la millora de la gen\u00e8tica, mitjan\u00e7ant la inseminaci\u00f3 artificial amb bous de provada efici\u00e8ncia. A la vegada es van crear <strong>noves explotacions<\/strong> de <strong>bestiar bov\u00ed lleter<\/strong>, en les que directament ja s\u2019automatitzaven els sistemes de munyiment i tractament de la llet.<\/h3>\n<\/div><div class=\"fusion-image-element \" style=\"text-align:center;--awb-caption-title-size:var(--h2_typography-font-size);--awb-caption-title-transform:var(--h2_typography-text-transform);--awb-caption-title-line-height:var(--h2_typography-line-height);--awb-caption-title-letter-spacing:var(--h2_typography-letter-spacing);\"><span class=\" fusion-imageframe imageframe-none imageframe-5 hover-type-none fusion-animated\" data-animationType=\"fadeInDown\" data-animationDuration=\"0.1\" data-animationOffset=\"top-into-view\"><img decoding=\"async\" src=\"data:image\/gif;base64,R0lGODlhAQABAAAAACH5BAEKAAEALAAAAAABAAEAAAICTAEAOw==\" data-orig-src=\"http:\/\/ecomuseosonllado.com\/wp-content\/uploads\/2015\/04\/Mallorca_PaisajesSonoros-109.jpg\" alt class=\"lazyload img-responsive\"\/><\/span><\/div><div class=\"fusion-separator fusion-full-width-sep\" style=\"align-self: center;margin-left: auto;margin-right: auto;margin-top:8px;margin-bottom:8px;width:100%;\"><\/div><\/div><\/div><div class=\"fusion-layout-column fusion_builder_column fusion-builder-column-7 fusion_builder_column_1_1 1_1 fusion-flex-column fusion-flex-align-self-flex-start fusion-column-no-min-height\" style=\"--awb-bg-size:cover;--awb-width-large:100%;--awb-margin-top-large:0px;--awb-spacing-right-large:0px;--awb-margin-bottom-large:0px;--awb-spacing-left-large:0px;--awb-width-medium:100%;--awb-spacing-right-medium:0px;--awb-spacing-left-medium:0px;--awb-width-small:100%;--awb-spacing-right-small:0px;--awb-spacing-left-small:0px;\"><div class=\"fusion-column-wrapper fusion-flex-justify-content-flex-start fusion-content-layout-column\"><div class=\"fusion-soundcloud\"><iframe scrolling=\"no\" frameborder=\"no\" width=\"100%\" height=\"180\" allow=\"autoplay\" src=\"https:\/\/w.soundcloud.com\/player\/?url=https:\/\/soundcloud.com\/ecomuseo-son-llado\/vaqueria-en-campos-ordeno&amp;auto_play=false&amp;hide_related=true&amp;show_comments=true&amp;show_user=true&amp;show_reposts=false&amp;visual=false&amp;color=165a93\" title=\"soundcloud\"><\/iframe><\/div><div class=\"fusion-text fusion-text-5\"><h3 style=\"text-align: justify;\">L\u2019any 1978 va haver una fita important a Campos, ja que es va crear la <strong>Fira agr\u00edcola-ramadera de Maig<\/strong> amb el primer concurs <strong>Morfol\u00f2gic Nacional Selecta Reproductor Bov\u00ed-Fris\u00f3<\/strong>. Aquesta va ser una clara aposta per potenciar la <strong>ra\u00e7a frisona<\/strong> en les ramaderies de Campos com a gran productora de llet, amb un certamen que encara perdura com a esdeveniment central de la Fira de Maig.<\/h3>\n<\/div><div class=\"fusion-image-element \" style=\"text-align:center;--awb-caption-title-size:var(--h2_typography-font-size);--awb-caption-title-transform:var(--h2_typography-text-transform);--awb-caption-title-line-height:var(--h2_typography-line-height);--awb-caption-title-letter-spacing:var(--h2_typography-letter-spacing);\"><span class=\" fusion-imageframe imageframe-none imageframe-6 hover-type-none fusion-animated\" data-animationType=\"fadeInDown\" data-animationDuration=\"0.1\" data-animationOffset=\"top-into-view\"><img decoding=\"async\" src=\"data:image\/gif;base64,R0lGODlhAQABAAAAACH5BAEKAAEALAAAAAABAAEAAAICTAEAOw==\" data-orig-src=\"http:\/\/ecomuseosonllado.com\/wp-content\/uploads\/2015\/04\/22.jpg\" alt class=\"lazyload img-responsive\"\/><\/span><\/div><div class=\"fusion-text fusion-text-6\"><h3 style=\"text-align: justify;\">En aquell temps, en els terrenys amb ametllers, figueres, garrofers o albercoquers s\u2019arrancaven arbres per facilitar les tasques de les noves m\u00e0quines, i s&#8217;anaven\u00a0convertint en sementers\u00a0d\u2019alfals, canyamel o blat de moro. Al mateix temps, sementers\u00a0desnivellats, que abans resultava\u00a0dif\u00edcil o impossible la seva irrigaci\u00f3, es van tornar de sobte en productius gr\u00e0cies a noves t\u00e8cniques de regadiu per aspersi\u00f3. Eren els anys daurats de l\u2019economia de Campos, amb al voltant de <strong>600 finques en explotaci\u00f3<\/strong> i una poblaci\u00f3 estable de 7.000 habitants.<\/h3>\n<h3 style=\"text-align: justify;\">En qualsevol cas, es va entrar dins un cercle vici\u00f3s del que ja no es va poder sortir. La rendibilitat es va cercar pe via de\u00a0l\u2019augment de la producci\u00f3, sense preveure que els preus de venda del mercat no pujarien al mateix ritme que els costos. A m\u00e9s, abans del desastre que sofririen els petits productors agraris pr\u00e0cticament a nivell mundial, ja s\u2019havia produ\u00eft un minvament en la qualitat dels cultius de certes finques de Campos, provocat per la creixent salinitzaci\u00f3 de l\u2019aigua dels seus pous. Amb tot aix\u00f2, es va comen\u00e7ar a prendre consci\u00e8ncia de que s\u2019ave\u00efnava un futur complicat. Un progr\u00e9s que va resultar, de fet, ef\u00edmer per al sector primari de Campos i pel qual es va pagar un alt <strong>cost mediambiental<\/strong>.<\/h3>\n<\/div><div class=\"fusion-image-element \" style=\"text-align:center;--awb-caption-title-size:var(--h2_typography-font-size);--awb-caption-title-transform:var(--h2_typography-text-transform);--awb-caption-title-line-height:var(--h2_typography-line-height);--awb-caption-title-letter-spacing:var(--h2_typography-letter-spacing);\"><span class=\" fusion-imageframe imageframe-none imageframe-7 hover-type-none fusion-animated\" data-animationType=\"fadeInDown\" data-animationDuration=\"0.1\" data-animationOffset=\"top-into-view\"><img decoding=\"async\" src=\"data:image\/gif;base64,R0lGODlhAQABAAAAACH5BAEKAAEALAAAAAABAAEAAAICTAEAOw==\" data-orig-src=\"http:\/\/ecomuseosonllado.com\/wp-content\/uploads\/2015\/04\/Mallorca_PaisajesSonoros-104.jpg\" alt class=\"lazyload img-responsive\"\/><\/span><\/div><div class=\"fusion-text fusion-text-7\"><h3 style=\"text-align: justify;\">Aix\u00ed, en la d\u00e8cada dels 90 es van comen\u00e7ar a tancar les explotacions a mesura que perdien la seva rendibilitat. Primer finques petites en r\u00e8gim de lloguer o parceria seguides de totes les que les seves aig\u00fces anaven assolint l\u00edmits de salinitat intolerables per a les plantes e improductius per l\u2019explotaci\u00f3.<\/h3>\n<h3 style=\"text-align: justify;\">A dia d\u2019avui, sobreviuen nom\u00e9s les explotacions lleteres molt especialitzades, amb alts nivells de tecnologia, baix cost en m\u00e0 d\u2019obra, elevat nombre de caps i una important selecci\u00f3 gen\u00e8tica.<\/h3>\n<h3 style=\"text-align: justify;\">A grans trets, s\u00f3n manejades directament pels seus propietaris. A m\u00e9s, han sabut trobar t\u00e8cniques i alternatives nutricionals per a la seva cabanya, m\u00e9s enll\u00e0 dels sistemes de regadiu utilitzats antany. De totes formes, la seva excessiva depend\u00e8ncia dels combustibles f\u00f2ssils, el preu que reben pels seus productes i la quota de mercat que representen (la llet venuda per la suma de totes les <strong>ramaderies de Mallorca<\/strong> nom\u00e9s representa el 15 % del total de la que es consumeix dins l\u2019illa) els hi augura un futur incert, sempre condicionat per les ajudes europees a trav\u00e9s de la<strong> PAC<\/strong> que pugui rebre el sector.<\/h3>\n<\/div><\/div><\/div><\/div><\/div><\/p>\n","protected":false},"excerpt":{"rendered":"","protected":false},"author":1,"featured_media":0,"parent":628,"menu_order":0,"comment_status":"open","ping_status":"open","template":"","meta":{"footnotes":""},"class_list":["post-644","page","type-page","status-publish","hentry"],"acf":[],"_links":{"self":[{"href":"https:\/\/ecomuseosonllado.com\/ca\/wp-json\/wp\/v2\/pages\/644"}],"collection":[{"href":"https:\/\/ecomuseosonllado.com\/ca\/wp-json\/wp\/v2\/pages"}],"about":[{"href":"https:\/\/ecomuseosonllado.com\/ca\/wp-json\/wp\/v2\/types\/page"}],"author":[{"embeddable":true,"href":"https:\/\/ecomuseosonllado.com\/ca\/wp-json\/wp\/v2\/users\/1"}],"replies":[{"embeddable":true,"href":"https:\/\/ecomuseosonllado.com\/ca\/wp-json\/wp\/v2\/comments?post=644"}],"version-history":[{"count":1,"href":"https:\/\/ecomuseosonllado.com\/ca\/wp-json\/wp\/v2\/pages\/644\/revisions"}],"predecessor-version":[{"id":2516,"href":"https:\/\/ecomuseosonllado.com\/ca\/wp-json\/wp\/v2\/pages\/644\/revisions\/2516"}],"up":[{"embeddable":true,"href":"https:\/\/ecomuseosonllado.com\/ca\/wp-json\/wp\/v2\/pages\/628"}],"wp:attachment":[{"href":"https:\/\/ecomuseosonllado.com\/ca\/wp-json\/wp\/v2\/media?parent=644"}],"curies":[{"name":"wp","href":"https:\/\/api.w.org\/{rel}","templated":true}]}}