{"id":640,"date":"2015-04-01T18:28:56","date_gmt":"2015-04-01T18:28:56","guid":{"rendered":"http:\/\/ecomuseosonllado.com\/?page_id=640"},"modified":"2023-02-21T16:55:09","modified_gmt":"2023-02-21T16:55:09","slug":"les-tradicions-rurals","status":"publish","type":"page","link":"https:\/\/ecomuseosonllado.com\/ca\/ecomuseu\/les-tradicions-rurals\/","title":{"rendered":"Les tradicions rurals: el vi i la matan\u00e7a"},"content":{"rendered":"<p><div class=\"fusion-fullwidth fullwidth-box fusion-builder-row-1 fusion-flex-container hundred-percent-fullwidth non-hundred-percent-height-scrolling\" style=\"--awb-border-radius-top-left:0px;--awb-border-radius-top-right:0px;--awb-border-radius-bottom-right:0px;--awb-border-radius-bottom-left:0px;--awb-overflow:visible;\" ><div class=\"fusion-builder-row fusion-row fusion-flex-align-items-flex-start\" style=\"width:104% !important;max-width:104% !important;margin-left: calc(-4% \/ 2 );margin-right: calc(-4% \/ 2 );\"><div class=\"fusion-layout-column fusion_builder_column fusion-builder-column-0 fusion_builder_column_1_4 1_4 fusion-flex-column\" style=\"--awb-bg-size:cover;--awb-width-large:25%;--awb-margin-top-large:0px;--awb-spacing-right-large:3.84%;--awb-margin-bottom-large:0px;--awb-spacing-left-large:7.68%;--awb-width-medium:100%;--awb-spacing-right-medium:1.92%;--awb-spacing-left-medium:1.92%;--awb-width-small:100%;--awb-spacing-right-small:1.92%;--awb-spacing-left-small:1.92%;\"><div class=\"fusion-column-wrapper fusion-flex-justify-content-flex-start fusion-content-layout-column\"><div class=\"fusion-image-element \" style=\"text-align:center;--awb-caption-title-size:var(--h2_typography-font-size);--awb-caption-title-transform:var(--h2_typography-text-transform);--awb-caption-title-line-height:var(--h2_typography-line-height);--awb-caption-title-letter-spacing:var(--h2_typography-letter-spacing);\"><span class=\" fusion-imageframe imageframe-none imageframe-1 hover-type-none fusion-animated\" data-animationType=\"fadeInDown\" data-animationDuration=\"0.1\" data-animationOffset=\"top-into-view\"><img decoding=\"async\" src=\"data:image\/gif;base64,R0lGODlhAQABAAAAACH5BAEKAAEALAAAAAABAAEAAAICTAEAOw==\" data-orig-src=\"http:\/\/ecomuseosonllado.com\/wp-content\/uploads\/2015\/04\/5.jpg\" alt class=\"lazyload img-responsive\"\/><\/span><\/div><\/div><\/div><div class=\"fusion-layout-column fusion_builder_column fusion-builder-column-1 fusion_builder_column_3_4 3_4 fusion-flex-column\" style=\"--awb-bg-size:cover;--awb-width-large:75%;--awb-margin-top-large:0px;--awb-spacing-right-large:2.56%;--awb-margin-bottom-large:0px;--awb-spacing-left-large:3.84%;--awb-width-medium:100%;--awb-spacing-right-medium:1.92%;--awb-spacing-left-medium:1.92%;--awb-width-small:100%;--awb-spacing-right-small:1.92%;--awb-spacing-left-small:1.92%;\"><div class=\"fusion-column-wrapper fusion-flex-justify-content-flex-start fusion-content-layout-column\"><div class=\"fusion-image-element \" style=\"text-align:center;--awb-caption-title-size:var(--h2_typography-font-size);--awb-caption-title-transform:var(--h2_typography-text-transform);--awb-caption-title-line-height:var(--h2_typography-line-height);--awb-caption-title-letter-spacing:var(--h2_typography-letter-spacing);\"><span class=\" fusion-imageframe imageframe-none imageframe-2 hover-type-none fusion-animated\" data-animationType=\"fadeInDown\" data-animationDuration=\"0.1\" data-animationOffset=\"top-into-view\"><img decoding=\"async\" src=\"data:image\/gif;base64,R0lGODlhAQABAAAAACH5BAEKAAEALAAAAAABAAEAAAICTAEAOw==\" data-orig-src=\"http:\/\/ecomuseosonllado.com\/wp-content\/uploads\/2015\/04\/5-tradicions-rurals.jpg\" alt class=\"lazyload img-responsive\"\/><\/span><\/div><\/div><\/div><div class=\"fusion-layout-column fusion_builder_column fusion-builder-column-2 fusion_builder_column_1_1 1_1 fusion-flex-column fusion-flex-align-self-flex-start fusion-column-no-min-height\" style=\"--awb-bg-size:cover;--awb-width-large:100%;--awb-margin-top-large:0px;--awb-spacing-right-large:1.92%;--awb-margin-bottom-large:0px;--awb-spacing-left-large:1.92%;--awb-width-medium:100%;--awb-spacing-right-medium:1.92%;--awb-spacing-left-medium:1.92%;--awb-width-small:100%;--awb-spacing-right-small:1.92%;--awb-spacing-left-small:1.92%;\"><div class=\"fusion-column-wrapper fusion-flex-justify-content-flex-start fusion-content-layout-column\"><div class=\"fusion-separator fusion-full-width-sep\" style=\"align-self: center;margin-left: auto;margin-right: auto;margin-top:8px;margin-bottom:8px;width:100%;\"><\/div><\/div><\/div><div class=\"fusion-layout-column fusion_builder_column fusion-builder-column-3 fusion_builder_column_1_1 1_1 fusion-flex-column fusion-flex-align-self-flex-start fusion-column-no-min-height\" style=\"--awb-bg-size:cover;--awb-width-large:100%;--awb-margin-top-large:0px;--awb-spacing-right-large:1.92%;--awb-margin-bottom-large:0px;--awb-spacing-left-large:1.92%;--awb-width-medium:100%;--awb-spacing-right-medium:1.92%;--awb-spacing-left-medium:1.92%;--awb-width-small:100%;--awb-spacing-right-small:1.92%;--awb-spacing-left-small:1.92%;\"><div class=\"fusion-column-wrapper fusion-flex-justify-content-flex-start fusion-content-layout-column\"><div class=\"fusion-title title fusion-title-1 fusion-title-text fusion-title-size-one\"><div class=\"title-sep-container title-sep-container-left fusion-no-large-visibility fusion-no-medium-visibility fusion-no-small-visibility\"><div class=\"title-sep sep-single sep-solid\" style=\"border-color:var(--awb-color3);\"><\/div><\/div><span class=\"awb-title-spacer fusion-no-large-visibility fusion-no-medium-visibility fusion-no-small-visibility\"><\/span><h1 class=\"title-heading-left fusion-responsive-typography-calculated\" style=\"margin:0;--fontSize:70;line-height:var(--awb-typography1-line-height);\">El vi i la matan\u00e7a<\/h1><span class=\"awb-title-spacer\"><\/span><div class=\"title-sep-container title-sep-container-right\"><div class=\"title-sep sep-single sep-solid\" style=\"border-color:var(--awb-color3);\"><\/div><\/div><\/div><\/div><\/div><\/div><\/div><div class=\"fusion-fullwidth fullwidth-box fusion-builder-row-2 fusion-flex-container nonhundred-percent-fullwidth non-hundred-percent-height-scrolling\" style=\"--awb-background-position:left top;--awb-border-radius-top-left:0px;--awb-border-radius-top-right:0px;--awb-border-radius-bottom-right:0px;--awb-border-radius-bottom-left:0px;--awb-padding-top:20px;--awb-padding-right:0px;--awb-padding-bottom:20px;--awb-padding-left:0px;--awb-border-sizes-top:0px;--awb-border-sizes-bottom:0px;\" ><div class=\"fusion-builder-row fusion-row fusion-flex-align-items-flex-start\" style=\"max-width:calc( 1100px + 0px );margin-left: calc(-0px \/ 2 );margin-right: calc(-0px \/ 2 );\"><div class=\"fusion-layout-column fusion_builder_column fusion-builder-column-4 fusion_builder_column_1_1 1_1 fusion-flex-column fusion-flex-align-self-flex-start fusion-column-no-min-height\" style=\"--awb-bg-size:cover;--awb-width-large:100%;--awb-margin-top-large:0px;--awb-spacing-right-large:0px;--awb-margin-bottom-large:0px;--awb-spacing-left-large:0px;--awb-width-medium:100%;--awb-spacing-right-medium:0px;--awb-spacing-left-medium:0px;--awb-width-small:100%;--awb-spacing-right-small:0px;--awb-spacing-left-small:0px;\"><div class=\"fusion-column-wrapper fusion-flex-justify-content-flex-start fusion-content-layout-column\"><div class=\"fusion-text fusion-text-1\"><h3 style=\"text-align: justify;\">Si hi ha dues tradicions que han rom\u00e0s arraigades en l\u2019imaginari col\u00b7lectiu d\u2019un poble com <strong>Campos,<\/strong>\u00a0han estat l\u2019elaboraci\u00f3 del <strong>vi i la matan\u00e7a<\/strong> del porc. Ambd\u00f3s casos servien de pretext perqu\u00e8 les fam\u00edlies i els ve\u00efns s\u2019ajuntessin, sent summament importants per a l\u2019economia familiar, ja que aquestes\u00a0eren <strong>autosuficients<\/strong> gr\u00e0cies als productes derivats d\u2019ambdues pr\u00e0ctiques, especialment en el que es refereix a la matan\u00e7a del porc. En el cas del <strong>vi<\/strong>, va ser en l\u2019\u00e8poca de l\u2019ocupaci\u00f3 romana quan es va introduir la <strong>vinya<\/strong> i es va desenvolupar el seu cultiu a <strong>Mallorca.<\/strong><\/h3>\n<h3 style=\"text-align: justify;\">La <strong>producci\u00f3 de vi<\/strong> i el seu consum varen sobreviure a la conquesta musulmana i es va revitalitzar posteriorment l\u2019any 1229 amb la reconquesta de <strong>Jaume I<\/strong>, sent Campos un dels principals productors. Entre els segles XIV i XVIII la producci\u00f3 de vi campaner va ser pr\u00f2spera i l\u2019activitat vitivin\u00edcola es va convertir en una activitat fonamental a Campos. A finals del segle XIX, concretament l\u2019any 1891, va arribar un punt d\u2019inflexi\u00f3 amb la plaga de la fil\u00b7loxera, que va provocar un efecte fulminant per a les vinyes de Mallorca i va fer que es substitu\u00efssin per ametlers i garrofers.<\/h3>\n<\/div><\/div><\/div><\/div><\/div><div class=\"fusion-fullwidth fullwidth-box fusion-builder-row-3 fusion-flex-container hundred-percent-fullwidth non-hundred-percent-height-scrolling\" style=\"--awb-border-radius-top-left:0px;--awb-border-radius-top-right:0px;--awb-border-radius-bottom-right:0px;--awb-border-radius-bottom-left:0px;--awb-overflow:visible;\" ><div class=\"fusion-builder-row fusion-row fusion-flex-align-items-flex-start\" style=\"width:calc( 100% + 0px ) !important;max-width:calc( 100% + 0px ) !important;margin-left: calc(-0px \/ 2 );margin-right: calc(-0px \/ 2 );\"><div class=\"fusion-layout-column fusion_builder_column fusion-builder-column-5 fusion_builder_column_1_1 1_1 fusion-flex-column fusion-flex-align-self-flex-start fusion-column-no-min-height\" style=\"--awb-bg-size:cover;--awb-width-large:100%;--awb-margin-top-large:0px;--awb-spacing-right-large:0px;--awb-margin-bottom-large:0px;--awb-spacing-left-large:0px;--awb-width-medium:100%;--awb-spacing-right-medium:0px;--awb-spacing-left-medium:0px;--awb-width-small:100%;--awb-spacing-right-small:0px;--awb-spacing-left-small:0px;\"><div class=\"fusion-column-wrapper fusion-flex-justify-content-flex-start fusion-content-layout-column\"><div class=\"fusion-image-element \" style=\"text-align:center;--awb-caption-title-size:var(--h2_typography-font-size);--awb-caption-title-transform:var(--h2_typography-text-transform);--awb-caption-title-line-height:var(--h2_typography-line-height);--awb-caption-title-letter-spacing:var(--h2_typography-letter-spacing);\"><span class=\" fusion-imageframe imageframe-none imageframe-3 hover-type-none fusion-animated\" data-animationType=\"fadeInDown\" data-animationDuration=\"0.1\" data-animationOffset=\"top-into-view\"><img decoding=\"async\" src=\"data:image\/gif;base64,R0lGODlhAQABAAAAACH5BAEKAAEALAAAAAABAAEAAAICTAEAOw==\" data-orig-src=\"http:\/\/ecomuseosonllado.com\/wp-content\/uploads\/2015\/04\/5-xorc018-fent-vi-al-carrer.jpg\" alt class=\"lazyload img-responsive\"\/><\/span><\/div><div class=\"fusion-separator fusion-full-width-sep\" style=\"align-self: center;margin-left: auto;margin-right: auto;margin-top:8px;margin-bottom:8px;width:100%;\"><\/div><div class=\"fusion-text fusion-text-2\"><h3 style=\"text-align: justify;\">La matan\u00e7a del porc, per la seva part, \u00e9s una de les tradicions rurals m\u00e9s arraigades no nom\u00e9s a Campos, sin\u00f3 tamb\u00e9 en tot Mallorca, que es remunta a molts segles enrere. Fins fa molt poc temps es realitzaven per garantir l\u2019alimentaci\u00f3 de les fam\u00edlies de tot el poble. La matan\u00e7a era sin\u00f2nim de festa; les fam\u00edlies es reunien des de primera hora del mat\u00ed en un ritual que durava tota la jornada per sacrificar un porc que havien <strong>engreixat personalment<\/strong> a for\u00e7a de farina d\u2019ordi, figues de cristi\u00e0, moniatos i figues de moro. Cada persona tenia una tasca encomanada. Els homes s\u2019encarregaven del sacrifici i del posterior pelatge de l\u2019animal amb aigua bullint. Despr\u00e9s procedien a desxuar el porc, seleccionant cada pe\u00e7a per l\u2019elaboraci\u00f3 m\u00e9s convenient. Aix\u00ed, la ventresca o panxeta\u00a0i la carn magra es destinava a l\u2019elaboraci\u00f3 de la <strong>sobrassada<\/strong>, la\u00a0freixura pels <strong>botifarrons<\/strong>, <strong>camaiots i bisbe<\/strong>, els cort\u00e9s de\u00a0sobre l\u2019esquena per a la elaboraci\u00f3 del <strong>sa\u00efm<\/strong> i els ossos de l\u2019espinada i costellam trossejats, al igual que els peus i la carassa, se salaven i es ficaven dins una alf\u00e0bia per cuinar al llarg de l\u2019hivern el <strong>bullit<\/strong> d\u2019ossos.<\/h3>\n<\/div><div class=\"fusion-text fusion-text-3\"><h3 style=\"text-align: justify;\"><a href=\"http:\/\/ecomuseosonllado.com\/wp-content\/uploads\/2015\/04\/5-matances1.jpg\"><img decoding=\"async\" class=\"lazyload  size-full wp-image-818 alignright\" src=\"data:image\/svg+xml,%3Csvg%20xmlns%3D%27http%3A%2F%2Fwww.w3.org%2F2000%2Fsvg%27%20width%3D%27278%27%20height%3D%27192%27%20viewBox%3D%270%200%20278%20192%27%3E%3Crect%20width%3D%27278%27%20height%3D%27192%27%20fill-opacity%3D%220%22%2F%3E%3C%2Fsvg%3E\" data-orig-src=\"http:\/\/ecomuseosonllado.com\/wp-content\/uploads\/2015\/04\/5-matances1.jpg\" alt=\"5 matances1\" width=\"278\" height=\"192\" \/><\/a>Per norma general, eren les dones les que s\u2019encarregaven de netejar i cosir els budells, que eren utilitzats per farcir els diferents embotits, coure la sang (tasca encomanada a la padrina) i ajudar a la propiet\u00e0ria de la casa a preparar el menjar. Aquest s\u2019iniciava amb el t\u00edpic berenar del <strong>frit de matances<\/strong> i culminava amb <strong>l\u2019arr\u00f2s de matances<\/strong> (a m\u00e9s de l\u2019aguiat de matances en molts casos), en el que era el dinar\/sopar que reunia al voltant de la taula a tots els <strong>matancers<\/strong> participants en l\u2019esdeveniment. Tamb\u00e9 hi solien participar\u00a0diferents convidats per comprom\u00eds de la fam\u00edlia amfitriona.<\/h3>\n<\/div><div class=\"fusion-text fusion-text-4\"><h3 style=\"text-align: justify;\">L\u2019animal era sacrificat sobre una banqueta especial d\u2019ullastre i, com ja es sabut, s\u2019aprofitava tot. Per elaborar les famoses <strong>sobrassades<\/strong>, per exemple, la carn es tritura de forma molt fina. Es deposita dins d\u2019un ribell\u00a0cer\u00e0mic i se l\u2019afegeixen les esp\u00e8cies: el <strong>pebre bord<\/strong>, dol\u00e7 i de color vermell per conservar, el <strong>pebre covent<\/strong>\u00a0per donar un punt de sabor, juntament amb el pebre b\u00f3 en les receptes d&#8217;algunes cases, i la <strong>sal<\/strong>. La pasta es remou amb les mans fins que el pebre i la sal han quedat ben mesclats. Despr\u00e9s s&#8217;omplen\u00a0i es cusen els budells en un altre dels moments importants de la jornada, en el qual hi participen conjuntament tots els <strong>matancers<\/strong> i culmina amb la penjada\u00a0de les diferents peces en la <strong>perxa<\/strong> habilitada al rebost o salera, un espai que \u00e9s molt important que tingui una bona ventilaci\u00f3 natural que permeti un perfecta\u00a0assecat i curat de les peces.<\/h3>\n<h3 style=\"text-align: justify;\"><\/h3>\n<\/div><div class=\"fusion-image-element \" style=\"text-align:center;--awb-caption-title-size:var(--h2_typography-font-size);--awb-caption-title-transform:var(--h2_typography-text-transform);--awb-caption-title-line-height:var(--h2_typography-line-height);--awb-caption-title-letter-spacing:var(--h2_typography-letter-spacing);\"><span class=\" fusion-imageframe imageframe-none imageframe-4 hover-type-none\"><img decoding=\"async\" src=\"data:image\/gif;base64,R0lGODlhAQABAAAAACH5BAEKAAEALAAAAAABAAEAAAICTAEAOw==\" data-orig-src=\"http:\/\/ecomuseosonllado.com\/wp-content\/uploads\/2015\/07\/5-omplint-botifarrons-e1438181668685.jpg\" alt class=\"lazyload img-responsive\"\/><\/span><\/div><div class=\"fusion-text fusion-text-5\"><h3 style=\"text-align: justify;\">Els botifarrons i camaiots, altres dos embotits t\u00edpics de Mallorca, s\u2019elaboren de forma diferent, ja que el fet de contenir part de les v\u00edsceres i la sang del porc obliga a <strong>courer-los<\/strong>. En el cas dels botifarrons se&#8217;ls\u00a0deixa en aigua bullint durant prop d\u2019una hora i al voltant de tres hores pel que fa als camaiots. Les esp\u00e8cies empradas en aquest cas son el pebre b\u00f3, el covent i la sal.<\/h3>\n<\/div><div class=\"fusion-image-element \" style=\"text-align:center;--awb-caption-title-size:var(--h2_typography-font-size);--awb-caption-title-transform:var(--h2_typography-text-transform);--awb-caption-title-line-height:var(--h2_typography-line-height);--awb-caption-title-letter-spacing:var(--h2_typography-letter-spacing);\"><span class=\" fusion-imageframe imageframe-none imageframe-5 hover-type-none fusion-animated\" data-animationType=\"fadeInDown\" data-animationDuration=\"0.1\" data-animationOffset=\"top-into-view\"><img decoding=\"async\" src=\"data:image\/gif;base64,R0lGODlhAQABAAAAACH5BAEKAAEALAAAAAABAAEAAAICTAEAOw==\" data-orig-src=\"http:\/\/ecomuseosonllado.com\/wp-content\/uploads\/2015\/04\/matan\u00e7es.jpg\" alt class=\"lazyload img-responsive\"\/><\/span><\/div><\/div><\/div><\/div><\/div><\/p>\n","protected":false},"excerpt":{"rendered":"","protected":false},"author":1,"featured_media":0,"parent":628,"menu_order":0,"comment_status":"open","ping_status":"open","template":"","meta":{"footnotes":""},"class_list":["post-640","page","type-page","status-publish","hentry"],"acf":[],"_links":{"self":[{"href":"https:\/\/ecomuseosonllado.com\/ca\/wp-json\/wp\/v2\/pages\/640"}],"collection":[{"href":"https:\/\/ecomuseosonllado.com\/ca\/wp-json\/wp\/v2\/pages"}],"about":[{"href":"https:\/\/ecomuseosonllado.com\/ca\/wp-json\/wp\/v2\/types\/page"}],"author":[{"embeddable":true,"href":"https:\/\/ecomuseosonllado.com\/ca\/wp-json\/wp\/v2\/users\/1"}],"replies":[{"embeddable":true,"href":"https:\/\/ecomuseosonllado.com\/ca\/wp-json\/wp\/v2\/comments?post=640"}],"version-history":[{"count":1,"href":"https:\/\/ecomuseosonllado.com\/ca\/wp-json\/wp\/v2\/pages\/640\/revisions"}],"predecessor-version":[{"id":2519,"href":"https:\/\/ecomuseosonllado.com\/ca\/wp-json\/wp\/v2\/pages\/640\/revisions\/2519"}],"up":[{"embeddable":true,"href":"https:\/\/ecomuseosonllado.com\/ca\/wp-json\/wp\/v2\/pages\/628"}],"wp:attachment":[{"href":"https:\/\/ecomuseosonllado.com\/ca\/wp-json\/wp\/v2\/media?parent=640"}],"curies":[{"name":"wp","href":"https:\/\/api.w.org\/{rel}","templated":true}]}}