{"id":396,"date":"2013-01-29T12:52:04","date_gmt":"2013-01-29T12:52:04","guid":{"rendered":"http:\/\/ecomuseosonllado.com\/?page_id=396"},"modified":"2023-02-21T16:55:10","modified_gmt":"2023-02-21T16:55:10","slug":"linies-dactuacio","status":"publish","type":"page","link":"https:\/\/ecomuseosonllado.com\/ca\/projecte\/linies-dactuacio\/","title":{"rendered":"L\u00ednies d&#8217;actuaci\u00f3"},"content":{"rendered":"<h3><img decoding=\"async\" class=\"lazyload alignleft size-full wp-image-77\" alt=\"Ecomuseo Son Llad\u00f3\" src=\"data:image\/gif;base64,R0lGODlhAQABAAAAACH5BAEKAAEALAAAAAABAAEAAAICTAEAOw==\" data-orig-src=\"http:\/\/ecomuseosonllado.com\/wp-content\/uploads\/2012\/12\/sonllado_more-40.jpg\" \/><\/h3>\n<p style=\"text-align: justify;\"><b>1. CONDICIONAMENT D&#8217;ESPAIS I RECURSOS.<\/b> Restauraci\u00f3 de la cotxera de l&#8217;edifici principal de <strong>Son Llad\u00f3<\/strong> i d\u2019una part del paller i magetzem agr\u00edcola per ser emprats com sales expositives de l\u2019 Ecomuseu. En un d\u2019aquests espais, com exposici\u00f3 d\u2019un recurs visual, reproduint l&#8217;estructura i funcionament d&#8217;una <strong>finca tradicional de regadiu<\/strong> del municipi de <strong>Campos als anys 50<\/strong>, es construir\u00e0 un <strong>pou figurat<\/strong>, instal\u00b7lant despr\u00e9s d&#8217;una restauraci\u00f3 pr\u00e8via, un dels primers <strong>equips d&#8217;extracci\u00f3 d&#8217;aigua<\/strong> montats a Campos funcionant amb<strong> bombes de pist\u00f3<\/strong> accionades per motors de <strong>gas-oil.<\/strong> Tamb\u00e9 es construir\u00e0 un <strong>mol\u00ed de vent tradicional a escala<\/strong>, totalment equipat per a bombeig d&#8217;aigua dins un safreix ja existent. Dos aut\u00e8ntics s\u00edmbols emblem\u00e0tics del <strong>paisatge rural<\/strong> de Campos, imprescindibles per poder entendre on situar la realitat i la identitat del municipi.<\/p>\n<p style=\"text-align: justify;\">De cara a facilitar accessos i serveis espec\u00edfics per a <strong>discapacitats<\/strong>, estan contemplades tamb\u00e9 diferents actuacions. En una primera fase s&#8217;escometran obres de <strong>reacondicionament de l&#8217;espai<\/strong>, facilitant accessos amplis i adequats per a persones amb <strong>mobilitat redu\u00efda<\/strong>, aix\u00ed com l&#8217;adaptaci\u00f3 d&#8217;un bany amb les dimensions i mobiliari espec\u00edfics per a aquest tipus de p\u00fablic. En una segona fase, s&#8217;adaptaran els continguts i explicacions del futur Ecomuseu a persones amb tot tipus de discapacitats, per facilitar l&#8217;acc\u00e9s a tothom.<\/p>\n<p style=\"text-align: justify;\"><b>2. RECERCA I DOCUMENTACI\u00d3.<\/b> De cara a la seva posterior posada en valor com a recursos tur\u00edstics, en aquesta primera fase del projecte s&#8217;escometr\u00e0 un intens <strong>treball de documentaci\u00f3<\/strong> (a nivell d&#8217;informaci\u00f3 i recursos fotogr\u00e0fics i audiovisuals), <strong>restauraci\u00f3 d&#8217;eines antigues i d&#8217;entrevistes personals<\/strong> amb agents clau en el mapa rural del municipi de Campos, principalment pageses, ferrers i mec\u00e0nics que ja estiguin en un per\u00edode avan\u00e7at d&#8217;edat i amb els quals resulta imprescindible parlar per salvaguardar tot el coneixement i sabrer fer lligat a pr\u00e0ctiques agr\u00edcola-ramaderes del municipi de Campos. A partir d&#8217;aquest estudi de recerca i documentaci\u00f3, s&#8217;elaborar\u00e0 un <strong>glossari de termes<\/strong><strong>, eines i t\u00e8cniques tradicionals i hist\u00f2riques relacionades<\/strong>, que serviran com a eix conductor de futurs recorreguts i actuacions a <strong>l\u2019Ecomuseu Son Llad\u00f3<\/strong>.<\/p>\n<p style=\"text-align: justify;\"><b><a href=\"http:\/\/ecomuseosonllado.com\/proyecto\/lineas-de-actuacion\/attachment\/sony-dsc-10\/\" rel=\"attachment wp-att-78\"><img decoding=\"async\" class=\"lazyload alignright size-full wp-image-78\" alt=\"Ecomuseo Son Llad\u00f3\" src=\"data:image\/gif;base64,R0lGODlhAQABAAAAACH5BAEKAAEALAAAAAABAAEAAAICTAEAOw==\" data-orig-src=\"http:\/\/ecomuseosonllado.com\/wp-content\/uploads\/2012\/12\/sonllado_more-220.jpg\" \/><\/a><\/b><\/p>\n<p style=\"text-align: justify;\"><b>3. \u00c0MBIT EDUCATIU.<\/b> El vessant educatiu ser\u00e0 un dels eixos fonamentals del futur <strong>Ecomuseu Son Llad\u00f3<\/strong>. Es treballar\u00e0 en diferentes <strong>unitats did\u00e0ctiques<\/strong>, adaptant els futurs continguts a visites escolars, amb un treball impl\u00edcit de forma pr\u00e8via i posterior a la visita. L&#8217;objectiu \u00e9s desenvolupar un component educacional des d&#8217;edats primerenques entorn de l&#8217;estima de la <strong>identitat rural <\/strong>que els envolta, en aquest cas de Campos, on els nens puguin aprendre de forma pr\u00e0ctica q\u00fcestions relacionades amb <strong>el patrimoni natural, la cultura i el seu valor etnogr\u00e0fic<\/strong>. Tot aix\u00f2 introduint valors lligats a la pr\u00e0ctica d&#8217;un <strong>turisme sostenible<\/strong> perqu\u00e8, d&#8217;alguna manera, puguin aprendre sense adonar-se que existeixen diferents societats, i que cada regi\u00f3 t\u00e9 les seves pr\u00f2pies caracter\u00edstiques i costums. Tot aix\u00f2 contribuir\u00e0 a crear en el nen una actitud <strong>oberta i tolerant cap als altres<\/strong>, ampliar\u00e0 la seva curiositat per tot all\u00f2 que \u00e9s ali\u00e8 al seu entorn social i posar\u00e0 els fonaments pel que pot ser un viatge responsable i integrador amb els llocs que visiti en el futur.<\/p>\n<p style=\"text-align: justify;\"><b>4. PAISATGISME COMESTIBLE I PERMACULTURA:<\/b> Implementaci\u00f3 de t\u00e8cniques de <strong>bosc comestible<\/strong> seguint patrons i m\u00e8todes de <strong>permacultura<\/strong>, que sigui capa\u00e7 de reproduir un ecosistema agr\u00edcola que produeixi <strong>menjar<\/strong> i aporti <strong>riquesa mediambiental i ecol\u00f2gica<\/strong>. Buscant una projecci\u00f3 a llarg termini, es combinaran esp\u00e8cies <strong>d&#8217;arbres amb arbustos i plantes<\/strong>, adaptades a les condicions <strong>clim\u00e0tiques, paisatg\u00edstiques i naturals<\/strong> de la <strong>Finca Son Llad\u00f3<\/strong>, per obtenir aix\u00ed un ecosistema m\u00e9s resistent als <strong>recursos<\/strong>, a la <strong>pluviometria<\/strong> de la zona i menys depenent dels <strong>combustibles f\u00f2ssils<\/strong> . Tot aix\u00f2 tractant de millorar fins i tot els rendiments dels <strong>sistemes naturals<\/strong>, buscant <strong>connexions simbi\u00f2tiques<\/strong> que millorin les propietats de cadascun dels elements i \u00e9ssers vius, dissenyant un <strong>h\u00e0bitat agradable<\/strong> i un <strong>model agr\u00edcola-ramader<\/strong> en perfecte equilibri.<\/p>\n","protected":false},"excerpt":{"rendered":"<p> [&hellip;]<\/p>\n","protected":false},"author":1,"featured_media":0,"parent":385,"menu_order":0,"comment_status":"open","ping_status":"open","template":"","meta":{"footnotes":""},"class_list":["post-396","page","type-page","status-publish","hentry"],"acf":[],"_links":{"self":[{"href":"https:\/\/ecomuseosonllado.com\/ca\/wp-json\/wp\/v2\/pages\/396"}],"collection":[{"href":"https:\/\/ecomuseosonllado.com\/ca\/wp-json\/wp\/v2\/pages"}],"about":[{"href":"https:\/\/ecomuseosonllado.com\/ca\/wp-json\/wp\/v2\/types\/page"}],"author":[{"embeddable":true,"href":"https:\/\/ecomuseosonllado.com\/ca\/wp-json\/wp\/v2\/users\/1"}],"replies":[{"embeddable":true,"href":"https:\/\/ecomuseosonllado.com\/ca\/wp-json\/wp\/v2\/comments?post=396"}],"version-history":[{"count":1,"href":"https:\/\/ecomuseosonllado.com\/ca\/wp-json\/wp\/v2\/pages\/396\/revisions"}],"predecessor-version":[{"id":2531,"href":"https:\/\/ecomuseosonllado.com\/ca\/wp-json\/wp\/v2\/pages\/396\/revisions\/2531"}],"up":[{"embeddable":true,"href":"https:\/\/ecomuseosonllado.com\/ca\/wp-json\/wp\/v2\/pages\/385"}],"wp:attachment":[{"href":"https:\/\/ecomuseosonllado.com\/ca\/wp-json\/wp\/v2\/media?parent=396"}],"curies":[{"name":"wp","href":"https:\/\/api.w.org\/{rel}","templated":true}]}}