{"id":394,"date":"2012-12-19T17:43:27","date_gmt":"2012-12-19T17:43:27","guid":{"rendered":"http:\/\/ecomuseosonllado.com\/?page_id=394"},"modified":"2023-02-21T16:55:10","modified_gmt":"2023-02-21T16:55:10","slug":"paisatge-sonor","status":"publish","type":"page","link":"https:\/\/ecomuseosonllado.com\/ca\/projecte\/paisatge-sonor\/","title":{"rendered":"Paisatges sonors de Campos"},"content":{"rendered":"<div class=\"fusion-fullwidth fullwidth-box fusion-builder-row-1 fusion-flex-container hundred-percent-fullwidth non-hundred-percent-height-scrolling\" style=\"--awb-border-radius-top-left:0px;--awb-border-radius-top-right:0px;--awb-border-radius-bottom-right:0px;--awb-border-radius-bottom-left:0px;--awb-overflow:visible;\" ><div class=\"fusion-builder-row fusion-row fusion-flex-align-items-flex-start\" style=\"width:104% !important;max-width:104% !important;margin-left: calc(-4% \/ 2 );margin-right: calc(-4% \/ 2 );\"><div class=\"fusion-layout-column fusion_builder_column fusion-builder-column-0 fusion_builder_column_1_2 1_2 fusion-flex-column\" style=\"--awb-bg-size:cover;--awb-width-large:50%;--awb-margin-top-large:0px;--awb-spacing-right-large:3.84%;--awb-margin-bottom-large:0px;--awb-spacing-left-large:3.84%;--awb-width-medium:100%;--awb-spacing-right-medium:1.92%;--awb-spacing-left-medium:1.92%;--awb-width-small:100%;--awb-spacing-right-small:1.92%;--awb-spacing-left-small:1.92%;\"><div class=\"fusion-column-wrapper fusion-flex-justify-content-flex-start fusion-content-layout-column\"><div class=\"fusion-text fusion-text-1\"><h3 style=\"text-align: justify;\">En torn al proc\u00e9s de documentaci\u00f3 i investigaci\u00f3 vinculat\u00a0 a <strong>l\u2019Ecomuseu Etnogr\u00e0fic del Patrimoni Rural de Campos<\/strong> s\u2019ha captat i editat una s\u00e8rie de registres sonors que han caracteritzat al llarg de la hist\u00f2ria\u00a0<strong>l\u2019activitat agr\u00edcola-ramadera<\/strong>\u00a0de\u00a0<strong>Campos<\/strong>, per a la seva catalogaci\u00f3 i posada en valor en el propi Ecomuseu. En aquest sentit, els\u00a0<strong>sons<\/strong>\u00a0<strong>geolocalitzats<\/strong>\u00a0en regions en proc\u00e9s de canvi social i econ\u00f2mic, com \u00e9s el cas, poden servir com a instrument\u00a0<strong>d\u2019an\u00e0lisi mediambiental i cultural<\/strong>. El projecte proposa un estudi gaireb\u00e9 cient\u00edfic de\u00a0<strong>l\u2019ecosistema rural i del paisatge de Campos<\/strong>, de les seves relacions i les seves transformacions. Dins aquesta l\u00ednia, els registres sonors, amb un component educacional, obren una dimensi\u00f3 innovadora per aquest an\u00e0lisi.<\/h3>\n<h3 style=\"text-align: justify;\">De la mateixa manera que el valor que proporcionen la biodiversitat o la riquesa cultural i de valors tradicionals \u00e9s part de la identitat d\u2019un paisatge rural com el de Campos, tamb\u00e9 ho s\u00f3n els <strong>sons lligats a la naturalesa i a totes les activitats pr\u00f2pies del mitj\u00e0 rural<\/strong>. Tot en conjunt suposa un valor afegit que no est\u00e0 suficientment valorat quan pensem en la bellesa del paisatge rural, cada vegada m\u00e9s transformat, d\u2019altra banda. De fet, quan es pensa en un paisatge, normalment s\u2019evoquen imatges o escenes com si fossin extretes d\u2019una fotografia est\u00e0tica. Sistem\u00e0ticament obviem la <strong>part sonora que va aparellada a aquest paisatge<\/strong>\u00a0i que, d\u2019altra banda, ho condiciona en la majoria dels casos.<\/h3>\n<h3 style=\"text-align: justify;\"><strong>L\u2019Ecomuseu Etnogr\u00e0fic del Patrimoni Rural de Campos<\/strong>\u00a0es centra precisament en el concepte de <strong>paisatge sonor<\/strong>, pensant en la interacci\u00f3 que s\u2019ha produ\u00eft en el municipi en les \u00faltimes d\u00e8cades entre la\u00a0<strong>naturalesa<\/strong>, les\u00a0<strong>activitats humanes<\/strong>, els\u00a0<strong>fen\u00f2mens socials<\/strong>\u00a0i les\u00a0<strong>caracter\u00edstiques f\u00edsiques<\/strong>\u00a0de l\u2019entorn rural. L\u2019objectiu \u00e9s sumar totes aquestes variables perqu\u00e8 la percepci\u00f3 dels visitants i usuaris canvi\u00ef pel que fa al que es veu en una simple fotografia o imatge \u00fanicament visual.<\/h3>\n<\/div><\/div><\/div><div class=\"fusion-layout-column fusion_builder_column fusion-builder-column-1 fusion_builder_column_1_2 1_2 fusion-flex-column\" style=\"--awb-bg-size:cover;--awb-width-large:50%;--awb-margin-top-large:0px;--awb-spacing-right-large:3.84%;--awb-margin-bottom-large:0px;--awb-spacing-left-large:3.84%;--awb-width-medium:100%;--awb-spacing-right-medium:1.92%;--awb-spacing-left-medium:1.92%;--awb-width-small:100%;--awb-spacing-right-small:1.92%;--awb-spacing-left-small:1.92%;\"><div class=\"fusion-column-wrapper fusion-flex-justify-content-flex-start fusion-content-layout-column\"><div class=\"fusion-image-element \" style=\"--awb-caption-title-size:var(--h2_typography-font-size);--awb-caption-title-transform:var(--h2_typography-text-transform);--awb-caption-title-line-height:var(--h2_typography-line-height);--awb-caption-title-letter-spacing:var(--h2_typography-letter-spacing);\"><span class=\" fusion-imageframe imageframe-none imageframe-1 hover-type-none\"><img decoding=\"async\" src=\"data:image\/gif;base64,R0lGODlhAQABAAAAACH5BAEKAAEALAAAAAABAAEAAAICTAEAOw==\" data-orig-src=\"http:\/\/ecomuseosonllado.com\/wp-content\/uploads\/2012\/12\/paisajes-sonoros.jpg\" alt class=\"lazyload img-responsive\"\/><\/span><\/div><\/div><\/div><div class=\"fusion-layout-column fusion_builder_column fusion-builder-column-2 fusion_builder_column_1_1 1_1 fusion-flex-column fusion-flex-align-self-flex-start fusion-column-no-min-height\" style=\"--awb-bg-size:cover;--awb-width-large:100%;--awb-margin-top-large:0px;--awb-spacing-right-large:1.92%;--awb-margin-bottom-large:0px;--awb-spacing-left-large:1.92%;--awb-width-medium:100%;--awb-spacing-right-medium:1.92%;--awb-spacing-left-medium:1.92%;--awb-width-small:100%;--awb-spacing-right-small:1.92%;--awb-spacing-left-small:1.92%;\"><div class=\"fusion-column-wrapper fusion-flex-justify-content-flex-start fusion-content-layout-column\"><div class=\"fusion-separator fusion-full-width-sep\" style=\"align-self: center;margin-left: auto;margin-right: auto;margin-top:8px;margin-bottom:8px;width:100%;\"><div class=\"fusion-separator-border sep-single sep-solid\" style=\"--awb-height:20px;--awb-amount:20px;border-color:var(--awb-color3);border-top-width:0px;\"><\/div><\/div><div class=\"fusion-text fusion-text-2\"><h3 style=\"text-align: justify;\">L\u2019objectiu \u00e9s, a m\u00e9s, aprofitar aquests registres sonors en la l\u00ednia\u00a0<strong>d\u2019actuaci\u00f3 d\u2019\u00e0mbit educatiu de l\u2019Ecomuseu Etnogr\u00e0fic del Patrimoni Rural de Campos<\/strong>, com a f\u00f3rmula\u00a0<strong>d\u2019aprenentatge cognitiu<\/strong>\u00a0per a nens\/es centrat en\u00a0<strong>l\u2019escolta activa<\/strong>, el\u00a0<strong>silenci<\/strong>, la\u00a0<strong>generaci\u00f3 de sons\u00a0<\/strong>i la\u00a0<strong>ubicaci\u00f3 en l\u2019espai-temps<\/strong>\u00a0dels mateixos, amb les dosis necess\u00e0ries d\u2019atenci\u00f3, concentraci\u00f3, mem\u00f2ria, desenvolupament del llenguatge i empatia que es requereixen per a aix\u00f2. Els\u00a0<strong>tallers educatius<\/strong>\u00a0que es pretenen desenvolupar tindran un component de conscienciaci\u00f3 i aprenentatge a trav\u00e9s del\u00a0<strong>so<\/strong>, introduint conceptes de\u00a0<strong>l\u2019ecologia sonora<\/strong>, interpretant\u00a0<strong>l\u2019espai i el paisatge rural<\/strong>\u00a0de l\u2019entorn de l\u2019Ecomuseu, els elements que ho conformen i la manera de poder con\u00e8ixer-ho a trav\u00e9s del so.<\/h3>\n<\/div><div class=\"fusion-separator fusion-full-width-sep\" style=\"align-self: center;margin-left: auto;margin-right: auto;margin-top:8px;margin-bottom:8px;width:100%;\"><\/div><\/div><\/div><div class=\"fusion-layout-column fusion_builder_column fusion-builder-column-3 fusion_builder_column_1_1 1_1 fusion-flex-column fusion-flex-align-self-flex-start fusion-column-no-min-height\" style=\"--awb-bg-size:cover;--awb-width-large:100%;--awb-margin-top-large:0px;--awb-spacing-right-large:1.92%;--awb-margin-bottom-large:0px;--awb-spacing-left-large:1.92%;--awb-width-medium:100%;--awb-spacing-right-medium:1.92%;--awb-spacing-left-medium:1.92%;--awb-width-small:100%;--awb-spacing-right-small:1.92%;--awb-spacing-left-small:1.92%;\"><div class=\"fusion-column-wrapper fusion-flex-justify-content-flex-start fusion-content-layout-column\"><div class=\"fusion-title title fusion-title-1 fusion-title-text fusion-title-size-one\"><div class=\"title-sep-container title-sep-container-left fusion-no-large-visibility fusion-no-medium-visibility fusion-no-small-visibility\"><div class=\"title-sep sep-single sep-solid\" style=\"border-color:var(--awb-color3);\"><\/div><\/div><span class=\"awb-title-spacer fusion-no-large-visibility fusion-no-medium-visibility fusion-no-small-visibility\"><\/span><h1 class=\"title-heading-left fusion-responsive-typography-calculated\" style=\"margin:0;--fontSize:70;line-height:var(--awb-typography1-line-height);\">Paisatges sonors de Campos<\/h1><span class=\"awb-title-spacer\"><\/span><div class=\"title-sep-container title-sep-container-right\"><div class=\"title-sep sep-single sep-solid\" style=\"border-color:var(--awb-color3);\"><\/div><\/div><\/div><\/div><\/div><div class=\"fusion-layout-column fusion_builder_column fusion-builder-column-4 fusion_builder_column_1_1 1_1 fusion-flex-column fusion-flex-align-self-flex-start fusion-column-no-min-height\" style=\"--awb-bg-size:cover;--awb-width-large:100%;--awb-margin-top-large:0px;--awb-spacing-right-large:1.92%;--awb-margin-bottom-large:0px;--awb-spacing-left-large:1.92%;--awb-width-medium:100%;--awb-spacing-right-medium:1.92%;--awb-spacing-left-medium:1.92%;--awb-width-small:100%;--awb-spacing-right-small:1.92%;--awb-spacing-left-small:1.92%;\"><div class=\"fusion-column-wrapper fusion-flex-justify-content-flex-start fusion-content-layout-column\"><div class=\"fusion-soundcloud\"><iframe scrolling=\"no\" frameborder=\"no\" width=\"100%\" height=\"180\" allow=\"autoplay\" src=\"https:\/\/w.soundcloud.com\/player\/?url=https:\/\/soundcloud.com\/ecomuseo-son-llado\/noria-son-catlar&amp;auto_play=false&amp;hide_related=true&amp;show_comments=true&amp;show_user=true&amp;show_reposts=false&amp;visual=false&amp;color=165a93\" title=\"soundcloud\"><\/iframe><\/div><\/div><\/div><div class=\"fusion-layout-column fusion_builder_column fusion-builder-column-5 fusion_builder_column_1_1 1_1 fusion-flex-column fusion-flex-align-self-flex-start fusion-column-no-min-height\" style=\"--awb-bg-size:cover;--awb-width-large:100%;--awb-margin-top-large:0px;--awb-spacing-right-large:1.92%;--awb-margin-bottom-large:0px;--awb-spacing-left-large:1.92%;--awb-width-medium:100%;--awb-spacing-right-medium:1.92%;--awb-spacing-left-medium:1.92%;--awb-width-small:100%;--awb-spacing-right-small:1.92%;--awb-spacing-left-small:1.92%;\"><div class=\"fusion-column-wrapper fusion-flex-justify-content-flex-start fusion-content-layout-column\"><div class=\"fusion-soundcloud\"><iframe scrolling=\"no\" frameborder=\"no\" width=\"100%\" height=\"180\" allow=\"autoplay\" src=\"https:\/\/w.soundcloud.com\/player\/?url=https:\/\/soundcloud.com\/ecomuseo-son-llado\/motor-diesel-agua-pozo-campos-mallorca&amp;auto_play=false&amp;hide_related=true&amp;show_comments=true&amp;show_user=true&amp;show_reposts=false&amp;visual=false&amp;color=165a93\" title=\"soundcloud\"><\/iframe><\/div><\/div><\/div><div class=\"fusion-layout-column fusion_builder_column fusion-builder-column-6 fusion_builder_column_1_1 1_1 fusion-flex-column fusion-flex-align-self-flex-start fusion-column-no-min-height\" style=\"--awb-bg-size:cover;--awb-width-large:100%;--awb-margin-top-large:0px;--awb-spacing-right-large:1.92%;--awb-margin-bottom-large:0px;--awb-spacing-left-large:1.92%;--awb-width-medium:100%;--awb-spacing-right-medium:1.92%;--awb-spacing-left-medium:1.92%;--awb-width-small:100%;--awb-spacing-right-small:1.92%;--awb-spacing-left-small:1.92%;\"><div class=\"fusion-column-wrapper fusion-flex-justify-content-flex-start fusion-content-layout-column\"><div class=\"fusion-soundcloud\"><iframe scrolling=\"no\" frameborder=\"no\" width=\"100%\" height=\"180\" allow=\"autoplay\" src=\"https:\/\/w.soundcloud.com\/player\/?url=https:\/\/soundcloud.com\/ecomuseo-son-llado\/oficio-herrero-campos-mallorca&amp;auto_play=false&amp;hide_related=true&amp;show_comments=true&amp;show_user=true&amp;show_reposts=false&amp;visual=false&amp;color=165a93\" title=\"soundcloud\"><\/iframe><\/div><\/div><\/div><div class=\"fusion-layout-column fusion_builder_column fusion-builder-column-7 fusion_builder_column_1_1 1_1 fusion-flex-column fusion-flex-align-self-flex-start fusion-column-no-min-height\" style=\"--awb-bg-size:cover;--awb-width-large:100%;--awb-margin-top-large:0px;--awb-spacing-right-large:1.92%;--awb-margin-bottom-large:0px;--awb-spacing-left-large:1.92%;--awb-width-medium:100%;--awb-spacing-right-medium:1.92%;--awb-spacing-left-medium:1.92%;--awb-width-small:100%;--awb-spacing-right-small:1.92%;--awb-spacing-left-small:1.92%;\"><div class=\"fusion-column-wrapper fusion-flex-justify-content-flex-start fusion-content-layout-column\"><div class=\"fusion-soundcloud\"><iframe scrolling=\"no\" frameborder=\"no\" width=\"100%\" height=\"180\" allow=\"autoplay\" src=\"https:\/\/w.soundcloud.com\/player\/?url=https:\/\/soundcloud.com\/ecomuseo-son-llado\/porc-negre-raza-autoctona-campos-mallorca&amp;auto_play=false&amp;hide_related=true&amp;show_comments=true&amp;show_user=true&amp;show_reposts=false&amp;visual=false&amp;color=165a93\" title=\"soundcloud\"><\/iframe><\/div><\/div><\/div><div class=\"fusion-layout-column fusion_builder_column fusion-builder-column-8 fusion_builder_column_1_1 1_1 fusion-flex-column fusion-flex-align-self-flex-start fusion-column-no-min-height\" style=\"--awb-bg-size:cover;--awb-width-large:100%;--awb-margin-top-large:0px;--awb-spacing-right-large:1.92%;--awb-margin-bottom-large:0px;--awb-spacing-left-large:1.92%;--awb-width-medium:100%;--awb-spacing-right-medium:1.92%;--awb-spacing-left-medium:1.92%;--awb-width-small:100%;--awb-spacing-right-small:1.92%;--awb-spacing-left-small:1.92%;\"><div class=\"fusion-column-wrapper fusion-flex-justify-content-flex-start fusion-content-layout-column\"><div class=\"fusion-soundcloud\"><iframe scrolling=\"no\" frameborder=\"no\" width=\"100%\" height=\"180\" allow=\"autoplay\" src=\"https:\/\/w.soundcloud.com\/player\/?url=https:\/\/soundcloud.com\/ecomuseo-son-llado\/sonidos-en-la-granja-animales-campos-mallorca&amp;auto_play=false&amp;hide_related=true&amp;show_comments=true&amp;show_user=true&amp;show_reposts=false&amp;visual=false&amp;color=165a93\" title=\"soundcloud\"><\/iframe><\/div><\/div><\/div><div class=\"fusion-layout-column fusion_builder_column fusion-builder-column-9 fusion_builder_column_1_1 1_1 fusion-flex-column fusion-flex-align-self-flex-start fusion-column-no-min-height\" style=\"--awb-bg-size:cover;--awb-width-large:100%;--awb-margin-top-large:0px;--awb-spacing-right-large:1.92%;--awb-margin-bottom-large:0px;--awb-spacing-left-large:1.92%;--awb-width-medium:100%;--awb-spacing-right-medium:1.92%;--awb-spacing-left-medium:1.92%;--awb-width-small:100%;--awb-spacing-right-small:1.92%;--awb-spacing-left-small:1.92%;\"><div class=\"fusion-column-wrapper fusion-flex-justify-content-flex-start fusion-content-layout-column\"><div class=\"fusion-soundcloud\"><iframe scrolling=\"no\" frameborder=\"no\" width=\"100%\" height=\"180\" allow=\"autoplay\" src=\"https:\/\/w.soundcloud.com\/player\/?url=https:\/\/soundcloud.com\/ecomuseo-son-llado\/vaqueria-en-campos-ordeno&amp;auto_play=false&amp;hide_related=true&amp;show_comments=true&amp;show_user=true&amp;show_reposts=false&amp;visual=false&amp;color=165a93\" title=\"soundcloud\"><\/iframe><\/div><\/div><\/div><div class=\"fusion-layout-column fusion_builder_column fusion-builder-column-10 fusion_builder_column_1_1 1_1 fusion-flex-column fusion-flex-align-self-flex-start fusion-column-no-min-height\" style=\"--awb-bg-size:cover;--awb-width-large:100%;--awb-margin-top-large:0px;--awb-spacing-right-large:1.92%;--awb-margin-bottom-large:0px;--awb-spacing-left-large:1.92%;--awb-width-medium:100%;--awb-spacing-right-medium:1.92%;--awb-spacing-left-medium:1.92%;--awb-width-small:100%;--awb-spacing-right-small:1.92%;--awb-spacing-left-small:1.92%;\"><div class=\"fusion-column-wrapper fusion-flex-justify-content-flex-start fusion-content-layout-column\"><div class=\"fusion-soundcloud\"><iframe scrolling=\"no\" frameborder=\"no\" width=\"100%\" height=\"180\" allow=\"autoplay\" src=\"https:\/\/w.soundcloud.com\/player\/?url=https:\/\/soundcloud.com\/ecomuseo-son-llado\/arado-de-traccion-animal-campos-mallorca&amp;auto_play=false&amp;hide_related=true&amp;show_comments=true&amp;show_user=true&amp;show_reposts=false&amp;visual=false&amp;color=165a93\" title=\"soundcloud\"><\/iframe><\/div><\/div><\/div><div class=\"fusion-layout-column fusion_builder_column fusion-builder-column-11 fusion_builder_column_1_1 1_1 fusion-flex-column fusion-flex-align-self-flex-start fusion-column-no-min-height\" style=\"--awb-bg-size:cover;--awb-width-large:100%;--awb-margin-top-large:0px;--awb-spacing-right-large:1.92%;--awb-margin-bottom-large:0px;--awb-spacing-left-large:1.92%;--awb-width-medium:100%;--awb-spacing-right-medium:1.92%;--awb-spacing-left-medium:1.92%;--awb-width-small:100%;--awb-spacing-right-small:1.92%;--awb-spacing-left-small:1.92%;\"><div class=\"fusion-column-wrapper fusion-flex-justify-content-flex-start fusion-content-layout-column\"><div class=\"fusion-soundcloud\"><iframe scrolling=\"no\" frameborder=\"no\" width=\"100%\" height=\"180\" allow=\"autoplay\" src=\"https:\/\/w.soundcloud.com\/player\/?url=https:\/\/soundcloud.com\/ecomuseo-son-llado\/campanario-iglesia-campos-mallorca&amp;auto_play=false&amp;hide_related=true&amp;show_comments=true&amp;show_user=true&amp;show_reposts=false&amp;visual=false&amp;color=165a93\" title=\"soundcloud\"><\/iframe><\/div><\/div><\/div><div class=\"fusion-layout-column fusion_builder_column fusion-builder-column-12 fusion_builder_column_1_1 1_1 fusion-flex-column fusion-flex-align-self-flex-start fusion-column-no-min-height\" style=\"--awb-bg-size:cover;--awb-width-large:100%;--awb-margin-top-large:0px;--awb-spacing-right-large:1.92%;--awb-margin-bottom-large:0px;--awb-spacing-left-large:1.92%;--awb-width-medium:100%;--awb-spacing-right-medium:1.92%;--awb-spacing-left-medium:1.92%;--awb-width-small:100%;--awb-spacing-right-small:1.92%;--awb-spacing-left-small:1.92%;\"><div class=\"fusion-column-wrapper fusion-flex-justify-content-flex-start fusion-content-layout-column\"><div class=\"fusion-soundcloud\"><iframe scrolling=\"no\" frameborder=\"no\" width=\"100%\" height=\"180\" allow=\"autoplay\" src=\"https:\/\/w.soundcloud.com\/player\/?url=https:\/\/soundcloud.com\/ecomuseo-son-llado\/mugido-vacas-paisaje-sonoro-campos-mallorca&amp;auto_play=false&amp;hide_related=true&amp;show_comments=true&amp;show_user=true&amp;show_reposts=false&amp;visual=false&amp;color=165a93\" title=\"soundcloud\"><\/iframe><\/div><\/div><\/div><\/div><\/div>\n","protected":false},"excerpt":{"rendered":"","protected":false},"author":1,"featured_media":0,"parent":385,"menu_order":0,"comment_status":"open","ping_status":"open","template":"","meta":{"footnotes":""},"class_list":["post-394","page","type-page","status-publish","hentry"],"acf":[],"_links":{"self":[{"href":"https:\/\/ecomuseosonllado.com\/ca\/wp-json\/wp\/v2\/pages\/394"}],"collection":[{"href":"https:\/\/ecomuseosonllado.com\/ca\/wp-json\/wp\/v2\/pages"}],"about":[{"href":"https:\/\/ecomuseosonllado.com\/ca\/wp-json\/wp\/v2\/types\/page"}],"author":[{"embeddable":true,"href":"https:\/\/ecomuseosonllado.com\/ca\/wp-json\/wp\/v2\/users\/1"}],"replies":[{"embeddable":true,"href":"https:\/\/ecomuseosonllado.com\/ca\/wp-json\/wp\/v2\/comments?post=394"}],"version-history":[{"count":1,"href":"https:\/\/ecomuseosonllado.com\/ca\/wp-json\/wp\/v2\/pages\/394\/revisions"}],"predecessor-version":[{"id":2532,"href":"https:\/\/ecomuseosonllado.com\/ca\/wp-json\/wp\/v2\/pages\/394\/revisions\/2532"}],"up":[{"embeddable":true,"href":"https:\/\/ecomuseosonllado.com\/ca\/wp-json\/wp\/v2\/pages\/385"}],"wp:attachment":[{"href":"https:\/\/ecomuseosonllado.com\/ca\/wp-json\/wp\/v2\/media?parent=394"}],"curies":[{"name":"wp","href":"https:\/\/api.w.org\/{rel}","templated":true}]}}