{"id":392,"date":"2013-01-29T12:48:11","date_gmt":"2013-01-29T12:48:11","guid":{"rendered":"http:\/\/ecomuseosonllado.com\/?page_id=392"},"modified":"2023-02-21T16:55:10","modified_gmt":"2023-02-21T16:55:10","slug":"ecologia","status":"publish","type":"page","link":"https:\/\/ecomuseosonllado.com\/ca\/projecte\/ecologia\/","title":{"rendered":"Ecologia"},"content":{"rendered":"<p style=\"text-align: justify;\"><a href=\"http:\/\/ecomuseosonllado.com\/proyecto\/ecologia\/attachment\/sony-dsc-5\/\" rel=\"attachment wp-att-65\"><img decoding=\"async\" class=\"lazyload alignleft size-medium wp-image-65\" alt=\"Ecomuseo Son Llad\u00f3\" src=\"data:image\/gif;base64,R0lGODlhAQABAAAAACH5BAEKAAEALAAAAAABAAEAAAICTAEAOw==\" data-orig-src=\"http:\/\/ecomuseosonllado.com\/wp-content\/uploads\/2012\/12\/sonllado_more-270x300.jpg\" \/><\/a><\/p>\n<p style=\"text-align: justify;\"><strong>L&#8217;ecologia<\/strong> \u00e9s un concepte que va molt m\u00e9s all\u00e0 de la simple defensa i protecci\u00f3 del <strong>medi ambient<\/strong>. Estudia als <strong>\u00e9ssers vius<\/strong> en conjunt, al seu <strong>entorn<\/strong> i la interacci\u00f3 que sorgeix d&#8217;aquesta relaci\u00f3. De fet, segons el propi diccionari de la Real Acad\u00e8mia de la Llengua Espanyola (RAE), <strong>l&#8217;ecologia<\/strong> \u00e9s una part de la <strong>sociologia<\/strong>, que estudia la relaci\u00f3 entre els <strong>grups humans i el seu ambient<\/strong>, tant f\u00edsic com a social.<\/p>\n<p style=\"text-align: justify;\">A dia d&#8217;avui, la interacci\u00f3 que nosaltres, com a grups humans, tenim amb el nostre entorn, \u00e9s <strong>insostenible<\/strong>. Particularment parlant d&#8217;un municipi com <strong>Campos<\/strong> on est\u00e0 situat <strong>Son Llad\u00f3<\/strong>, la riquesa <strong>agr\u00edcola i ramadera<\/strong> del passat es va basar en una realitat que no \u00e9s conforme a les condicions i als recursos existents a la zona. Durant anys es sobreexplotaren <strong>aq\u00fc\u00edfers<\/strong> que necesitaren centenars de milers d&#8217;anys per crear-se, desenvolupant-se una <strong>agricultura de regadiu<\/strong> impr\u00f2pia per el clima semides\u00e8rtic d&#8217;aquesta zona del sud de <strong>Mallorca<\/strong>, amb una <strong>pluviometria<\/strong> anual d\u2019uns 400 mm.<\/p>\n<p style=\"text-align: justify;\">Aquesta ruptura de l&#8217;equilibri ha comportat conseq\u00fc\u00e8ncies en forma de <strong>mal mediambiental<\/strong>, de <strong>p\u00e8rdua de biodiversitat agr\u00edcola o ramadera<\/strong> i un impacte progressiu en arrelades activitats tradicionals. Tamb\u00e9 ha propiciat un <strong>model productiu<\/strong> en el mitj\u00e0 rural que, com en altres \u00e0mbits i sectors, comporta una nociva i excessiva depend\u00e8ncia dels <strong>combustibles f\u00f2ssils<\/strong> que, en un context com l&#8217;actual de <strong>crisi, especulaci\u00f3 i pujada de preus<\/strong>, fan inviable el desenvolupament d\u2019una activitat agr\u00edcola-ramadera <strong>rendible<\/strong>.<\/p>\n<p style=\"text-align: center;\"><a href=\"http:\/\/ecomuseosonllado.com\/proyecto\/ecologia\/attachment\/sony-dsc-6\/\" rel=\"attachment wp-att-66\"><img decoding=\"async\" class=\"lazyload aligncenter size-full wp-image-66\" alt=\"Ecomuseo Son Llad\u00f3\" src=\"data:image\/gif;base64,R0lGODlhAQABAAAAACH5BAEKAAEALAAAAAABAAEAAAICTAEAOw==\" data-orig-src=\"http:\/\/ecomuseosonllado.com\/wp-content\/uploads\/2012\/12\/sonllado_more-8.jpg\" \/><\/a><\/p>\n<p style=\"text-align: justify;\">Davant aquesta situaci\u00f3, es fa necess\u00e0ria una aposta decidida per tornar als or\u00edgens. Com? Mitjan\u00e7ant una estrat\u00e8gia integral per dissenyar <strong>espais i h\u00e0bitats humans sostenibles<\/strong>, que permetin imitar les relacions i els patrons de la naturalesa en totes les activitats productives i d&#8217;oci. La soluci\u00f3 passa per aconseguir que l&#8217;activitat agr\u00edcola i ramadera sigui <strong>rendible<\/strong> i, en aquest sentit, <strong>l\u2019Ecomuseu Son Llad\u00f3<\/strong> pret\u00e9n prendre un rol protagonista en aquest \u00e0mbit d&#8217;actuaci\u00f3, tractant de possar en pr\u00e0ctica alternatives i un altre <strong>model de gesti\u00f3 agr\u00edcola i ramadera<\/strong> sostenible i adaptat a les caracter\u00edstiques de l&#8217;entorn.<\/p>\n","protected":false},"excerpt":{"rendered":"<p> [&hellip;]<\/p>\n","protected":false},"author":1,"featured_media":0,"parent":385,"menu_order":0,"comment_status":"open","ping_status":"open","template":"","meta":{"footnotes":""},"class_list":["post-392","page","type-page","status-publish","hentry"],"acf":[],"_links":{"self":[{"href":"https:\/\/ecomuseosonllado.com\/ca\/wp-json\/wp\/v2\/pages\/392"}],"collection":[{"href":"https:\/\/ecomuseosonllado.com\/ca\/wp-json\/wp\/v2\/pages"}],"about":[{"href":"https:\/\/ecomuseosonllado.com\/ca\/wp-json\/wp\/v2\/types\/page"}],"author":[{"embeddable":true,"href":"https:\/\/ecomuseosonllado.com\/ca\/wp-json\/wp\/v2\/users\/1"}],"replies":[{"embeddable":true,"href":"https:\/\/ecomuseosonllado.com\/ca\/wp-json\/wp\/v2\/comments?post=392"}],"version-history":[{"count":1,"href":"https:\/\/ecomuseosonllado.com\/ca\/wp-json\/wp\/v2\/pages\/392\/revisions"}],"predecessor-version":[{"id":2533,"href":"https:\/\/ecomuseosonllado.com\/ca\/wp-json\/wp\/v2\/pages\/392\/revisions\/2533"}],"up":[{"embeddable":true,"href":"https:\/\/ecomuseosonllado.com\/ca\/wp-json\/wp\/v2\/pages\/385"}],"wp:attachment":[{"href":"https:\/\/ecomuseosonllado.com\/ca\/wp-json\/wp\/v2\/media?parent=392"}],"curies":[{"name":"wp","href":"https:\/\/api.w.org\/{rel}","templated":true}]}}