{"id":389,"date":"2013-01-29T12:45:52","date_gmt":"2013-01-29T12:45:52","guid":{"rendered":"http:\/\/ecomuseosonllado.com\/?page_id=389"},"modified":"2023-02-21T16:55:10","modified_gmt":"2023-02-21T16:55:10","slug":"etnografia-i-historia","status":"publish","type":"page","link":"https:\/\/ecomuseosonllado.com\/ca\/projecte\/etnografia-i-historia\/","title":{"rendered":"Etnografia i hist\u00f2ria"},"content":{"rendered":"<p style=\"text-align: justify;\">Fent un r\u00e0pid rep\u00e0s de la hist\u00f2ria recent i no tan recent de <strong>Campos<\/strong>, ens trobem amb un municipi que no ha seguit els mateixos patrons de desenvolupament que la majoria de localitats de <strong>Mallorca amb costa<\/strong>. Campos sempre ha estat un poble majorit\u00e0riament <strong>agr\u00edcola i ramader<\/strong>, on els camps de cultiu produ\u00efen en major quantitat gr\u00e0cies a l&#8217;abund\u00e0ncia <strong>d&#8217;aigua en el subs\u00f2l<\/strong>. Una circumst\u00e0ncia que es va donar en major mesura amb comparaci\u00f3 a altres municipis del Pla de Mallorca gr\u00e0cies a la poca profunditat del aq\u00fc\u00edfers del municipi de Campos.<\/p>\n<p style=\"text-align: justify;\"><a href=\"http:\/\/ecomuseosonllado.com\/proyecto\/etnografia-e-historia\/attachment\/sony-dsc-8\/\" rel=\"attachment wp-att-73\"><img decoding=\"async\" class=\"lazyload alignleft size-full wp-image-73\" alt=\"Ecomuseo Son Llad\u00f3\" src=\"data:image\/gif;base64,R0lGODlhAQABAAAAACH5BAEKAAEALAAAAAABAAEAAAICTAEAOw==\" data-orig-src=\"http:\/\/ecomuseosonllado.com\/wp-content\/uploads\/2012\/12\/sonllado_more-260.jpg\" \/><\/a><\/p>\n<p style=\"text-align: justify;\">Les <strong>s\u00ednies<\/strong> i els <strong>molins de vent <\/strong>per l\u2019extracci\u00f3 d\u2019aigua van permetre desenvolupar una agricultura de regadiu amb explotacions ramaderes anexes que varen anar guanyant\u00a0 importancia gr\u00e0cies a l\u2019augment de pastures per a les <strong>vaques<\/strong> o les <em><strong>ovelles rojes mallorquines<\/strong><\/em> productores de <strong>llet<\/strong>, s\u00edmbols del municipi durant d\u00e8cades. Aquesta riquesa agr\u00e0ria i ramadera va fer que els campaners, a difer\u00e8ncia del fenomen puixant que van experimentar altres pobles amb costa des de la d\u00e8cada dels 60, no tinguessin massa pressa per <strong>adaptar el seu municipi a les demandes tur\u00edstiques<\/strong>. Aquesta \u00e9s una de les raons per les quals la costa de <strong>Campos<\/strong> \u00e9s una de les millors conservades de l\u2019illa, encara que tamb\u00e9 ha estat fruit de diferents <strong>conflictes socials<\/strong>, enfrontant una part de la societat i sectors ecologistes que han defensat la seva <strong>conservaci\u00f3<\/strong> amb una altra part de la poblaci\u00f3, frustrada davant el menor <strong>desenvolupament econ\u00f2mic i tur\u00edstic<\/strong>.<\/p>\n<p style=\"text-align: justify;\">Amb l&#8217;impuls del <strong>combustibles di\u00e8sel<\/strong> primer i de les <strong>solucions el\u00e8ctriques<\/strong> despr\u00e9s, l&#8217;extracci\u00f3 d&#8217;aigua es va arribar a multiplicar per tres i, fins i tot, per quatre. La sobreexplotaci\u00f3 dels aq\u00fc\u00edfers va provocar una <strong>intrusi\u00f3 marina<\/strong> amb la conseq\u00fcent <strong>salinitzaci\u00f3<\/strong> dels mateixos. Amb aquestes circumst\u00e0ncies, la falta de rentabilitat i els processos t\u00edpics a qualsevol zona rural en les \u00faltimes d\u00e8cades, lligats al progressiu despoblament, a l&#8217;\u00e8xode rural i a la conseq\u00fcent ruptura del <strong>teixit social i productiu<\/strong>, la situaci\u00f3 a Campos va canviar dr\u00e0sticament. La tend\u00e8ncia des de llavors ha estat clara: a poc a poc ha anat desapareixent <strong>l&#8217;agricultura de regadiu<\/strong>, la m\u00e9s adient en quant a rentabilitat a la conca mediterr\u00e0nia. Sense ella, les possibilitats de creixement i de desenvolupament rural al municipi s&#8217;han delmat.<\/p>\n","protected":false},"excerpt":{"rendered":"<p> [&hellip;]<\/p>\n","protected":false},"author":1,"featured_media":0,"parent":385,"menu_order":0,"comment_status":"open","ping_status":"open","template":"","meta":{"footnotes":""},"class_list":["post-389","page","type-page","status-publish","hentry"],"acf":[],"_links":{"self":[{"href":"https:\/\/ecomuseosonllado.com\/ca\/wp-json\/wp\/v2\/pages\/389"}],"collection":[{"href":"https:\/\/ecomuseosonllado.com\/ca\/wp-json\/wp\/v2\/pages"}],"about":[{"href":"https:\/\/ecomuseosonllado.com\/ca\/wp-json\/wp\/v2\/types\/page"}],"author":[{"embeddable":true,"href":"https:\/\/ecomuseosonllado.com\/ca\/wp-json\/wp\/v2\/users\/1"}],"replies":[{"embeddable":true,"href":"https:\/\/ecomuseosonllado.com\/ca\/wp-json\/wp\/v2\/comments?post=389"}],"version-history":[{"count":1,"href":"https:\/\/ecomuseosonllado.com\/ca\/wp-json\/wp\/v2\/pages\/389\/revisions"}],"predecessor-version":[{"id":2534,"href":"https:\/\/ecomuseosonllado.com\/ca\/wp-json\/wp\/v2\/pages\/389\/revisions\/2534"}],"up":[{"embeddable":true,"href":"https:\/\/ecomuseosonllado.com\/ca\/wp-json\/wp\/v2\/pages\/385"}],"wp:attachment":[{"href":"https:\/\/ecomuseosonllado.com\/ca\/wp-json\/wp\/v2\/media?parent=389"}],"curies":[{"name":"wp","href":"https:\/\/api.w.org\/{rel}","templated":true}]}}