{"id":385,"date":"2013-01-29T12:43:06","date_gmt":"2013-01-29T12:43:06","guid":{"rendered":"http:\/\/ecomuseosonllado.com\/?page_id=385"},"modified":"2023-02-21T16:55:10","modified_gmt":"2023-02-21T16:55:10","slug":"projecte","status":"publish","type":"page","link":"https:\/\/ecomuseosonllado.com\/ca\/projecte\/","title":{"rendered":"Projecte"},"content":{"rendered":"<p><div class=\"fusion-fullwidth fullwidth-box fusion-builder-row-1 fusion-flex-container nonhundred-percent-fullwidth non-hundred-percent-height-scrolling\" style=\"--awb-background-position:left top;--awb-border-radius-top-left:0px;--awb-border-radius-top-right:0px;--awb-border-radius-bottom-right:0px;--awb-border-radius-bottom-left:0px;--awb-padding-top:20px;--awb-padding-right:0px;--awb-padding-bottom:20px;--awb-padding-left:0px;--awb-border-sizes-top:0px;--awb-border-sizes-bottom:0px;\" ><div class=\"fusion-builder-row fusion-row fusion-flex-align-items-flex-start\" style=\"max-width:1144px;margin-left: calc(-4% \/ 2 );margin-right: calc(-4% \/ 2 );\"><div class=\"fusion-layout-column fusion_builder_column fusion-builder-column-0 fusion_builder_column_1_1 1_1 fusion-flex-column fusion-flex-align-self-flex-start fusion-column-no-min-height\" style=\"--awb-bg-size:cover;--awb-width-large:100%;--awb-margin-top-large:0px;--awb-spacing-right-large:1.92%;--awb-margin-bottom-large:0px;--awb-spacing-left-large:1.92%;--awb-width-medium:100%;--awb-spacing-right-medium:1.92%;--awb-spacing-left-medium:1.92%;--awb-width-small:100%;--awb-spacing-right-small:1.92%;--awb-spacing-left-small:1.92%;\"><div class=\"fusion-column-wrapper fusion-flex-justify-content-flex-start fusion-content-layout-column\"><div class=\"fusion-image-element \" style=\"--awb-caption-title-size:var(--h2_typography-font-size);--awb-caption-title-transform:var(--h2_typography-text-transform);--awb-caption-title-line-height:var(--h2_typography-line-height);--awb-caption-title-letter-spacing:var(--h2_typography-letter-spacing);\"><span class=\" fusion-imageframe imageframe-none imageframe-1 hover-type-none\"><img decoding=\"async\" alt=\"ecomuseo son llad\u00f3\" src=\"data:image\/gif;base64,R0lGODlhAQABAAAAACH5BAEKAAEALAAAAAABAAEAAAICTAEAOw==\" data-orig-src=\"http:\/\/ecomuseosonllado.com\/wp-content\/uploads\/2012\/12\/ecomuseo-general1.jpg\" class=\"lazyload img-responsive\"\/><\/span><\/div><div class=\"fusion-separator fusion-full-width-sep\" style=\"align-self: center;margin-left: auto;margin-right: auto;margin-top:8px;margin-bottom:8px;width:100%;\"><\/div><div class=\"fusion-text fusion-text-1\"><h3 style=\"text-align: justify;\"><strong>L\u2019Ecomuseu Etnogr\u00e0fic del Patrimoni Rural de Campos<\/strong> \u00e9s una iniciativa gestionada des de i per <strong><a href=\"http:\/\/agroturismesonllado.com\/\" target=\"_blank\" rel=\"noopener\">l\u2019agroturisme Son Llad\u00f3<\/a><\/strong>.<\/h3>\n<h3 style=\"text-align: justify;\">Es tracta d\u2019una innovadora iniciativa amb un\u00a0triple vessant ecol\u00f2gic, etnogr\u00e0fic i cultural, amb l\u2019objectiu principal de\u00a0valoritzar el patrimoni material i immaterial\u00a0lligat a la\u00a0tradici\u00f3 agr\u00edcola i ramadera\u00a0del municipi de <strong>Campos<\/strong> (sud de <strong>Mallorca<\/strong>), que est\u00e0 en clar risc de desaparici\u00f3. La seva posada en valor resulta clau per fomentar una\u00a0gesti\u00f3 integral i sostenible\u00a0de l\u2019ecosistema on est\u00e0 situat\u00a0<strong>l\u2019agroturisme Son Llad\u00f3<\/strong>, que no nom\u00e9s es redueix a atributs mediambientals i ecol\u00f2gics, sin\u00f3 tamb\u00e9 a l\u2019equilibri de la incid\u00e8ncia de la m\u00e0 de l\u2019home sobre ells.<\/h3>\n<\/div><div class=\"fusion-separator fusion-full-width-sep\" style=\"align-self: center;margin-left: auto;margin-right: auto;margin-top:8px;margin-bottom:8px;width:100%;\"><\/div><\/div><\/div><div class=\"fusion-layout-column fusion_builder_column fusion-builder-column-1 fusion_builder_column_1_3 1_3 fusion-flex-column\" style=\"--awb-bg-size:cover;--awb-width-large:33.333333333333%;--awb-margin-top-large:0px;--awb-spacing-right-large:5.76%;--awb-margin-bottom-large:0px;--awb-spacing-left-large:5.76%;--awb-width-medium:100%;--awb-spacing-right-medium:1.92%;--awb-spacing-left-medium:1.92%;--awb-width-small:100%;--awb-spacing-right-small:1.92%;--awb-spacing-left-small:1.92%;\"><div class=\"fusion-column-wrapper fusion-flex-justify-content-flex-start fusion-content-layout-column\"><div class=\"fusion-counters-circle counters-circle\" data-animationOffset=\"top-into-view\"><div class=\"counter-circle-wrapper\" style=\"--awb-font-size:56.818181818182px;--awb-size:250px;\" data-originalsize=\"250\"><div class=\"fusion-counter-circle counter-circle counter-circle-content\" data-percent=\"100\" data-countdown=\"\" data-filledcolor=\"rgba(43,112,125,1)\" data-unfilledcolor=\"rgba(250,249,246,1)\" data-scale=\"\" data-size=\"250\" data-speed=\"1500\" data-strokesize=\"12.5\"><div class=\"fusion-counter-circle-content-inner\">Ecologia<\/div><\/div><\/div><\/div><\/div><\/div><div class=\"fusion-layout-column fusion_builder_column fusion-builder-column-2 fusion_builder_column_1_3 1_3 fusion-flex-column\" style=\"--awb-bg-size:cover;--awb-width-large:33.333333333333%;--awb-margin-top-large:0px;--awb-spacing-right-large:5.76%;--awb-margin-bottom-large:0px;--awb-spacing-left-large:5.76%;--awb-width-medium:100%;--awb-spacing-right-medium:1.92%;--awb-spacing-left-medium:1.92%;--awb-width-small:100%;--awb-spacing-right-small:1.92%;--awb-spacing-left-small:1.92%;\"><div class=\"fusion-column-wrapper fusion-flex-justify-content-flex-start fusion-content-layout-column\"><div class=\"fusion-counters-circle counters-circle\" data-animationOffset=\"top-into-view\"><div class=\"counter-circle-wrapper\" style=\"--awb-font-size:56.818181818182px;--awb-size:250px;\" data-originalsize=\"250\"><div class=\"fusion-counter-circle counter-circle counter-circle-content\" data-percent=\"100\" data-countdown=\"\" data-filledcolor=\"rgba(43,112,125,1)\" data-unfilledcolor=\"rgba(250,249,246,1)\" data-scale=\"\" data-size=\"250\" data-speed=\"1500\" data-strokesize=\"12.5\"><div class=\"fusion-counter-circle-content-inner\">Etnografia<\/div><\/div><\/div><\/div><\/div><\/div><div class=\"fusion-layout-column fusion_builder_column fusion-builder-column-3 fusion_builder_column_1_3 1_3 fusion-flex-column\" style=\"--awb-bg-size:cover;--awb-width-large:33.333333333333%;--awb-margin-top-large:0px;--awb-spacing-right-large:5.76%;--awb-margin-bottom-large:0px;--awb-spacing-left-large:5.76%;--awb-width-medium:100%;--awb-spacing-right-medium:1.92%;--awb-spacing-left-medium:1.92%;--awb-width-small:100%;--awb-spacing-right-small:1.92%;--awb-spacing-left-small:1.92%;\"><div class=\"fusion-column-wrapper fusion-flex-justify-content-flex-start fusion-content-layout-column\"><div class=\"fusion-counters-circle counters-circle\" data-animationOffset=\"top-into-view\"><div class=\"counter-circle-wrapper\" style=\"--awb-font-size:56.818181818182px;--awb-size:250px;\" data-originalsize=\"250\"><div class=\"fusion-counter-circle counter-circle counter-circle-content\" data-percent=\"100\" data-countdown=\"\" data-filledcolor=\"rgba(43,112,125,1)\" data-unfilledcolor=\"rgba(250,249,246,1)\" data-scale=\"\" data-size=\"250\" data-speed=\"1500\" data-strokesize=\"12.5\"><div class=\"fusion-counter-circle-content-inner\">Cultura<\/div><\/div><\/div><\/div><\/div><\/div><div class=\"fusion-layout-column fusion_builder_column fusion-builder-column-4 fusion_builder_column_1_1 1_1 fusion-flex-column fusion-flex-align-self-flex-start fusion-column-no-min-height\" style=\"--awb-bg-size:cover;--awb-width-large:100%;--awb-margin-top-large:0px;--awb-spacing-right-large:1.92%;--awb-margin-bottom-large:0px;--awb-spacing-left-large:1.92%;--awb-width-medium:100%;--awb-spacing-right-medium:1.92%;--awb-spacing-left-medium:1.92%;--awb-width-small:100%;--awb-spacing-right-small:1.92%;--awb-spacing-left-small:1.92%;\"><div class=\"fusion-column-wrapper fusion-flex-justify-content-flex-start fusion-content-layout-column\"><div class=\"fusion-separator fusion-full-width-sep\" style=\"align-self: center;margin-left: auto;margin-right: auto;margin-top:8px;margin-bottom:8px;width:100%;\"><\/div><\/div><\/div><\/div><\/div><div class=\"fusion-fullwidth fullwidth-box fusion-builder-row-2 fusion-flex-container hundred-percent-fullwidth non-hundred-percent-height-scrolling\" style=\"--awb-border-radius-top-left:0px;--awb-border-radius-top-right:0px;--awb-border-radius-bottom-right:0px;--awb-border-radius-bottom-left:0px;--awb-overflow:visible;\" ><div class=\"fusion-builder-row fusion-row fusion-flex-align-items-flex-start\" style=\"width:calc( 100% + 0px ) !important;max-width:calc( 100% + 0px ) !important;margin-left: calc(-0px \/ 2 );margin-right: calc(-0px \/ 2 );\"><div class=\"fusion-layout-column fusion_builder_column fusion-builder-column-5 fusion_builder_column_1_1 1_1 fusion-flex-column fusion-flex-align-self-flex-start fusion-column-no-min-height\" style=\"--awb-bg-size:cover;--awb-width-large:100%;--awb-margin-top-large:0px;--awb-spacing-right-large:0px;--awb-margin-bottom-large:0px;--awb-spacing-left-large:0px;--awb-width-medium:100%;--awb-spacing-right-medium:0px;--awb-spacing-left-medium:0px;--awb-width-small:100%;--awb-spacing-right-small:0px;--awb-spacing-left-small:0px;\"><div class=\"fusion-column-wrapper fusion-flex-justify-content-flex-start fusion-content-layout-column\"><div class=\"fusion-text fusion-text-2\"><h3 style=\"text-align: justify;\">Resulta fonamental i necessari fer un treball de recuperaci\u00f3 de tot el\u00a0<strong>valor material i immaterial<\/strong>\u00a0impl\u00edcit en aquest patrimoni, aix\u00ed com tamb\u00e9 el\u00a0<strong>\u201csaber fer\u201d\u00a0<\/strong>lligat a totes aquestes pr\u00e0ctiques. Encara viuen les darreres generacions que posseeixen aquesta informaci\u00f3 i la seva desaparici\u00f3 suposaria la\u00a0<strong>p\u00e8rdua de biodiversitat<\/strong>\u00a0associada a la <strong>cultura tradicional<\/strong>\u00a0de Campos. Es fa imprescindible treballar en una perspectiva multidimensional, tenint en compte una diversitat de sensibilitats claus per al futur. Per un agroturisme com\u00a0<strong>Son Llad\u00f3,<\/strong>\u00a0que dep\u00e8n d\u2019un <strong>entorn ben conservat<\/strong> en un pl\u00e0nol mediambiental i cultural, \u00e9s gaireb\u00e9 una obligaci\u00f3 prendre un paper protagonista en la <strong>gesti\u00f3 i conservaci\u00f3 de la destinaci\u00f3 <\/strong>tur\u00edstica a la que pertany i a m\u00e9s d&#8217;oferir opcions per diversificar la oferta complementaria fer aquesta m\u00e9s <strong>atractiva i aut\u00e8ntica<\/strong>.<\/h3>\n<h3 style=\"text-align: justify;\">El projecte posa en valor l\u2019ecologia, un concepte que va molt m\u00e9s enll\u00e0 de la simple defensa i protecci\u00f3 del\u00a0medi ambient i que estudia als\u00a0\u00e9ssers vius\u00a0en conjunt, al seu entorn\u00a0i la interacci\u00f3 que sorgeix d\u2019aquesta relaci\u00f3. De fet, segons el propi diccionari de la <strong>Real Acad\u00e8mia de la Llengua Espanyola (RAE)<\/strong>, l\u2019ecologia\u00a0\u00e9s una part de la\u00a0sociologia, que estudia la relaci\u00f3 entre els\u00a0grups humans i el seu ambient, tant f\u00edsic com social.<\/h3>\n<\/div><div class=\"fusion-image-element \" style=\"--awb-caption-title-size:var(--h2_typography-font-size);--awb-caption-title-transform:var(--h2_typography-text-transform);--awb-caption-title-line-height:var(--h2_typography-line-height);--awb-caption-title-letter-spacing:var(--h2_typography-letter-spacing);\"><span class=\" fusion-imageframe imageframe-none imageframe-2 hover-type-none\"><img decoding=\"async\" alt=\"ecomuseo son llad\u00f3\" src=\"data:image\/gif;base64,R0lGODlhAQABAAAAACH5BAEKAAEALAAAAAABAAEAAAICTAEAOw==\" data-orig-src=\"http:\/\/ecomuseosonllado.com\/wp-content\/uploads\/2012\/12\/proyecto.jpg\" class=\"lazyload img-responsive\"\/><\/span><\/div><div class=\"fusion-separator fusion-full-width-sep\" style=\"align-self: center;margin-left: auto;margin-right: auto;margin-top:12px;margin-bottom:8px;width:100%;\"><\/div><\/div><\/div><div class=\"fusion-layout-column fusion_builder_column fusion-builder-column-6 fusion_builder_column_1_1 1_1 fusion-flex-column fusion-flex-align-self-flex-start fusion-column-no-min-height\" style=\"--awb-bg-size:cover;--awb-width-large:100%;--awb-margin-top-large:0px;--awb-spacing-right-large:0px;--awb-margin-bottom-large:0px;--awb-spacing-left-large:0px;--awb-width-medium:100%;--awb-spacing-right-medium:0px;--awb-spacing-left-medium:0px;--awb-width-small:100%;--awb-spacing-right-small:0px;--awb-spacing-left-small:0px;\"><div class=\"fusion-column-wrapper fusion-flex-justify-content-flex-start fusion-content-layout-column\"><div class=\"fusion-title title fusion-title-1 fusion-title-text fusion-title-size-one\"><div class=\"title-sep-container title-sep-container-left fusion-no-large-visibility fusion-no-medium-visibility fusion-no-small-visibility\"><div class=\"title-sep sep-single sep-solid\" style=\"border-color:var(--awb-color3);\"><\/div><\/div><span class=\"awb-title-spacer fusion-no-large-visibility fusion-no-medium-visibility fusion-no-small-visibility\"><\/span><h1 class=\"title-heading-left fusion-responsive-typography-calculated\" style=\"margin:0;--fontSize:70;line-height:var(--awb-typography1-line-height);\">Actuacions<\/h1><span class=\"awb-title-spacer\"><\/span><div class=\"title-sep-container title-sep-container-right\"><div class=\"title-sep sep-single sep-solid\" style=\"border-color:var(--awb-color3);\"><\/div><\/div><\/div><\/div><\/div><div class=\"fusion-layout-column fusion_builder_column fusion-builder-column-7 fusion_builder_column_1_1 1_1 fusion-flex-column fusion-flex-align-self-flex-start fusion-column-no-min-height\" style=\"--awb-bg-size:cover;--awb-width-large:100%;--awb-margin-top-large:0px;--awb-spacing-right-large:0px;--awb-margin-bottom-large:0px;--awb-spacing-left-large:0px;--awb-width-medium:100%;--awb-spacing-right-medium:0px;--awb-spacing-left-medium:0px;--awb-width-small:100%;--awb-spacing-right-small:0px;--awb-spacing-left-small:0px;\"><div class=\"fusion-column-wrapper fusion-flex-justify-content-flex-start fusion-content-layout-column\"><div class=\"fusion-content-boxes content-boxes columns row fusion-columns-2 fusion-columns-total-2 fusion-content-boxes-1 content-boxes-icon-on-top content-left\" style=\"--awb-hover-accent-color:var(--awb-color4);--awb-circle-hover-accent-color:var(--awb-color4);\" data-animationOffset=\"top-into-view\"><div style=\"--awb-backgroundcolor:rgba(255,255,255,0);\" class=\"fusion-column content-box-column content-box-column content-box-column-1 col-lg-6 col-md-6 col-sm-6 fusion-content-box-hover content-box-column-first-in-row\"><div class=\"col content-box-wrapper content-wrapper link-area-link-icon content-icon-wrapper-yes icon-hover-animation-fade\" data-animationOffset=\"top-into-view\"><div class=\"heading heading-with-icon icon-left\"><div aria-hidden=\"true\" class=\"image\"><img decoding=\"async\" class=\"lazyload\" src=\"data:image\/svg+xml,%3Csvg%20xmlns%3D%27http%3A%2F%2Fwww.w3.org%2F2000%2Fsvg%27%20width%3D%27532%27%20height%3D%27532%27%20viewBox%3D%270%200%20532%20532%27%3E%3Crect%20width%3D%27532%27%20height%3D%27532%27%20fill-opacity%3D%220%22%2F%3E%3C%2Fsvg%3E\" data-orig-src=\"http:\/\/ecomuseosonllado.com\/wp-content\/uploads\/2012\/12\/espacios.jpg\" width=\"532\" height=\"532\" alt=\"\" \/><\/div><h2 class=\"content-box-heading fusion-responsive-typography-calculated\" style=\"--h2_typography-font-size:24px;--fontSize:24;line-height:1.5;\">1. Condicionament d\u2019espais<\/h2><\/div><div class=\"fusion-clearfix\"><\/div><div class=\"content-container\">\n<h4 style=\"text-align: justify;\">Restauraci\u00f3 d\u2019una part del paller i magatzem agr\u00edcola per ser emprats com a sales expositives de l\u2019Ecomuseu. Reproducci\u00f3 d\u2019una\u00a0finca tradicional de regadiu\u00a0del municipi de\u00a0<strong>Campos <\/strong>als anys 50 amb un\u00a0pou figurat, instal\u00b7lat despr\u00e9s d\u2019una restauraci\u00f3 pr\u00e8via amb un dels primers\u00a0equips d\u2019extracci\u00f3 d\u2019aigua\u00a0muntats a <strong>Campos<\/strong> que funcionava amb<strong>\u00a0<\/strong>bombes de pist\u00f3\u00a0accionades per motors de\u00a0gasoil.\u00a0Muntatge exterior d\u2019un\u00a0mol\u00ed de vent tradicional a escala, totalment equipat per bombeig d\u2019aigua dins un safareig ja existent. Dos aut\u00e8ntics s\u00edmbols emblem\u00e0tics del\u00a0paisatge rural\u00a0de <strong>Campos<\/strong>, imprescindibles per poder entendre <em>in situ<\/em> la realitat i la identitat del municipi. La resta d\u2019espais es complementa amb m\u00e0quines, eines i utensilis l\u2019\u00fas quotidi\u00e0 dels quals ha anat desapareixent amb el pas del temps, representant escenes com la matan\u00e7a del porc, l\u2019elaboraci\u00f3 del vi o diferents labors agr\u00edcoles.<\/h4>\n<\/div><\/div><\/div><div style=\"--awb-backgroundcolor:rgba(255,255,255,0);\" class=\"fusion-column content-box-column content-box-column content-box-column-2 col-lg-6 col-md-6 col-sm-6 fusion-content-box-hover content-box-column-last content-box-column-last-in-row\"><div class=\"col content-box-wrapper content-wrapper link-area-link-icon content-icon-wrapper-yes icon-hover-animation-fade\" data-animationOffset=\"top-into-view\"><div class=\"heading heading-with-icon icon-left\"><div aria-hidden=\"true\" class=\"image\"><img decoding=\"async\" class=\"lazyload\" src=\"data:image\/svg+xml,%3Csvg%20xmlns%3D%27http%3A%2F%2Fwww.w3.org%2F2000%2Fsvg%27%20width%3D%27532%27%20height%3D%27532%27%20viewBox%3D%270%200%20532%20532%27%3E%3Crect%20width%3D%27532%27%20height%3D%27532%27%20fill-opacity%3D%220%22%2F%3E%3C%2Fsvg%3E\" data-orig-src=\"http:\/\/ecomuseosonllado.com\/wp-content\/uploads\/2012\/12\/personajes.jpg\" width=\"532\" height=\"532\" alt=\"\" \/><\/div><h2 class=\"content-box-heading fusion-responsive-typography-calculated\" style=\"--h2_typography-font-size:24px;--fontSize:24;line-height:1.5;\">2. Investigaci\u00f3 i documentaci\u00f3<\/h2><\/div><div class=\"fusion-clearfix\"><\/div><div class=\"content-container\">\n<h4 style=\"text-align: justify;\">De cara a la seva posada en valor com a recursos tur\u00edstics, en la fase pr\u00e8via a la inauguraci\u00f3 de l\u2019Ecomuseu s\u2019ha realitzat un intens\u00a0treball de documentaci\u00f3\u00a0(a nivell d\u2019informaci\u00f3 i recopilaci\u00f3 de recursos fotogr\u00e0fics i audiovisuals),\u00a0restauraci\u00f3 de m\u00e0quines i eines antigues i d\u2019entrevistes personals. \u00a0Sobretot amb agents clau en el mapa rural del municipi de <strong>Campos<\/strong>, principalment pagesos, ferrers i mec\u00e0nics que ja estan en un per\u00edode avan\u00e7at d\u2019edat i amb els quals resultava imprescindible xerrar per salvaguardar tot el coneixement i saber fer lligat a pr\u00e0ctiques agr\u00edcola-ramaderes del poble. A partir d\u2019aquest estudi d\u2019investigaci\u00f3 i documentaci\u00f3, s\u2019ha elaborat un\u00a0glossari de termes, eines i t\u00e8cniques tradicionals i hist\u00f2riques relacionades, que serviran com a eix conductor de futurs recorreguts i actuacions a\u00a0<strong>l\u2019Ecomuseu Etnogr\u00e0fic del Patrimoni Rural de Campos. <\/strong><\/h4>\n<\/div><\/div><\/div><div class=\"fusion-clearfix\"><\/div><\/div><\/div><\/div><div class=\"fusion-layout-column fusion_builder_column fusion-builder-column-8 fusion_builder_column_1_1 1_1 fusion-flex-column fusion-flex-align-self-flex-start fusion-column-no-min-height\" style=\"--awb-bg-size:cover;--awb-width-large:100%;--awb-margin-top-large:0px;--awb-spacing-right-large:0px;--awb-margin-bottom-large:0px;--awb-spacing-left-large:0px;--awb-width-medium:100%;--awb-spacing-right-medium:0px;--awb-spacing-left-medium:0px;--awb-width-small:100%;--awb-spacing-right-small:0px;--awb-spacing-left-small:0px;\"><div class=\"fusion-column-wrapper fusion-flex-justify-content-flex-start fusion-content-layout-column\"><div class=\"fusion-content-boxes content-boxes columns row fusion-columns-2 fusion-columns-total-2 fusion-content-boxes-2 content-boxes-icon-on-top content-left\" style=\"--awb-hover-accent-color:var(--awb-color4);--awb-circle-hover-accent-color:var(--awb-color4);\" data-animationOffset=\"top-into-view\"><div style=\"--awb-backgroundcolor:rgba(255,255,255,0);\" class=\"fusion-column content-box-column content-box-column content-box-column-1 col-lg-6 col-md-6 col-sm-6 fusion-content-box-hover content-box-column-first-in-row\"><div class=\"col content-box-wrapper content-wrapper link-area-link-icon content-icon-wrapper-yes icon-hover-animation-fade\" data-animationOffset=\"top-into-view\"><div class=\"heading heading-with-icon icon-left\"><div aria-hidden=\"true\" class=\"image\"><img decoding=\"async\" class=\"lazyload\" src=\"data:image\/svg+xml,%3Csvg%20xmlns%3D%27http%3A%2F%2Fwww.w3.org%2F2000%2Fsvg%27%20width%3D%27532%27%20height%3D%27532%27%20viewBox%3D%270%200%20532%20532%27%3E%3Crect%20width%3D%27532%27%20height%3D%27532%27%20fill-opacity%3D%220%22%2F%3E%3C%2Fsvg%3E\" data-orig-src=\"http:\/\/ecomuseosonllado.com\/wp-content\/uploads\/2012\/12\/educacion.jpg\" width=\"532\" height=\"532\" alt=\"\" \/><\/div><h2 class=\"content-box-heading fusion-responsive-typography-calculated\" style=\"--h2_typography-font-size:24px;--fontSize:24;line-height:1.5;\">3. \u00c0mbit educatiu<\/h2><\/div><div class=\"fusion-clearfix\"><\/div><div class=\"content-container\">\n<h4 style=\"text-align: justify;\">El vessant educatiu ser\u00e0 un dels eixos fonamentals del projecte. Es treballar\u00e0 en diferents\u00a0<strong>unitats did\u00e0ctiques<\/strong>, adaptant els futurs continguts a visites escolars, amb un treball impl\u00edcit de forma pr\u00e8via i posterior a la visita. L\u2019objectiu \u00e9s desenvolupar un component educacional des d\u2019edats primerenques al voltant de l\u2019estima de la\u00a0<strong>identitat rural\u00a0<\/strong>que els envolta, en aquest cas de Campos, on els nens puguin aprendre de forma pr\u00e0ctica q\u00fcestions relacionades amb\u00a0<strong>el patrimoni natural, la cultura i el seu valor etnogr\u00e0fic<\/strong>. Tot aix\u00f2 introduint valors lligats a la pr\u00e0ctica d\u2019un\u00a0<strong>turisme sostenible<\/strong>\u00a0perqu\u00e8, d\u2019alguna manera, puguin aprendre sense adonar-se que existeixen diferents societats, i que cada regi\u00f3 t\u00e9 les seves pr\u00f2pies caracter\u00edstiques i costums. Tot aix\u00f2 contribuir\u00e0 a crear en el nen una actitud\u00a0<strong>oberta i tolerant cap als altres<\/strong>, ampliar\u00e0 la seva curiositat per tot all\u00f2 que \u00e9s ali\u00e8 al seu entorn social i posar\u00e0 els fonaments pel que pot ser un viatge responsable i integrador amb els llocs que visiti en el futur.<\/h4>\n<\/div><\/div><\/div><div style=\"--awb-backgroundcolor:rgba(255,255,255,0);\" class=\"fusion-column content-box-column content-box-column content-box-column-2 col-lg-6 col-md-6 col-sm-6 fusion-content-box-hover content-box-column-last content-box-column-last-in-row\"><div class=\"col content-box-wrapper content-wrapper link-area-link-icon content-icon-wrapper-yes icon-hover-animation-fade\" data-animationOffset=\"top-into-view\"><div class=\"heading heading-with-icon icon-left\"><div aria-hidden=\"true\" class=\"image\"><img decoding=\"async\" class=\"lazyload\" src=\"data:image\/svg+xml,%3Csvg%20xmlns%3D%27http%3A%2F%2Fwww.w3.org%2F2000%2Fsvg%27%20width%3D%27532%27%20height%3D%27532%27%20viewBox%3D%270%200%20532%20532%27%3E%3Crect%20width%3D%27532%27%20height%3D%27532%27%20fill-opacity%3D%220%22%2F%3E%3C%2Fsvg%3E\" data-orig-src=\"http:\/\/ecomuseosonllado.com\/wp-content\/uploads\/2012\/12\/paisajismo-comestible.jpg\" width=\"532\" height=\"532\" alt=\"\" \/><\/div><h2 class=\"content-box-heading fusion-responsive-typography-calculated\" style=\"--h2_typography-font-size:24px;--fontSize:24;line-height:1.5;\">4. Paisatgisme comestible<\/h2><\/div><div class=\"fusion-clearfix\"><\/div><div class=\"content-container\">\n<h4 style=\"text-align: justify;\">El projecte al voltant de <strong>l\u2019Ecomuseu Etnogr\u00e0fic del Patrimoni Rural de Campos<\/strong> est\u00e0 viu, pret\u00e9n ser din\u00e0mic. L\u2019objectiu \u00e9s la implementaci\u00f3 d\u2019un sistema agr\u00edcola-ramader sostenible i adaptat a les condicions reals de l\u2019entorn, aplicant t\u00e8cniques pel disseny d\u2019un bosc comestible seguint patrons i m\u00e8todes de permacultura. Tot aix\u00f2 amb l\u2019objectiu de ser capa\u00e7os de reproduir un ecosistema agr\u00edcola que produeixi\u00a0menjar\u00a0i aporti\u00a0riquesa mediambiental i ecol\u00f2gica. Buscant una projecci\u00f3 a llarg termini, es combinaran esp\u00e8cies\u00a0d\u2019arbres amb arbustos i plantes, adaptades a les condicions\u00a0clim\u00e0tiques, paisatg\u00edstiques i naturals\u00a0de la\u00a0<strong>Finca Son Llad\u00f3<\/strong>, per obtenir aix\u00ed un ecosistema m\u00e9s resistent als\u00a0recursos, a la\u00a0pluviometria\u00a0de la zona i menys depenent dels\u00a0combustibles f\u00f2ssils. Tot aix\u00f2 tractant de millorar fins i tot els rendiments dels\u00a0sistemes naturals, buscant\u00a0connexions simbi\u00f2tiques\u00a0que millorin les propietats de cadascun dels elements i \u00e9ssers vius, dissenyant un\u00a0h\u00e0bitat agradable\u00a0i un\u00a0model agr\u00edcola-ramader\u00a0en perfecte equilibri.<\/h4>\n<\/div><\/div><\/div><div class=\"fusion-clearfix\"><\/div><\/div><\/div><\/div><\/div><\/div><\/p>\n","protected":false},"excerpt":{"rendered":"","protected":false},"author":1,"featured_media":0,"parent":0,"menu_order":0,"comment_status":"open","ping_status":"open","template":"","meta":{"footnotes":""},"class_list":["post-385","page","type-page","status-publish","hentry"],"acf":[],"_links":{"self":[{"href":"https:\/\/ecomuseosonllado.com\/ca\/wp-json\/wp\/v2\/pages\/385"}],"collection":[{"href":"https:\/\/ecomuseosonllado.com\/ca\/wp-json\/wp\/v2\/pages"}],"about":[{"href":"https:\/\/ecomuseosonllado.com\/ca\/wp-json\/wp\/v2\/types\/page"}],"author":[{"embeddable":true,"href":"https:\/\/ecomuseosonllado.com\/ca\/wp-json\/wp\/v2\/users\/1"}],"replies":[{"embeddable":true,"href":"https:\/\/ecomuseosonllado.com\/ca\/wp-json\/wp\/v2\/comments?post=385"}],"version-history":[{"count":1,"href":"https:\/\/ecomuseosonllado.com\/ca\/wp-json\/wp\/v2\/pages\/385\/revisions"}],"predecessor-version":[{"id":2535,"href":"https:\/\/ecomuseosonllado.com\/ca\/wp-json\/wp\/v2\/pages\/385\/revisions\/2535"}],"wp:attachment":[{"href":"https:\/\/ecomuseosonllado.com\/ca\/wp-json\/wp\/v2\/media?parent=385"}],"curies":[{"name":"wp","href":"https:\/\/api.w.org\/{rel}","templated":true}]}}