{"id":380,"date":"2013-01-29T12:40:02","date_gmt":"2013-01-29T12:40:02","guid":{"rendered":"http:\/\/ecomuseosonllado.com\/?page_id=380"},"modified":"2023-02-21T16:55:10","modified_gmt":"2023-02-21T16:55:10","slug":"qui-som-agroturisme-son-llado","status":"publish","type":"page","link":"https:\/\/ecomuseosonllado.com\/ca\/qui-som-agroturisme-son-llado\/","title":{"rendered":"Agroturisme Son Llado"},"content":{"rendered":"<div class=\"fusion-fullwidth fullwidth-box fusion-builder-row-1 fusion-flex-container nonhundred-percent-fullwidth non-hundred-percent-height-scrolling\" style=\"--awb-background-position:left top;--awb-border-radius-top-left:0px;--awb-border-radius-top-right:0px;--awb-border-radius-bottom-right:0px;--awb-border-radius-bottom-left:0px;--awb-padding-top:20px;--awb-padding-right:0px;--awb-padding-bottom:20px;--awb-padding-left:0px;--awb-border-sizes-top:0px;--awb-border-sizes-bottom:0px;\" ><div class=\"fusion-builder-row fusion-row fusion-flex-align-items-flex-start\" style=\"max-width:1144px;margin-left: calc(-4% \/ 2 );margin-right: calc(-4% \/ 2 );\"><div class=\"fusion-layout-column fusion_builder_column fusion-builder-column-0 fusion_builder_column_1_2 1_2 fusion-flex-column\" style=\"--awb-bg-size:cover;--awb-width-large:50%;--awb-margin-top-large:0px;--awb-spacing-right-large:3.84%;--awb-margin-bottom-large:0px;--awb-spacing-left-large:3.84%;--awb-width-medium:100%;--awb-spacing-right-medium:1.92%;--awb-spacing-left-medium:1.92%;--awb-width-small:100%;--awb-spacing-right-small:1.92%;--awb-spacing-left-small:1.92%;\"><div class=\"fusion-column-wrapper fusion-flex-justify-content-flex-start fusion-content-layout-column\"><div class=\"fusion-text fusion-text-1\"><h3 style=\"text-align: justify;\"><strong>L\u2019Ecomuseu Etnogr\u00e0fic del Patrimoni Rural de Campos<\/strong>\u00a0\u00e9s una iniciativa de\u00a0<strong><a href=\"http:\/\/www.agroturismesonllado.com\" target=\"_blank\" rel=\"noopener\">l\u2019agroturisme Son Llad\u00f3<\/a><\/strong>, una finca agr\u00edcola d\u2019explotaci\u00f3 familiar activa, amb diverses cases o apartaments rurals pel lloguer tur\u00edstic situada al municipi de Campos\u00a0<strong>(Mallorca)<\/strong>. Es tracta d\u2019una aut\u00e8ntica\u00a0<strong>possessi\u00f3 mallorquina<\/strong><em>, <\/em>les edificacions de la qual daten del segle XVIII i que, d&#8217;en\u00e7\u00e0 l\u2019any 2000, a m\u00e9s de desenvolupar les\u00a0<strong>activitats agr\u00edcola-ramaderes<\/strong>\u00a0pr\u00f2pies, disposa d\u2019una <strong>atractiva oferta tur\u00edstica<\/strong>, a\u00a0un lloc privilegiat de\u00a0<strong>Mallorca<\/strong>.<\/h3>\n<h3 style=\"text-align: justify;\">Amb una guarda\u00a0<strong>d\u2019ovelles<\/strong>, que justifica l\u2019activitat\u00a0<strong>agr\u00edcola-ramadera<\/strong>, sota sistema de pasturatge tradicional i cria de xots ecol\u00f2gica, la intenci\u00f3 de\u00a0<strong>l\u2019agroturisme S\u00f3n Llad\u00f3<\/strong>\u00a0des dels seus or\u00edgens ha estat ferma i decidida per un <strong>turisme rural<\/strong> diferent, lligat a la identitat del lloc on est\u00e0 situat. La finca compta amb 23 Ha que es conreen de sec\u00e0, destinant els productes que s\u2019obtenen a\u00a0<strong>l\u2019alimentaci\u00f3 del bestiar<\/strong>\u00a0existent a la finca (ovelles, cavalls, gallines, \u00e0necs,\u2026), sent autosuficients.<\/h3>\n<\/div><\/div><\/div><div class=\"fusion-layout-column fusion_builder_column fusion-builder-column-1 fusion_builder_column_1_2 1_2 fusion-flex-column\" style=\"--awb-bg-size:cover;--awb-width-large:50%;--awb-margin-top-large:0px;--awb-spacing-right-large:3.84%;--awb-margin-bottom-large:0px;--awb-spacing-left-large:3.84%;--awb-width-medium:100%;--awb-spacing-right-medium:1.92%;--awb-spacing-left-medium:1.92%;--awb-width-small:100%;--awb-spacing-right-small:1.92%;--awb-spacing-left-small:1.92%;\"><div class=\"fusion-column-wrapper fusion-flex-justify-content-flex-start fusion-content-layout-column\"><div class=\"fusion-image-element \" style=\"--awb-caption-title-size:var(--h2_typography-font-size);--awb-caption-title-transform:var(--h2_typography-text-transform);--awb-caption-title-line-height:var(--h2_typography-line-height);--awb-caption-title-letter-spacing:var(--h2_typography-letter-spacing);\"><span class=\" fusion-imageframe imageframe-none imageframe-1 hover-type-none\"><img decoding=\"async\" src=\"data:image\/gif;base64,R0lGODlhAQABAAAAACH5BAEKAAEALAAAAAABAAEAAAICTAEAOw==\" data-orig-src=\"http:\/\/ecomuseosonllado.com\/wp-content\/uploads\/2012\/12\/fachada-br.jpg\" alt class=\"lazyload img-responsive\"\/><\/span><\/div><\/div><\/div><div class=\"fusion-layout-column fusion_builder_column fusion-builder-column-2 fusion_builder_column_1_1 1_1 fusion-flex-column fusion-flex-align-self-flex-start fusion-column-no-min-height\" style=\"--awb-bg-size:cover;--awb-width-large:100%;--awb-margin-top-large:0px;--awb-spacing-right-large:1.92%;--awb-margin-bottom-large:0px;--awb-spacing-left-large:1.92%;--awb-width-medium:100%;--awb-spacing-right-medium:1.92%;--awb-spacing-left-medium:1.92%;--awb-width-small:100%;--awb-spacing-right-small:1.92%;--awb-spacing-left-small:1.92%;\"><div class=\"fusion-column-wrapper fusion-flex-justify-content-flex-start fusion-content-layout-column\"><div class=\"fusion-title title fusion-title-1 fusion-title-text fusion-title-size-two\"><div class=\"title-sep-container title-sep-container-left fusion-no-large-visibility fusion-no-medium-visibility fusion-no-small-visibility\"><div class=\"title-sep sep-single sep-solid\" style=\"border-color:var(--awb-color3);\"><\/div><\/div><span class=\"awb-title-spacer fusion-no-large-visibility fusion-no-medium-visibility fusion-no-small-visibility\"><\/span><h2 class=\"title-heading-left fusion-responsive-typography-calculated\" style=\"margin:0;--fontSize:60;line-height:1.5;\">Filosofia de l&#8217;agroturisme Son Llad\u00f3<\/h2><span class=\"awb-title-spacer\"><\/span><div class=\"title-sep-container title-sep-container-right\"><div class=\"title-sep sep-single sep-solid\" style=\"border-color:var(--awb-color3);\"><\/div><\/div><\/div><\/div><\/div><div class=\"fusion-layout-column fusion_builder_column fusion-builder-column-3 fusion_builder_column_1_1 1_1 fusion-flex-column fusion-flex-align-self-flex-start fusion-column-no-min-height\" style=\"--awb-bg-size:cover;--awb-width-large:100%;--awb-margin-top-large:0px;--awb-spacing-right-large:1.92%;--awb-margin-bottom-large:0px;--awb-spacing-left-large:1.92%;--awb-width-medium:100%;--awb-spacing-right-medium:1.92%;--awb-spacing-left-medium:1.92%;--awb-width-small:100%;--awb-spacing-right-small:1.92%;--awb-spacing-left-small:1.92%;\"><div class=\"fusion-column-wrapper fusion-flex-justify-content-flex-start fusion-content-layout-column\"><div class=\"fusion-video fusion-youtube\" style=\"--awb-max-width:600px;--awb-max-height:350px;\"><div class=\"video-shortcode\"><lite-youtube videoid=\"MpQUtc7FeCg\" class=\"landscape\" params=\"wmode=transparent&autoplay=1&enablejsapi=1\" title=\"YouTube video player 1\"><\/lite-youtube><\/div><\/div><div class=\"fusion-separator fusion-full-width-sep\" style=\"align-self: center;margin-left: auto;margin-right: auto;margin-top:12px;margin-bottom:8px;width:100%;\"><div class=\"fusion-separator-border sep-single sep-solid\" style=\"--awb-height:20px;--awb-amount:20px;border-color:var(--awb-color3);border-top-width:0px;\"><\/div><\/div><\/div><\/div><div class=\"fusion-layout-column fusion_builder_column fusion-builder-column-4 fusion_builder_column_1_2 1_2 fusion-flex-column\" style=\"--awb-bg-size:cover;--awb-width-large:50%;--awb-margin-top-large:0px;--awb-spacing-right-large:3.84%;--awb-margin-bottom-large:0px;--awb-spacing-left-large:3.84%;--awb-width-medium:100%;--awb-spacing-right-medium:1.92%;--awb-spacing-left-medium:1.92%;--awb-width-small:100%;--awb-spacing-right-small:1.92%;--awb-spacing-left-small:1.92%;\"><div class=\"fusion-column-wrapper fusion-flex-justify-content-flex-start fusion-content-layout-column\"><div class=\"fusion-image-element \" style=\"--awb-caption-title-size:var(--h2_typography-font-size);--awb-caption-title-transform:var(--h2_typography-text-transform);--awb-caption-title-line-height:var(--h2_typography-line-height);--awb-caption-title-letter-spacing:var(--h2_typography-letter-spacing);\"><span class=\" fusion-imageframe imageframe-none imageframe-2 hover-type-none\"><img decoding=\"async\" src=\"data:image\/gif;base64,R0lGODlhAQABAAAAACH5BAEKAAEALAAAAAABAAEAAAICTAEAOw==\" data-orig-src=\"http:\/\/ecomuseosonllado.com\/wp-content\/uploads\/2012\/12\/sonllado_more-3.jpg\" alt class=\"lazyload img-responsive\"\/><\/span><\/div><\/div><\/div><div class=\"fusion-layout-column fusion_builder_column fusion-builder-column-5 fusion_builder_column_1_2 1_2 fusion-flex-column\" style=\"--awb-bg-size:cover;--awb-width-large:50%;--awb-margin-top-large:0px;--awb-spacing-right-large:3.84%;--awb-margin-bottom-large:0px;--awb-spacing-left-large:3.84%;--awb-width-medium:100%;--awb-spacing-right-medium:1.92%;--awb-spacing-left-medium:1.92%;--awb-width-small:100%;--awb-spacing-right-small:1.92%;--awb-spacing-left-small:1.92%;\"><div class=\"fusion-column-wrapper fusion-flex-justify-content-flex-start fusion-content-layout-column\"><div class=\"fusion-text fusion-text-2\"><h3 style=\"text-align: justify;\">Tamb\u00e9 es conreen\u00a0<strong>productes de temporada a l\u2019hort<\/strong>\u00a0(tom\u00e0tigues, pebres, alberg\u00ednies, carxofes, cebes, s\u00edndries, melons,\u2026) de manera ecol\u00f2gica i aprofitant l\u2019aigua de la pluja, recollida i emmagatzemada al safreig, regant\u00a0amb t\u00e8cniques de degoteig. L\u2019aigua utilitzada a\u00a0la casa principal (habitada pels propietaris) i la de les cases o apartaments destinats al lloguer tur\u00edstic es recicla i reutilitza mitjan\u00e7ant una\u00a0<strong>depuradora biol\u00f2gica<\/strong>, per tal de poder ser\u00a0emprada\u00a0en el reg del jard\u00ed.<\/h3>\n<h3 style=\"text-align: justify;\">A la reforma de les edificacions de la finca\u00a0<strong>Son Llad\u00f3<\/strong>\u00a0s\u2019ha tingut una especial atenci\u00f3 perqu\u00e8 aquestes no perdessin les seves caracter\u00edstiques de\u00a0<strong><em>\u201c<\/em>Possessi\u00f3<em>\u201d<\/em>\u00a0del segle XVII<\/strong>, de manera que l\u2019edifici principal no s\u2019ha destinat al lloguer tur\u00edstic, guardant \u00a0cada est\u00e0ncia la seva funci\u00f3 hist\u00f2rica habitual.<\/h3>\n<\/div><\/div><\/div><div class=\"fusion-layout-column fusion_builder_column fusion-builder-column-6 fusion_builder_column_1_1 1_1 fusion-flex-column fusion-flex-align-self-flex-start fusion-column-no-min-height\" style=\"--awb-bg-size:cover;--awb-width-large:100%;--awb-margin-top-large:0px;--awb-spacing-right-large:1.92%;--awb-margin-bottom-large:0px;--awb-spacing-left-large:1.92%;--awb-width-medium:100%;--awb-spacing-right-medium:1.92%;--awb-spacing-left-medium:1.92%;--awb-width-small:100%;--awb-spacing-right-small:1.92%;--awb-spacing-left-small:1.92%;\"><div class=\"fusion-column-wrapper fusion-flex-justify-content-flex-start fusion-content-layout-column\"><div class=\"fusion-separator fusion-full-width-sep\" style=\"align-self: center;margin-left: auto;margin-right: auto;margin-top:8px;margin-bottom:8px;width:100%;\"><div class=\"fusion-separator-border sep-single sep-solid\" style=\"--awb-height:20px;--awb-amount:20px;border-color:var(--awb-color3);border-top-width:0px;\"><\/div><\/div><div class=\"fusion-text fusion-text-3\"><h3 style=\"text-align: justify;\">S\u2019han\u00a0<strong>reciclat i reutilitzat materials<\/strong>, com per exemple els maressos situats als\u00a0antics corrals per a vaques, bous i vedells (en tancaments i menjadores) que van perdre els seu \u00fas inicial i avui conformen una barana a l\u2019escala d\u2019acc\u00e9s a un dels apartaments, prestatges, peus per a taules, jardineres, etc. Hi ha\u00a0un dels dormitoris per als clients on el cap\u00e7al del llit s\u2019ha confeccionat amb maressos de &#8220;marina&#8221; una vegada netejats i arreglats que abans es trobaven col\u00b7locats com enrajolat a una altra depend\u00e8ncia de l\u2019edificaci\u00f3.<\/h3>\n<\/div><div class=\"fusion-image-element \" style=\"text-align:center;--awb-caption-title-size:var(--h2_typography-font-size);--awb-caption-title-transform:var(--h2_typography-text-transform);--awb-caption-title-line-height:var(--h2_typography-line-height);--awb-caption-title-letter-spacing:var(--h2_typography-letter-spacing);\"><span class=\" fusion-imageframe imageframe-none imageframe-3 hover-type-none\"><img decoding=\"async\" src=\"data:image\/gif;base64,R0lGODlhAQABAAAAACH5BAEKAAEALAAAAAABAAEAAAICTAEAOw==\" data-orig-src=\"http:\/\/ecomuseosonllado.com\/wp-content\/uploads\/2012\/12\/quienes-somos1.jpg\" alt class=\"lazyload img-responsive\"\/><\/span><\/div><div class=\"fusion-text fusion-text-4\"><h3 style=\"text-align: justify;\">La cont\u00ednua implementaci\u00f3 de pol\u00edtiques i processos de gesti\u00f3 que tendeixin cap a la\u00a0<strong>sostenibilitat<\/strong>\u00a0de la finca \u00e9s una m\u00e0xima a\u00a0<strong>Son Llad\u00f3<\/strong>\u00a0en tots els \u00e0mbits d\u2019actuaci\u00f3: tant en les\u00a0<strong>pr\u00e0ctiques agr\u00edcola-ramaderes<\/strong>, com en la correcta\u00a0<strong>gesti\u00f3 dels recursos naturals o l\u2019energia<\/strong>, passant per la protecci\u00f3 i posada en valor no nom\u00e9s de\u00a0<strong>l\u2019entorn mediambiental i ecol\u00f2gic<\/strong>, sin\u00f3 tamb\u00e9 i, sobretot, del\u00a0<strong>patrimoni material i immaterial cultural i etnogr\u00e0fic<\/strong>\u00a0de Campos i de Mallorca. Gr\u00e0cies a aquesta decidida aposta, en l\u2019actualitat \u00e9s un dels allotjaments certificats sota par\u00e0metres de sostenibilitat ambiental, social, cultural i econ\u00f2mica dins la xarxa\u00a0<strong>Ceres Ecotur<\/strong>, una iniciativa pionera en\u00a0<strong>turisme rural ecol\u00f2gic a Espanya<\/strong>.<\/h3>\n<\/div><\/div><\/div><\/div><\/div>\n","protected":false},"excerpt":{"rendered":"","protected":false},"author":1,"featured_media":0,"parent":0,"menu_order":0,"comment_status":"open","ping_status":"open","template":"","meta":{"footnotes":""},"class_list":["post-380","page","type-page","status-publish","hentry"],"acf":[],"_links":{"self":[{"href":"https:\/\/ecomuseosonllado.com\/ca\/wp-json\/wp\/v2\/pages\/380"}],"collection":[{"href":"https:\/\/ecomuseosonllado.com\/ca\/wp-json\/wp\/v2\/pages"}],"about":[{"href":"https:\/\/ecomuseosonllado.com\/ca\/wp-json\/wp\/v2\/types\/page"}],"author":[{"embeddable":true,"href":"https:\/\/ecomuseosonllado.com\/ca\/wp-json\/wp\/v2\/users\/1"}],"replies":[{"embeddable":true,"href":"https:\/\/ecomuseosonllado.com\/ca\/wp-json\/wp\/v2\/comments?post=380"}],"version-history":[{"count":1,"href":"https:\/\/ecomuseosonllado.com\/ca\/wp-json\/wp\/v2\/pages\/380\/revisions"}],"predecessor-version":[{"id":2536,"href":"https:\/\/ecomuseosonllado.com\/ca\/wp-json\/wp\/v2\/pages\/380\/revisions\/2536"}],"wp:attachment":[{"href":"https:\/\/ecomuseosonllado.com\/ca\/wp-json\/wp\/v2\/media?parent=380"}],"curies":[{"name":"wp","href":"https:\/\/api.w.org\/{rel}","templated":true}]}}